{"id":19711,"date":"2025-02-07T18:54:32","date_gmt":"2025-02-07T18:54:32","guid":{"rendered":"https:\/\/garrafeiragrandeescolha.pt\/?post_type=product&#038;p=19711"},"modified":"2025-11-10T19:20:49","modified_gmt":"2025-11-10T19:20:49","slug":"isento-vinhas-velhas-tinto-2021-75cl","status":"publish","type":"product","link":"https:\/\/garrafeiragrandeescolha.pt\/fr\/produit\/isento-vinhas-velhas-tinto-2021-75cl\/","title":{"rendered":"Isento Vinhas Velhas Tinto 2021 75cl"},"content":{"rendered":"<p><img fetchpriority=\"high\" decoding=\"async\" class=\"size-medium wp-image-18274 aligncenter\" src=\"http:\/\/garrafeiragrandeescolha.pt\/wp-content\/uploads\/2023\/11\/64237bc35963b42110ce1d15_SA_VINUM_LOGO_PRETO-p-500-239x300.png\" alt=\"\" width=\"239\" height=\"300\" srcset=\"https:\/\/garrafeiragrandeescolha.pt\/wp-content\/uploads\/2023\/11\/64237bc35963b42110ce1d15_SA_VINUM_LOGO_PRETO-p-500-239x300.png 239w, https:\/\/garrafeiragrandeescolha.pt\/wp-content\/uploads\/2023\/11\/64237bc35963b42110ce1d15_SA_VINUM_LOGO_PRETO-p-500-10x12.png 10w, https:\/\/garrafeiragrandeescolha.pt\/wp-content\/uploads\/2023\/11\/64237bc35963b42110ce1d15_SA_VINUM_LOGO_PRETO-p-500.png 500w\" sizes=\"(max-width: 239px) 100vw, 239px\" \/><\/p>\n<p>Depuis toujours li\u00e9e au Douro, la famille S\u00e1 commence son parcours viticole en vendant des raisins de qualit\u00e9 issus de ses vignobles de Soutelo do Douro.<\/p>\n<p>Au fil du temps, et toujours dans un souci de qualit\u00e9, les propri\u00e9t\u00e9s se sont agrandies, sans jamais oublier les racines qui ont fait prosp\u00e9rer l&#039;entreprise, en commen\u00e7ant \u00e9galement \u00e0 produire son propre vin.<\/p>\n<p>En 2019, Sa&#039;Vinum est n\u00e9e, fruit du d\u00e9sir du plus jeune membre de la famille, Jo\u00e3o de S\u00e1, de poursuivre l&#039;entreprise laiss\u00e9e par son p\u00e8re et sa passion pour le Douro.<\/p>\n<p>Aujourd&#039;hui, la marque poss\u00e8de plusieurs propri\u00e9t\u00e9s, diff\u00e9rents types de vins et une nouvelle cave \u00e0 vin.<\/p>\n<p>&nbsp;<\/p>","protected":false},"excerpt":{"rendered":"<p>C\u00e9pages : Vinhas Velhas<\/p>\n<p>Este vinho tinto \u00e9 o reflexo da riqueza das vinhas velhas do Douro, com uma mistura de castas antigas que conferem complexidade e autenticidade. Estagiado por 14 meses em barricas de carvalho franc\u00eas, apresenta uma not\u00e1vel integra\u00e7\u00e3o entre fruta e madeira. Aromaticamente, destaca-se pela profundidade, com notas de frutos negros maduros, especiarias finas e um leve toque bals\u00e2mico. Na boca, revela-se estruturado e envolvente, com taninos aveludados, acidez equilibrada e um final longo, persistente e elegante. Um vinho que traduz a ess\u00eancia e o terroir da regi\u00e3o do Douro, perfeito para acompanhar pratos ricos e momentos especiais.<\/p>\n<p>Conclu\u00eddos todos os processos de vinifica\u00e7\u00e3o, o vinho estagia 6 meses em barricas de carvalho franc\u00eas.<\/p>\n<p>Este vinho acompanha pratos de carne, queijos e enchidos. Deve ser consumido a uma temperatura entre 16\u00b0C e os 18\u00b0C.<\/p>","protected":false},"featured_media":19712,"template":"","meta":{"_exactmetrics_skip_tracking":false,"_exactmetrics_sitenote_active":false,"_exactmetrics_sitenote_note":"","_exactmetrics_sitenote_category":0,"_uf_show_specific_survey":0,"_uf_disable_surveys":false,"iawp_total_views":134},"product_brand":[],"product_cat":[157,184,215],"product_tag":[],"class_list":{"0":"post-19711","1":"product","2":"type-product","3":"status-publish","4":"has-post-thumbnail","6":"product_cat-vinhos","7":"product_cat-tinto","8":"product_cat-douro","10":"first","11":"instock","12":"shipping-taxable","13":"purchasable","14":"product-type-simple"},"_links":{"self":[{"href":"https:\/\/garrafeiragrandeescolha.pt\/fr\/wp-json\/wp\/v2\/product\/19711","targetHints":{"allow":["GET"]}}],"collection":[{"href":"https:\/\/garrafeiragrandeescolha.pt\/fr\/wp-json\/wp\/v2\/product"}],"about":[{"href":"https:\/\/garrafeiragrandeescolha.pt\/fr\/wp-json\/wp\/v2\/types\/product"}],"wp:featuredmedia":[{"embeddable":true,"href":"https:\/\/garrafeiragrandeescolha.pt\/fr\/wp-json\/wp\/v2\/media\/19712"}],"wp:attachment":[{"href":"https:\/\/garrafeiragrandeescolha.pt\/fr\/wp-json\/wp\/v2\/media?parent=19711"}],"wp:term":[{"taxonomy":"product_brand","embeddable":true,"href":"https:\/\/garrafeiragrandeescolha.pt\/fr\/wp-json\/wp\/v2\/product_brand?post=19711"},{"taxonomy":"product_cat","embeddable":true,"href":"https:\/\/garrafeiragrandeescolha.pt\/fr\/wp-json\/wp\/v2\/product_cat?post=19711"},{"taxonomy":"product_tag","embeddable":true,"href":"https:\/\/garrafeiragrandeescolha.pt\/fr\/wp-json\/wp\/v2\/product_tag?post=19711"}],"curies":[{"name":"wp","href":"https:\/\/api.w.org\/{rel}","templated":true}]}}