{"id":19757,"date":"2025-03-06T18:07:35","date_gmt":"2025-03-06T18:07:35","guid":{"rendered":"https:\/\/garrafeiragrandeescolha.pt\/?post_type=product&#038;p=19757"},"modified":"2025-12-20T09:49:03","modified_gmt":"2025-12-20T09:49:03","slug":"herdade-dos-coteis-tinto-75cl","status":"publish","type":"product","link":"https:\/\/garrafeiragrandeescolha.pt\/fr\/produit\/herdade-dos-coteis-tinto-75cl\/","title":{"rendered":"Herdade dos Coteis Tinto 75cl"},"content":{"rendered":"<p><img decoding=\"async\" class=\"wp-image-19749 aligncenter\" src=\"http:\/\/garrafeiragrandeescolha.pt\/wp-content\/uploads\/2023\/06\/coteis-1-300x300.jpg\" alt=\"\" width=\"171\" height=\"171\" srcset=\"https:\/\/garrafeiragrandeescolha.pt\/wp-content\/uploads\/2023\/06\/coteis-1-300x300.jpg 300w, https:\/\/garrafeiragrandeescolha.pt\/wp-content\/uploads\/2023\/06\/coteis-1-150x150.jpg 150w, https:\/\/garrafeiragrandeescolha.pt\/wp-content\/uploads\/2023\/06\/coteis-1-12x12.jpg 12w, https:\/\/garrafeiragrandeescolha.pt\/wp-content\/uploads\/2023\/06\/coteis-1-600x600.jpg 600w, https:\/\/garrafeiragrandeescolha.pt\/wp-content\/uploads\/2023\/06\/coteis-1-100x100.jpg 100w, https:\/\/garrafeiragrandeescolha.pt\/wp-content\/uploads\/2023\/06\/coteis-1.jpg 678w\" sizes=\"(max-width: 171px) 100vw, 171px\" \/><\/p>\n<p>Localizada na Margem Esquerda do Guadiana, a 6 Km de Moura, esta herdade explorada pela fam\u00edlia Ven\u00e2ncio possui 300 ha de olival, 23 ha de vinha e as ovelhas que d\u00e3o origem \u00e0s mat\u00e9rias primas da melhor qualidade, para o fabrico do t\u00e3o apreciado queijo de serpa, do famoso vinho &#8220;Regional Alentejano&#8221; e do conhecido azeite virgem com a denomina\u00e7\u00e3o de origem &#8220;Azeite de Moura&#8221;, todos eles apresentados com a mesma marca: &#8220;Herdade dos Cot\u00e9is&#8221;. \u00c9 aqui que esta fam\u00edlia de agricultores se empenha dia a dia, com a m\u00e1xima dedica\u00e7\u00e3o, acompanhando todas as etapas de forma a que nada se fa\u00e7a ao acaso, desde a produ\u00e7\u00e3o \u00e0 transforma\u00e7\u00e3o terminando na comercializa\u00e7\u00e3o dos produtos da sua terra.<\/p>","protected":false},"excerpt":{"rendered":"<p>Localizada na Margem Esquerda do Guadiana, a 6 Km de Moura, esta herdade explorada pela fam\u00edlia Ven\u00e2ncio possui 300 ha de olival, 23 ha de vinha e as ovelhas que d\u00e3o origem \u00e0s mat\u00e9rias primas da melhor qualidade, para o fabrico do t\u00e3o apreciado queijo de serpa, do famoso vinho &#8220;Regional Alentejano&#8221; e do conhecido [&hellip;]<\/p>","protected":false},"featured_media":19758,"template":"","meta":{"_exactmetrics_skip_tracking":false,"_exactmetrics_sitenote_active":false,"_exactmetrics_sitenote_note":"","_exactmetrics_sitenote_category":0,"_uf_show_specific_survey":0,"_uf_disable_surveys":false,"iawp_total_views":131},"product_brand":[],"product_cat":[157,184,207],"product_tag":[],"class_list":{"0":"post-19757","1":"product","2":"type-product","3":"status-publish","4":"has-post-thumbnail","6":"product_cat-vinhos","7":"product_cat-tinto","8":"product_cat-alentejo","10":"first","11":"instock","12":"shipping-taxable","13":"purchasable","14":"product-type-simple"},"_links":{"self":[{"href":"https:\/\/garrafeiragrandeescolha.pt\/fr\/wp-json\/wp\/v2\/product\/19757","targetHints":{"allow":["GET"]}}],"collection":[{"href":"https:\/\/garrafeiragrandeescolha.pt\/fr\/wp-json\/wp\/v2\/product"}],"about":[{"href":"https:\/\/garrafeiragrandeescolha.pt\/fr\/wp-json\/wp\/v2\/types\/product"}],"wp:featuredmedia":[{"embeddable":true,"href":"https:\/\/garrafeiragrandeescolha.pt\/fr\/wp-json\/wp\/v2\/media\/19758"}],"wp:attachment":[{"href":"https:\/\/garrafeiragrandeescolha.pt\/fr\/wp-json\/wp\/v2\/media?parent=19757"}],"wp:term":[{"taxonomy":"product_brand","embeddable":true,"href":"https:\/\/garrafeiragrandeescolha.pt\/fr\/wp-json\/wp\/v2\/product_brand?post=19757"},{"taxonomy":"product_cat","embeddable":true,"href":"https:\/\/garrafeiragrandeescolha.pt\/fr\/wp-json\/wp\/v2\/product_cat?post=19757"},{"taxonomy":"product_tag","embeddable":true,"href":"https:\/\/garrafeiragrandeescolha.pt\/fr\/wp-json\/wp\/v2\/product_tag?post=19757"}],"curies":[{"name":"wp","href":"https:\/\/api.w.org\/{rel}","templated":true}]}}