{"id":19792,"date":"2025-03-21T19:30:22","date_gmt":"2025-03-21T19:30:22","guid":{"rendered":"https:\/\/garrafeiragrandeescolha.pt\/?post_type=product&#038;p=19792"},"modified":"2025-03-22T09:52:05","modified_gmt":"2025-03-22T09:52:05","slug":"porto-sandeman-vintage-1958-75cl","status":"publish","type":"product","link":"https:\/\/garrafeiragrandeescolha.pt\/fr\/produit\/porto-sandeman-vintage-1958-75cl\/","title":{"rendered":"Porto Sandeman Vintage 1958 75cl"},"content":{"rendered":"<p><img fetchpriority=\"high\" decoding=\"async\" class=\"size-medium wp-image-15454 aligncenter\" src=\"http:\/\/garrafeiragrandeescolha.pt\/wp-content\/uploads\/2022\/02\/sandeman-logo-225x300.jpg\" alt=\"\" width=\"225\" height=\"300\" srcset=\"https:\/\/garrafeiragrandeescolha.pt\/wp-content\/uploads\/2022\/02\/sandeman-logo-225x300.jpg 225w, https:\/\/garrafeiragrandeescolha.pt\/wp-content\/uploads\/2022\/02\/sandeman-logo.jpg 286w\" sizes=\"(max-width: 225px) 100vw, 225px\" \/><\/p>","protected":false},"excerpt":{"rendered":"<p>O Sandeman 1958 Vintage Port \u00e9 um vinho ador\u00e1vel para beber agora. 1958 foi uma colheita relativamente pequena que n\u00e3o foi t\u00e3o amplamente declarada quanto as de 1955 ou 1960. De corpo m\u00e9dio, com tons suaves de frutas vermelhas, notas de frutas secas e fuma\u00e7a de madeira, este \u00e9 um Porto tradicional para beber depois do jantar.<\/p>","protected":false},"featured_media":19793,"template":"","meta":{"_exactmetrics_skip_tracking":false,"_exactmetrics_sitenote_active":false,"_exactmetrics_sitenote_note":"","_exactmetrics_sitenote_category":0,"_uf_show_specific_survey":0,"_uf_disable_surveys":false,"iawp_total_views":32},"product_brand":[],"product_cat":[162,201,159,168],"product_tag":[],"class_list":{"0":"post-19792","1":"product","2":"type-product","3":"status-publish","4":"has-post-thumbnail","6":"product_cat-raridades","7":"product_cat-grandes-vinhos","8":"product_cat-portos","9":"product_cat-vintage","11":"first","12":"instock","13":"shipping-taxable","14":"purchasable","15":"product-type-simple"},"_links":{"self":[{"href":"https:\/\/garrafeiragrandeescolha.pt\/fr\/wp-json\/wp\/v2\/product\/19792","targetHints":{"allow":["GET"]}}],"collection":[{"href":"https:\/\/garrafeiragrandeescolha.pt\/fr\/wp-json\/wp\/v2\/product"}],"about":[{"href":"https:\/\/garrafeiragrandeescolha.pt\/fr\/wp-json\/wp\/v2\/types\/product"}],"wp:featuredmedia":[{"embeddable":true,"href":"https:\/\/garrafeiragrandeescolha.pt\/fr\/wp-json\/wp\/v2\/media\/19793"}],"wp:attachment":[{"href":"https:\/\/garrafeiragrandeescolha.pt\/fr\/wp-json\/wp\/v2\/media?parent=19792"}],"wp:term":[{"taxonomy":"product_brand","embeddable":true,"href":"https:\/\/garrafeiragrandeescolha.pt\/fr\/wp-json\/wp\/v2\/product_brand?post=19792"},{"taxonomy":"product_cat","embeddable":true,"href":"https:\/\/garrafeiragrandeescolha.pt\/fr\/wp-json\/wp\/v2\/product_cat?post=19792"},{"taxonomy":"product_tag","embeddable":true,"href":"https:\/\/garrafeiragrandeescolha.pt\/fr\/wp-json\/wp\/v2\/product_tag?post=19792"}],"curies":[{"name":"wp","href":"https:\/\/api.w.org\/{rel}","templated":true}]}}