{"id":19879,"date":"2025-05-06T17:27:23","date_gmt":"2025-05-06T17:27:23","guid":{"rendered":"https:\/\/garrafeiragrandeescolha.pt\/?post_type=product&#038;p=19879"},"modified":"2025-10-22T17:51:40","modified_gmt":"2025-10-22T17:51:40","slug":"dildo-shot-vodka-party-shot-70cl","status":"publish","type":"product","link":"https:\/\/garrafeiragrandeescolha.pt\/fr\/produit\/dildo-shot-vodka-party-shot-70cl\/","title":{"rendered":"Dildo Shot Vodka Party Shot 70cl"},"content":{"rendered":"","protected":false},"excerpt":{"rendered":"<p>Descubra o Dildo Shot \u2013 uma del\u00edcia que encanta com sua delicada do\u00e7ura e acabamento aveludado. Com um teor alco\u00f3lico suave de 10%, esta bebida oferece um sabor leve e refrescante, perfeito para qualquer celebra\u00e7\u00e3o. Seu car\u00e1ter l\u00fadico n\u00e3o s\u00f3 d\u00e1 o que falar, mas tamb\u00e9m convence pelo seu aroma delicioso. Seja em festas ou ocasi\u00f5es especiais, o Dildo Shot \u00e9 a escolha ideal para criar momentos inesquec\u00edveis e enriquecer a noite com um toque de divers\u00e3o e prazer.<\/p>","protected":false},"featured_media":19881,"template":"","meta":{"_exactmetrics_skip_tracking":false,"_exactmetrics_sitenote_active":false,"_exactmetrics_sitenote_note":"","_exactmetrics_sitenote_category":0,"_uf_show_specific_survey":0,"_uf_disable_surveys":false,"iawp_total_views":590},"product_brand":[],"product_cat":[200],"product_tag":[],"class_list":{"0":"post-19879","1":"product","2":"type-product","3":"status-publish","4":"has-post-thumbnail","6":"product_cat-vodka","8":"first","9":"instock","10":"shipping-taxable","11":"purchasable","12":"product-type-simple"},"_links":{"self":[{"href":"https:\/\/garrafeiragrandeescolha.pt\/fr\/wp-json\/wp\/v2\/product\/19879","targetHints":{"allow":["GET"]}}],"collection":[{"href":"https:\/\/garrafeiragrandeescolha.pt\/fr\/wp-json\/wp\/v2\/product"}],"about":[{"href":"https:\/\/garrafeiragrandeescolha.pt\/fr\/wp-json\/wp\/v2\/types\/product"}],"wp:featuredmedia":[{"embeddable":true,"href":"https:\/\/garrafeiragrandeescolha.pt\/fr\/wp-json\/wp\/v2\/media\/19881"}],"wp:attachment":[{"href":"https:\/\/garrafeiragrandeescolha.pt\/fr\/wp-json\/wp\/v2\/media?parent=19879"}],"wp:term":[{"taxonomy":"product_brand","embeddable":true,"href":"https:\/\/garrafeiragrandeescolha.pt\/fr\/wp-json\/wp\/v2\/product_brand?post=19879"},{"taxonomy":"product_cat","embeddable":true,"href":"https:\/\/garrafeiragrandeescolha.pt\/fr\/wp-json\/wp\/v2\/product_cat?post=19879"},{"taxonomy":"product_tag","embeddable":true,"href":"https:\/\/garrafeiragrandeescolha.pt\/fr\/wp-json\/wp\/v2\/product_tag?post=19879"}],"curies":[{"name":"wp","href":"https:\/\/api.w.org\/{rel}","templated":true}]}}