{"id":19896,"date":"2025-05-10T10:50:29","date_gmt":"2025-05-10T10:50:29","guid":{"rendered":"https:\/\/garrafeiragrandeescolha.pt\/?post_type=product&#038;p=19896"},"modified":"2025-07-08T14:52:11","modified_gmt":"2025-07-08T14:52:11","slug":"quinta-da-raza-alvarinho-trajadura-branco-75cl","status":"publish","type":"product","link":"https:\/\/garrafeiragrandeescolha.pt\/fr\/produit\/quinta-da-raza-alvarinho-trajadura-branco-75cl\/","title":{"rendered":"Quinta da Raza Alvarinho\/Trajadura Blanc 75cl"},"content":{"rendered":"<p><img decoding=\"async\" class=\"size-medium wp-image-19887 aligncenter\" src=\"http:\/\/garrafeiragrandeescolha.pt\/wp-content\/uploads\/2025\/05\/raza-300x110.png\" alt=\"\" width=\"300\" height=\"110\" srcset=\"https:\/\/garrafeiragrandeescolha.pt\/wp-content\/uploads\/2025\/05\/raza-300x110.png 300w, https:\/\/garrafeiragrandeescolha.pt\/wp-content\/uploads\/2025\/05\/raza-18x7.png 18w, https:\/\/garrafeiragrandeescolha.pt\/wp-content\/uploads\/2025\/05\/raza.png 371w\" sizes=\"(max-width: 300px) 100vw, 300px\" \/><\/p>\n<p>A Quinta da Raza atravessou quatro s\u00e9culos at\u00e9 aos nossos dias, sempre na fam\u00edlia Teixeira Coelho, estando agora nas m\u00e3os de Diogo Teixeira Coelho, a 5\u00aa gera\u00e7\u00e3o. O entusiasmo e dedica\u00e7\u00e3o pela vinha e pelo vinho t\u00eam fermentado paix\u00e3o e entusiasmo ao longo do tempo.<\/p>","protected":false},"excerpt":{"rendered":"<p>Quinta da Raza Alvarinho-Trajadura \u00e9 um Vinho Verde fermentado em inox ap\u00f3s uma macera\u00e7\u00e3o pr\u00e9-fermentativa. Este vinho apresenta um aroma a fruta tropical e a flores brancas, proporcionando um sabor harmonioso e envolvente.<br \/>\nIdeal com peixe, mariscos e refei\u00e7\u00f5es asi\u00e1ticas. Adequado a veganos.<\/p>\n<div class=\"elementor-element elementor-element-b721077 e-con-full e-flex e-con e-child\" data-id=\"b721077\" data-element_type=\"container\">\n<div class=\"elementor-element elementor-element-7b94a5a elementor-widget elementor-widget-text-editor\" data-id=\"7b94a5a\" data-element_type=\"widget\" data-widget_type=\"text-editor.default\">Vinho elegante e de elevada qualidade, de cor citrina, aspeto l\u00edmpido e brilhante, fresco e frutado. Apresenta um final de boca longo e de sabor persistente. Uma mistura das nossas melhores castas que resulta num vinho equilibrado.<\/div>\n<\/div>\n<div class=\"elementor-element elementor-element-754a5ea e-con-full e-flex e-con e-child\" data-id=\"754a5ea\" data-element_type=\"container\">\n<div class=\"elementor-element elementor-element-7d45010 elementor-widget elementor-widget-text-editor\" data-id=\"7d45010\" data-element_type=\"widget\" data-widget_type=\"text-editor.default\">\u00c9 um vinho ideal como aperitivo ou para acompanhar pratos leves, peixe ou marisco, carnes brancas, saladas e refei\u00e7\u00f5es asi\u00e1ticas.<\/div>\n<\/div>","protected":false},"featured_media":19897,"template":"","meta":{"_exactmetrics_skip_tracking":false,"_exactmetrics_sitenote_active":false,"_exactmetrics_sitenote_note":"","_exactmetrics_sitenote_category":0,"_uf_show_specific_survey":0,"_uf_disable_surveys":false,"iawp_total_views":21},"product_brand":[],"product_cat":[157,185,206],"product_tag":[],"class_list":{"0":"post-19896","1":"product","2":"type-product","3":"status-publish","4":"has-post-thumbnail","6":"product_cat-vinhos","7":"product_cat-branco","8":"product_cat-vinhos-verdes","10":"first","11":"instock","12":"shipping-taxable","13":"purchasable","14":"product-type-simple"},"_links":{"self":[{"href":"https:\/\/garrafeiragrandeescolha.pt\/fr\/wp-json\/wp\/v2\/product\/19896","targetHints":{"allow":["GET"]}}],"collection":[{"href":"https:\/\/garrafeiragrandeescolha.pt\/fr\/wp-json\/wp\/v2\/product"}],"about":[{"href":"https:\/\/garrafeiragrandeescolha.pt\/fr\/wp-json\/wp\/v2\/types\/product"}],"wp:featuredmedia":[{"embeddable":true,"href":"https:\/\/garrafeiragrandeescolha.pt\/fr\/wp-json\/wp\/v2\/media\/19897"}],"wp:attachment":[{"href":"https:\/\/garrafeiragrandeescolha.pt\/fr\/wp-json\/wp\/v2\/media?parent=19896"}],"wp:term":[{"taxonomy":"product_brand","embeddable":true,"href":"https:\/\/garrafeiragrandeescolha.pt\/fr\/wp-json\/wp\/v2\/product_brand?post=19896"},{"taxonomy":"product_cat","embeddable":true,"href":"https:\/\/garrafeiragrandeescolha.pt\/fr\/wp-json\/wp\/v2\/product_cat?post=19896"},{"taxonomy":"product_tag","embeddable":true,"href":"https:\/\/garrafeiragrandeescolha.pt\/fr\/wp-json\/wp\/v2\/product_tag?post=19896"}],"curies":[{"name":"wp","href":"https:\/\/api.w.org\/{rel}","templated":true}]}}