{"id":20116,"date":"2025-08-13T17:04:11","date_gmt":"2025-08-13T17:04:11","guid":{"rendered":"https:\/\/garrafeiragrandeescolha.pt\/?post_type=product&#038;p=20116"},"modified":"2025-11-25T16:08:28","modified_gmt":"2025-11-25T16:08:28","slug":"malhadinha-tinto-2022-3l","status":"publish","type":"product","link":"https:\/\/garrafeiragrandeescolha.pt\/fr\/produit\/malhadinha-tinto-2022-3l\/","title":{"rendered":"Malhadinha Tinto 2022 3L"},"content":{"rendered":"<p><img fetchpriority=\"high\" decoding=\"async\" class=\"size-full wp-image-15337 aligncenter\" src=\"http:\/\/garrafeiragrandeescolha.pt\/wp-content\/uploads\/2022\/02\/malhadinha-logo.jpg\" sizes=\"(max-width: 250px) 100vw, 250px\" srcset=\"https:\/\/garrafeiragrandeescolha.pt\/wp-content\/uploads\/2022\/02\/malhadinha-logo.jpg 250w, https:\/\/garrafeiragrandeescolha.pt\/wp-content\/uploads\/2022\/02\/malhadinha-logo-150x150.jpg 150w, https:\/\/garrafeiragrandeescolha.pt\/wp-content\/uploads\/2022\/02\/malhadinha-logo-100x100.jpg 100w\" alt=\"\" width=\"250\" height=\"250\" \/><\/p>\n<p>Alentejo. L&#039;une des r\u00e9gions avec la plus faible densit\u00e9 de population d&#039;Europe, elle s&#039;av\u00e8re \u00eatre l&#039;un des secrets les mieux gard\u00e9s du Portugal. Occupant un tiers du territoire national, il r\u00e9v\u00e8le des paysages uniques, immacul\u00e9s, infinis, d&#039;une beaut\u00e9 incalculable.<\/p>\n<p>Terre d&#039;accueil et d&#039;hospitalit\u00e9, elle est reconnue pour son excellente gastronomie et ses vins, le respect de la durabilit\u00e9 environnementale et la pr\u00e9servation des traditions et coutumes ancestrales.<\/p>\n<p>La richesse culturelle et historique s&#039;incarne dans la classification du patrimoine mondial (Elvas et \u00c9vora) et du patrimoine culturel immat\u00e9riel de l&#039;humanit\u00e9 (Cante Alentejano) et de la r\u00e9serve de biosph\u00e8re de l&#039;UNESCO (Castro Verde).<\/p>\n<p>Herdade da Malhadinha Nova, situ\u00e9e \u00e0 Albernoa, Beja, au c\u0153ur du Baixo Alentejo, \u00e9merge dans le cadre de cette capsule temporelle qui s&#039;\u00e9tend sur 450 hectares.<\/p>\n<p>Ici, le temps semble s&#039;arr\u00eater, l&#039;histoire remonte \u00e0 des temps imm\u00e9moriaux, le territoire occupe un espace infini et nous vivons un quotidien plong\u00e9 dans un silence qui s&#039;entend.<\/p>\n<p>Loin et proche de tout, l&#039;immensit\u00e9 \u00e0 perte de vue permet de vivre en toute intimit\u00e9, harmonie et s\u00e9curit\u00e9. L&#039;isolement combin\u00e9 \u00e0 l&#039;exclusivit\u00e9 qui sert les besoins des familles, des groupes d&#039;amis, des couples ou seuls.<\/p>","protected":false},"excerpt":{"rendered":"<p>Alentejo. Uma das regi\u00f5es com menor densidade populacional da Europa, revela-se com um dos segredos bem guardados de Portugal. Ocupando um ter\u00e7o do territ\u00f3rio nacional, desvenda paisagens \u00fanicas, imaculadas, intermin\u00e1veis e de incalcul\u00e1vel beleza. Terra de acolhimento e de hospitalidade, \u00e9 reconhecida pela gastronomia e vinhos de excel\u00eancia, respeito pela sustentabilidade ambiental e preserva\u00e7\u00e3o de [&hellip;]<\/p>","protected":false},"featured_media":20120,"template":"","meta":{"_exactmetrics_skip_tracking":false,"_exactmetrics_sitenote_active":false,"_exactmetrics_sitenote_note":"","_exactmetrics_sitenote_category":0,"_uf_show_specific_survey":0,"_uf_disable_surveys":false,"iawp_total_views":17},"product_brand":[],"product_cat":[207,184,157],"product_tag":[],"class_list":{"0":"post-20116","1":"product","2":"type-product","3":"status-publish","4":"has-post-thumbnail","6":"product_cat-alentejo","7":"product_cat-tinto","8":"product_cat-vinhos","9":"pa_capacidade-254","10":"pa_pais-portugal","11":"pa_regiao-alentejo","12":"pa_tipo-vinho-tinto","14":"first","15":"instock","16":"shipping-taxable","17":"purchasable","18":"product-type-simple"},"_links":{"self":[{"href":"https:\/\/garrafeiragrandeescolha.pt\/fr\/wp-json\/wp\/v2\/product\/20116","targetHints":{"allow":["GET"]}}],"collection":[{"href":"https:\/\/garrafeiragrandeescolha.pt\/fr\/wp-json\/wp\/v2\/product"}],"about":[{"href":"https:\/\/garrafeiragrandeescolha.pt\/fr\/wp-json\/wp\/v2\/types\/product"}],"wp:featuredmedia":[{"embeddable":true,"href":"https:\/\/garrafeiragrandeescolha.pt\/fr\/wp-json\/wp\/v2\/media\/20120"}],"wp:attachment":[{"href":"https:\/\/garrafeiragrandeescolha.pt\/fr\/wp-json\/wp\/v2\/media?parent=20116"}],"wp:term":[{"taxonomy":"product_brand","embeddable":true,"href":"https:\/\/garrafeiragrandeescolha.pt\/fr\/wp-json\/wp\/v2\/product_brand?post=20116"},{"taxonomy":"product_cat","embeddable":true,"href":"https:\/\/garrafeiragrandeescolha.pt\/fr\/wp-json\/wp\/v2\/product_cat?post=20116"},{"taxonomy":"product_tag","embeddable":true,"href":"https:\/\/garrafeiragrandeescolha.pt\/fr\/wp-json\/wp\/v2\/product_tag?post=20116"}],"curies":[{"name":"wp","href":"https:\/\/api.w.org\/{rel}","templated":true}]}}