{"id":20295,"date":"2025-10-17T17:03:00","date_gmt":"2025-10-17T17:03:00","guid":{"rendered":"https:\/\/garrafeiragrandeescolha.pt\/?post_type=product&#038;p=20295"},"modified":"2025-10-17T17:03:01","modified_gmt":"2025-10-17T17:03:01","slug":"menin-d-beatriz-vinhas-velhas-tinto-2019-75cl","status":"publish","type":"product","link":"https:\/\/garrafeiragrandeescolha.pt\/fr\/produit\/menin-d-beatriz-vinhas-velhas-tinto-2019-75cl\/","title":{"rendered":"Menin D. Beatriz Vinhas Velhas Tinto 2019 75cl"},"content":{"rendered":"<p>&nbsp;<\/p>\n<p>Os 11 H\u00e1 que perfazem as vinhas velhas, com uma idade m\u00e9dia de 130 anos, da Quinta da Costa de Cima, encontram-se divididos em 134 micro parcelas, onde por vezes n\u00e3o chega a uma \u00e1rea de 0,2 H\u00e1. Tratando-se da maior \u00e1rea de mancha de vinhas velhas cont\u00edgua na Regi\u00e3o Demarcada do Douro, encontra-se um Field Blend de 54 castas, entre as quais, cerca de 2% de variedades brancas. Nesta mancha encontramos al\u00e9m de uma diversidade de cotas (80 aos 260 metros), temos tamb\u00e9m todo o tipo de exposi\u00e7\u00e3o solar, sendo na sua maioria (cerca de 80%) de exposi\u00e7\u00e3o nascente.<\/p>\n<p>Al\u00e9m da exposi\u00e7\u00e3o solar favor\u00e1vel para preservar a frescura do vinho, a proximidade com o limite da sub-regi\u00e3o do baixo corgo (sendo este o rio Ceira), um fator igualmente favor\u00e1vel para o contributo do terroir do vinho. Dentro dos 134 \u201cmicro-talh\u00f5es\u201d, foram selecionados seletivamente, sendo que maioritariamente com exposi\u00e7\u00e3o solar nascente e que apresentavam um potencial de intensidade, estrutura e eleg\u00e2ncia acima da m\u00e9dia daquela vinha no seu conjunto global. Predomin\u00e2ncia de Tinta Amarela, Touriga Franca, Tinta da Barca entre as 54 castas<\/p>","protected":false},"excerpt":{"rendered":"<p>Menin D. Beatriz \u00e9 o vinho mais especial jamais assinado pela Menin Douro Estates. Quando a paix\u00e3o por uma regi\u00e3o \u00e9 tanta que se desmultiplica em mais de cinquenta castas unidas num s\u00f3 trago. Feito exclusivamente a partir de vinhas velhas, \u00e9 o resultado de cinco anos de cuidado constante e extremo que se traduz num vinho de excel\u00eancia que s\u00f3 \u00e9 lan\u00e7ado em anos especiais.<\/p>\n<p>Apresenta-se com cor rubi brilhante e ligeira profundidade. No nariz, somos surpreendidos pelo conjunto de notas de rosas secas, frutos do bosque, ameixa preta, cedro e noz-moscada. Envolvente, com taninos fin\u00edssimos, pleno de eleg\u00e2ncia e profundidade.<\/p>","protected":false},"featured_media":20297,"template":"","meta":{"_exactmetrics_skip_tracking":false,"_exactmetrics_sitenote_active":false,"_exactmetrics_sitenote_note":"","_exactmetrics_sitenote_category":0,"_uf_show_specific_survey":0,"_uf_disable_surveys":false,"iawp_total_views":2},"product_brand":[],"product_cat":[157,184,215],"product_tag":[],"class_list":{"0":"post-20295","1":"product","2":"type-product","3":"status-publish","4":"has-post-thumbnail","6":"product_cat-vinhos","7":"product_cat-tinto","8":"product_cat-douro","10":"first","11":"instock","12":"shipping-taxable","13":"purchasable","14":"product-type-simple"},"_links":{"self":[{"href":"https:\/\/garrafeiragrandeescolha.pt\/fr\/wp-json\/wp\/v2\/product\/20295","targetHints":{"allow":["GET"]}}],"collection":[{"href":"https:\/\/garrafeiragrandeescolha.pt\/fr\/wp-json\/wp\/v2\/product"}],"about":[{"href":"https:\/\/garrafeiragrandeescolha.pt\/fr\/wp-json\/wp\/v2\/types\/product"}],"wp:featuredmedia":[{"embeddable":true,"href":"https:\/\/garrafeiragrandeescolha.pt\/fr\/wp-json\/wp\/v2\/media\/20297"}],"wp:attachment":[{"href":"https:\/\/garrafeiragrandeescolha.pt\/fr\/wp-json\/wp\/v2\/media?parent=20295"}],"wp:term":[{"taxonomy":"product_brand","embeddable":true,"href":"https:\/\/garrafeiragrandeescolha.pt\/fr\/wp-json\/wp\/v2\/product_brand?post=20295"},{"taxonomy":"product_cat","embeddable":true,"href":"https:\/\/garrafeiragrandeescolha.pt\/fr\/wp-json\/wp\/v2\/product_cat?post=20295"},{"taxonomy":"product_tag","embeddable":true,"href":"https:\/\/garrafeiragrandeescolha.pt\/fr\/wp-json\/wp\/v2\/product_tag?post=20295"}],"curies":[{"name":"wp","href":"https:\/\/api.w.org\/{rel}","templated":true}]}}