{"id":20382,"date":"2025-10-29T14:30:54","date_gmt":"2025-10-29T14:30:54","guid":{"rendered":"https:\/\/garrafeiragrandeescolha.pt\/?post_type=product&#038;p=20382"},"modified":"2025-10-29T16:00:06","modified_gmt":"2025-10-29T16:00:06","slug":"whisky-japones-togouchi-pure-malt-70cl","status":"publish","type":"product","link":"https:\/\/garrafeiragrandeescolha.pt\/fr\/produit\/whisky-japones-togouchi-pure-malt-70cl\/","title":{"rendered":"Whisky Togouchi Pure Malt 70cl"},"content":{"rendered":"<p>A destilaria Sakurao foi fundada em Sakurao e situa-se relativamente perto do Patrim\u00f3nio Mundial Miyajima, no cora\u00e7\u00e3o da cidade de Hatsukaichi, em Hiroshima.<\/p>\n<p>Hiroshima \u00e9 aben\u00e7oada com um ambiente natural composto por zonas costeiras e montanhosas, tornando-a um excelente local para produzir whisky que encarna perfeitamente as caracter\u00edsticas \u00fanicas da regi\u00e3o, real\u00e7ando o sabor do destilado.<\/p>","protected":false},"excerpt":{"rendered":"<p>A destilaria Sakurao foi fundada em Sakurao e situa-se relativamente perto do Patrim\u00f3nio Mundial Miyajima, no cora\u00e7\u00e3o da cidade de Hatsukaichi, em Hiroshima. Hiroshima \u00e9 aben\u00e7oada com um ambiente natural composto por zonas costeiras e montanhosas, tornando-a um excelente local para produzir whisky que encarna perfeitamente as caracter\u00edsticas \u00fanicas da regi\u00e3o, real\u00e7ando o sabor do [&hellip;]<\/p>","protected":false},"featured_media":20383,"template":"","meta":{"_exactmetrics_skip_tracking":false,"_exactmetrics_sitenote_active":false,"_exactmetrics_sitenote_note":"","_exactmetrics_sitenote_category":0,"_uf_show_specific_survey":0,"_uf_disable_surveys":false,"iawp_total_views":1},"product_brand":[],"product_cat":[158,179],"product_tag":[],"class_list":{"0":"post-20382","1":"product","2":"type-product","3":"status-publish","4":"has-post-thumbnail","6":"product_cat-espirituosos","7":"product_cat-whisky","9":"first","10":"instock","11":"shipping-taxable","12":"purchasable","13":"product-type-simple"},"_links":{"self":[{"href":"https:\/\/garrafeiragrandeescolha.pt\/fr\/wp-json\/wp\/v2\/product\/20382","targetHints":{"allow":["GET"]}}],"collection":[{"href":"https:\/\/garrafeiragrandeescolha.pt\/fr\/wp-json\/wp\/v2\/product"}],"about":[{"href":"https:\/\/garrafeiragrandeescolha.pt\/fr\/wp-json\/wp\/v2\/types\/product"}],"wp:featuredmedia":[{"embeddable":true,"href":"https:\/\/garrafeiragrandeescolha.pt\/fr\/wp-json\/wp\/v2\/media\/20383"}],"wp:attachment":[{"href":"https:\/\/garrafeiragrandeescolha.pt\/fr\/wp-json\/wp\/v2\/media?parent=20382"}],"wp:term":[{"taxonomy":"product_brand","embeddable":true,"href":"https:\/\/garrafeiragrandeescolha.pt\/fr\/wp-json\/wp\/v2\/product_brand?post=20382"},{"taxonomy":"product_cat","embeddable":true,"href":"https:\/\/garrafeiragrandeescolha.pt\/fr\/wp-json\/wp\/v2\/product_cat?post=20382"},{"taxonomy":"product_tag","embeddable":true,"href":"https:\/\/garrafeiragrandeescolha.pt\/fr\/wp-json\/wp\/v2\/product_tag?post=20382"}],"curies":[{"name":"wp","href":"https:\/\/api.w.org\/{rel}","templated":true}]}}