{"id":20402,"date":"2025-10-29T16:29:21","date_gmt":"2025-10-29T16:29:21","guid":{"rendered":"https:\/\/garrafeiragrandeescolha.pt\/?post_type=product&#038;p=20402"},"modified":"2025-10-29T16:34:25","modified_gmt":"2025-10-29T16:34:25","slug":"yushan-single-malt-sherry-cask-70cl","status":"publish","type":"product","link":"https:\/\/garrafeiragrandeescolha.pt\/fr\/produit\/yushan-single-malt-sherry-cask-70cl\/","title":{"rendered":"Yushan Single Malt Sherry Cask 70cl"},"content":{"rendered":"<p>O famoso whisky taiwan\u00eas Omar est\u00e1 a mudar o seu nome para Yushan Signature, gra\u00e7as \u00e0 empresa estatal TTL, propriet\u00e1ria da destilaria Nantou. Yushan \u00e9 o pico mais alto da ilha de Taiwan, sendo um nome evocativo para esta bebida de alta qualidade.<\/p>\n<p>Esta vers\u00e3o em barricas de xerez \u00e9 mais frutada do que a vers\u00e3o bourbon. Ela agradar\u00e1 aos amantes de whisky. N\u00e3o lhe falta personalidade e revela toda a expertise da destilaria Nantou.<\/p>\n<p>Este single malt \u00e9 destilado em alambiques de cobre escoceses (Forsyths) e belgas, e envelhecido em barricas de xerez. N\u00e3o \u00e9 colorido nem filtrado a frio.<\/p>","protected":false},"excerpt":{"rendered":"<p>Um grande cl\u00e1ssico revisitado com estilo, requinte e um toque ex\u00f3tico. Uma vers\u00e3o bourbon muito consensual com notas de baunilha. Destilado em alambiques de cobre escoceses e belgas, envelhecido em barricas de bourbon e sem filtragem a frio ou adi\u00e7\u00e3o de corantes. O seu aroma \u00e9 fresco e equilibrado \u2013 baunilha, natas, mel e flores. Harmoniza na perfei\u00e7\u00e3o com salm\u00e3o grelhado com pimenta vermelha.<\/p>","protected":false},"featured_media":20403,"template":"","meta":{"_exactmetrics_skip_tracking":false,"_exactmetrics_sitenote_active":false,"_exactmetrics_sitenote_note":"","_exactmetrics_sitenote_category":0,"_uf_show_specific_survey":0,"_uf_disable_surveys":false,"iawp_total_views":1},"product_brand":[],"product_cat":[158,179],"product_tag":[],"class_list":{"0":"post-20402","1":"product","2":"type-product","3":"status-publish","4":"has-post-thumbnail","6":"product_cat-espirituosos","7":"product_cat-whisky","9":"first","10":"instock","11":"shipping-taxable","12":"purchasable","13":"product-type-simple"},"_links":{"self":[{"href":"https:\/\/garrafeiragrandeescolha.pt\/fr\/wp-json\/wp\/v2\/product\/20402","targetHints":{"allow":["GET"]}}],"collection":[{"href":"https:\/\/garrafeiragrandeescolha.pt\/fr\/wp-json\/wp\/v2\/product"}],"about":[{"href":"https:\/\/garrafeiragrandeescolha.pt\/fr\/wp-json\/wp\/v2\/types\/product"}],"wp:featuredmedia":[{"embeddable":true,"href":"https:\/\/garrafeiragrandeescolha.pt\/fr\/wp-json\/wp\/v2\/media\/20403"}],"wp:attachment":[{"href":"https:\/\/garrafeiragrandeescolha.pt\/fr\/wp-json\/wp\/v2\/media?parent=20402"}],"wp:term":[{"taxonomy":"product_brand","embeddable":true,"href":"https:\/\/garrafeiragrandeescolha.pt\/fr\/wp-json\/wp\/v2\/product_brand?post=20402"},{"taxonomy":"product_cat","embeddable":true,"href":"https:\/\/garrafeiragrandeescolha.pt\/fr\/wp-json\/wp\/v2\/product_cat?post=20402"},{"taxonomy":"product_tag","embeddable":true,"href":"https:\/\/garrafeiragrandeescolha.pt\/fr\/wp-json\/wp\/v2\/product_tag?post=20402"}],"curies":[{"name":"wp","href":"https:\/\/api.w.org\/{rel}","templated":true}]}}