{"id":20479,"date":"2025-11-04T12:46:53","date_gmt":"2025-11-04T12:46:53","guid":{"rendered":"https:\/\/garrafeiragrandeescolha.pt\/?post_type=product&#038;p=20479"},"modified":"2025-11-04T14:50:43","modified_gmt":"2025-11-04T14:50:43","slug":"quinta-da-giesta-colheita-tardia-375cl","status":"publish","type":"product","link":"https:\/\/garrafeiragrandeescolha.pt\/fr\/produit\/quinta-da-giesta-colheita-tardia-375cl\/","title":{"rendered":"Quinta da Giesta Colheita Tardia 37,5cl"},"content":{"rendered":"<p>A Quinta da Giesta e Fonte do Ouro s\u00e3o ambas altamente representativas da paisagem tradicional Portuguesa, caracterizada por pequenas propriedades fragmentadas, mas com um uso altamente diversificado da terra \u2013 agricultura e floresta, baixa urbaniza\u00e7\u00e3o e manchas naturais e seminaturais. Maioritariamente compostas por vinhas e pinhais, bem como, algumas pequenas \u00e1reas naturais e seminaturais, esta paisagem \u00e9 altamente ben\u00e9fica para a conserva\u00e7\u00e3o da biodiversidade do Mediterr\u00e2neo, uma vez que promove uma press\u00e3o humana moderada permitindo a conviv\u00eancia de humanos, animais e a preserva\u00e7\u00e3o dos habitats rurais comuns.<\/p>","protected":false},"excerpt":{"rendered":"<p>Cor: Amarela dourada.<br \/>\nAroma: Frutos tropicais e doce de laranja.<br \/>\nBoca: Fruta muito madura, volumoso, complexo e persistente.<\/p>\n<p>Vinifica\u00e7\u00e3o: As uvas sobre maduras colhidas no m\u00eas de novembro foram prensadas com suavidade e o mosto fermentou a 12\u00baC. Ao atingir os 11% de \u00e1lcool baixou-se a temperatura para 0\u00baC e parou-se a fermenta\u00e7\u00e3o.<\/p>\n<p>Acompanha bem fois gras, queijos de sabor intenso ou tartes de am\u00eandoa.<\/p>","protected":false},"featured_media":20483,"template":"","meta":{"_exactmetrics_skip_tracking":false,"_exactmetrics_sitenote_active":false,"_exactmetrics_sitenote_note":"","_exactmetrics_sitenote_category":0,"_uf_show_specific_survey":0,"_uf_disable_surveys":false,"iawp_total_views":32},"product_brand":[],"product_cat":[157,165],"product_tag":[],"class_list":{"0":"post-20479","1":"product","2":"type-product","3":"status-publish","4":"has-post-thumbnail","6":"product_cat-vinhos","7":"product_cat-colheita-tardia","9":"first","10":"instock","11":"shipping-taxable","12":"purchasable","13":"product-type-simple"},"_links":{"self":[{"href":"https:\/\/garrafeiragrandeescolha.pt\/fr\/wp-json\/wp\/v2\/product\/20479","targetHints":{"allow":["GET"]}}],"collection":[{"href":"https:\/\/garrafeiragrandeescolha.pt\/fr\/wp-json\/wp\/v2\/product"}],"about":[{"href":"https:\/\/garrafeiragrandeescolha.pt\/fr\/wp-json\/wp\/v2\/types\/product"}],"wp:featuredmedia":[{"embeddable":true,"href":"https:\/\/garrafeiragrandeescolha.pt\/fr\/wp-json\/wp\/v2\/media\/20483"}],"wp:attachment":[{"href":"https:\/\/garrafeiragrandeescolha.pt\/fr\/wp-json\/wp\/v2\/media?parent=20479"}],"wp:term":[{"taxonomy":"product_brand","embeddable":true,"href":"https:\/\/garrafeiragrandeescolha.pt\/fr\/wp-json\/wp\/v2\/product_brand?post=20479"},{"taxonomy":"product_cat","embeddable":true,"href":"https:\/\/garrafeiragrandeescolha.pt\/fr\/wp-json\/wp\/v2\/product_cat?post=20479"},{"taxonomy":"product_tag","embeddable":true,"href":"https:\/\/garrafeiragrandeescolha.pt\/fr\/wp-json\/wp\/v2\/product_tag?post=20479"}],"curies":[{"name":"wp","href":"https:\/\/api.w.org\/{rel}","templated":true}]}}