{"id":20503,"date":"2025-11-04T16:26:21","date_gmt":"2025-11-04T16:26:21","guid":{"rendered":"https:\/\/garrafeiragrandeescolha.pt\/?post_type=product&#038;p=20503"},"modified":"2025-11-23T17:40:47","modified_gmt":"2025-11-23T17:40:47","slug":"quinta-da-alorna-colheita-tardia-branco-375cl","status":"publish","type":"product","link":"https:\/\/garrafeiragrandeescolha.pt\/fr\/produit\/quinta-da-alorna-colheita-tardia-branco-375cl\/","title":{"rendered":"Quinta da Alorna Colheita Tardia Branco 37,5cl"},"content":{"rendered":"<div class=\"fusion-layout-column fusion_builder_column fusion-builder-column-11 fusion_builder_column_1_2 1_2 fusion-flex-column fusion-flex-align-self-flex-start fusion-column-no-min-height\">\n<div class=\"fusion-column-wrapper fusion-flex-justify-content-center fusion-content-layout-column\">\n<div class=\"fusion-text fusion-text-6\">\n<p><img decoding=\"async\" class=\"aligncenter\" src=\"https:\/\/alorna.pt\/wp-content\/uploads\/2021\/08\/quinta-da-alorna-logotipo-02@2x.png\" alt=\"Home \u2022 Quinta da Alorna\" \/><\/p>\n<p>A Quinta da Alorna nasceu pelas m\u00e3os de D. Pedro de Almeida.<br \/>\nAp\u00f3s ter conquistado a resistente Pra\u00e7a Forte de Alorna nas vizinhan\u00e7as de Goa, onde exercia o cargo de Vice-Rei, recebeu do Rei de Portugal, D. Jo\u00e3o V, o t\u00edtulo de 1\u00ba Marqu\u00eas de Alorna.<br \/>\nD. Pedro de Almeida foi av\u00f4 de D. Leonor, IV Marquesa de Alorna \u2013 a poetisa Alcipe. Nessa altura (1723) a quinta, pertencente ao Marqu\u00eas de Alorna, era conhecida por quinta de Vale de Nabais.<br \/>\nMuitos anos mais tarde, duas das filhas da Marquesa de Alorna venderam a \u201cQuinta dos Alorna\u201d (assim era chamada) aos condes da Junqueira, e os herdeiros alienaram-na em hasta p\u00fablica, passando-a para as m\u00e3os do Dr. Manuel Caro\u00e7a \u2013 bisav\u00f4 dos atuais acionistas \u2013 respeit\u00e1vel m\u00e9dico-dentista, corretor de mercadorias e homem de grandes neg\u00f3cios que acabou por tornar-se no \u00fanico propriet\u00e1rio da Quinta da Alorna.<\/p>\n<\/div>\n<\/div>\n<\/div>\n<div class=\"fusion-layout-column fusion_builder_column fusion-builder-column-12 fusion_builder_column_1_2 1_2 fusion-flex-column fusion-flex-align-self-flex-start fusion-no-small-visibility\">\n<div class=\"fusion-column-wrapper fusion-flex-justify-content-center fusion-content-layout-column\"><\/div>\n<\/div>","protected":false},"excerpt":{"rendered":"<p>Cor amarela dourada. Aroma exuberante, fruto tropical maduro, notas florais, mel e am\u00eandoa. Deliciosamente doce e intenso interagindo com a acidez natural resultando num equil\u00edbrio impec\u00e1vel. A acidez equilibrada torna o final de boca longo e agrad\u00e1vel.<\/p>\n<ul>\n<li>Casta: Fern\u00e3o Pires;<\/li>\n<li>Sugest\u00f5es de acompanhamento:\u00a0Foie Gras, Sobremesas compostas por lima ou maracuj\u00e1, Frutos secos;<\/li>\n<li>Temperatura Recomendada: 10\u00baC.<\/li>\n<\/ul>","protected":false},"featured_media":20505,"template":"","meta":{"_exactmetrics_skip_tracking":false,"_exactmetrics_sitenote_active":false,"_exactmetrics_sitenote_note":"","_exactmetrics_sitenote_category":0,"_uf_show_specific_survey":0,"_uf_disable_surveys":false,"iawp_total_views":5},"product_brand":[],"product_cat":[165,157],"product_tag":[],"class_list":{"0":"post-20503","1":"product","2":"type-product","3":"status-publish","4":"has-post-thumbnail","6":"product_cat-colheita-tardia","7":"product_cat-vinhos","9":"first","10":"instock","11":"shipping-taxable","12":"purchasable","13":"product-type-simple"},"_links":{"self":[{"href":"https:\/\/garrafeiragrandeescolha.pt\/fr\/wp-json\/wp\/v2\/product\/20503","targetHints":{"allow":["GET"]}}],"collection":[{"href":"https:\/\/garrafeiragrandeescolha.pt\/fr\/wp-json\/wp\/v2\/product"}],"about":[{"href":"https:\/\/garrafeiragrandeescolha.pt\/fr\/wp-json\/wp\/v2\/types\/product"}],"wp:featuredmedia":[{"embeddable":true,"href":"https:\/\/garrafeiragrandeescolha.pt\/fr\/wp-json\/wp\/v2\/media\/20505"}],"wp:attachment":[{"href":"https:\/\/garrafeiragrandeescolha.pt\/fr\/wp-json\/wp\/v2\/media?parent=20503"}],"wp:term":[{"taxonomy":"product_brand","embeddable":true,"href":"https:\/\/garrafeiragrandeescolha.pt\/fr\/wp-json\/wp\/v2\/product_brand?post=20503"},{"taxonomy":"product_cat","embeddable":true,"href":"https:\/\/garrafeiragrandeescolha.pt\/fr\/wp-json\/wp\/v2\/product_cat?post=20503"},{"taxonomy":"product_tag","embeddable":true,"href":"https:\/\/garrafeiragrandeescolha.pt\/fr\/wp-json\/wp\/v2\/product_tag?post=20503"}],"curies":[{"name":"wp","href":"https:\/\/api.w.org\/{rel}","templated":true}]}}