{"id":20547,"date":"2025-11-05T16:31:37","date_gmt":"2025-11-05T16:31:37","guid":{"rendered":"https:\/\/garrafeiragrandeescolha.pt\/?post_type=product&#038;p=20547"},"modified":"2025-11-05T16:32:09","modified_gmt":"2025-11-05T16:32:09","slug":"gin-fenrir-citrus-black-wolf-50cl","status":"publish","type":"product","link":"https:\/\/garrafeiragrandeescolha.pt\/fr\/produit\/gin-fenrir-citrus-black-wolf-50cl\/","title":{"rendered":"Gin Fenrir Citrus Black Wolf 50cl"},"content":{"rendered":"<p><img decoding=\"async\" class=\"aligncenter\" src=\"https:\/\/encrypted-tbn0.gstatic.com\/images?q=tbn:ANd9GcS5mqSIvd5W4q09JkoM4A_iKNrJJlwyn84NUw&amp;s\" alt=\"The Black Wolf Distillery | Coimbra\" width=\"194\" height=\"194\" \/><\/p>\n<p class=\"font_8 wixui-rich-text__text\"><span class=\"wixui-rich-text__text\">Nascida de pura determina\u00e7\u00e3o e localizada no cora\u00e7\u00e3o de Portugal, a The Black Wolf Distillery \u00e9 a concretiza\u00e7\u00e3o de um sonho partilhado.<\/span><\/p>\n<p class=\"font_8 wixui-rich-text__text\"><span class=\"wixui-rich-text__text\">\u200b<\/span><span class=\"wixui-rich-text__text\">Um chef e uma arquiteta, ambos apaixonados por whisky e bebidas destiladas, uniram for\u00e7as.<\/span><\/p>\n<p class=\"font_8 wixui-rich-text__text\"><span class=\"wixui-rich-text__text\">\u200b<\/span><span class=\"wixui-rich-text__text\">Combinando um talento natural para misturar aromas e sabores, com o amor pela experimenta\u00e7\u00e3o. A Black Wolf dedica-se principalmente \u00e0 produ\u00e7\u00e3o de whisky, mas tamb\u00e9m cria gins, rums e bitters excecionais.<\/span><\/p>\n<p class=\"font_8 wixui-rich-text__text\"><span class=\"wixui-rich-text__text\">\u200b<\/span><span class=\"wixui-rich-text__text\">Focados na qualidade, combinamos a\u00a0<\/span><span class=\"wixui-rich-text__text\">manufatura<\/span><span class=\"wixui-rich-text__text\">\u00a0tradicional com t\u00e9cnicas modernas, criando caminho para o whisky portugu\u00eas.<\/span><\/p>","protected":false},"excerpt":{"rendered":"<p>O FENRIR GIN CITRUS \u00e9 uma explos\u00e3o de frescura e vivacidade, concebido para os amantes de perfis c\u00edtricos vibrantes. Este gin \u00e9 uma celebra\u00e7\u00e3o dos frutos mais suculentos, equilibrando a complexidade dos bot\u00e2nicos tradicionais com uma intensidade c\u00edtrica que revigora os sentidos e evoca a luminosidade do Mediterr\u00e2neo.<\/p>","protected":false},"featured_media":20548,"template":"","meta":{"_exactmetrics_skip_tracking":false,"_exactmetrics_sitenote_active":false,"_exactmetrics_sitenote_note":"","_exactmetrics_sitenote_category":0,"_uf_show_specific_survey":0,"_uf_disable_surveys":false,"iawp_total_views":26},"product_brand":[],"product_cat":[158,183],"product_tag":[],"class_list":{"0":"post-20547","1":"product","2":"type-product","3":"status-publish","4":"has-post-thumbnail","6":"product_cat-espirituosos","7":"product_cat-gin","9":"first","10":"instock","11":"shipping-taxable","12":"purchasable","13":"product-type-simple"},"_links":{"self":[{"href":"https:\/\/garrafeiragrandeescolha.pt\/fr\/wp-json\/wp\/v2\/product\/20547","targetHints":{"allow":["GET"]}}],"collection":[{"href":"https:\/\/garrafeiragrandeescolha.pt\/fr\/wp-json\/wp\/v2\/product"}],"about":[{"href":"https:\/\/garrafeiragrandeescolha.pt\/fr\/wp-json\/wp\/v2\/types\/product"}],"wp:featuredmedia":[{"embeddable":true,"href":"https:\/\/garrafeiragrandeescolha.pt\/fr\/wp-json\/wp\/v2\/media\/20548"}],"wp:attachment":[{"href":"https:\/\/garrafeiragrandeescolha.pt\/fr\/wp-json\/wp\/v2\/media?parent=20547"}],"wp:term":[{"taxonomy":"product_brand","embeddable":true,"href":"https:\/\/garrafeiragrandeescolha.pt\/fr\/wp-json\/wp\/v2\/product_brand?post=20547"},{"taxonomy":"product_cat","embeddable":true,"href":"https:\/\/garrafeiragrandeescolha.pt\/fr\/wp-json\/wp\/v2\/product_cat?post=20547"},{"taxonomy":"product_tag","embeddable":true,"href":"https:\/\/garrafeiragrandeescolha.pt\/fr\/wp-json\/wp\/v2\/product_tag?post=20547"}],"curies":[{"name":"wp","href":"https:\/\/api.w.org\/{rel}","templated":true}]}}