{"id":20604,"date":"2025-11-07T10:35:31","date_gmt":"2025-11-07T10:35:31","guid":{"rendered":"https:\/\/garrafeiragrandeescolha.pt\/?post_type=product&#038;p=20604"},"modified":"2025-11-07T10:48:47","modified_gmt":"2025-11-07T10:48:47","slug":"quinta-de-lemos-alfocheiro-tinto-2015-75cl","status":"publish","type":"product","link":"https:\/\/garrafeiragrandeescolha.pt\/fr\/produit\/quinta-de-lemos-alfocheiro-tinto-2015-75cl\/","title":{"rendered":"Quinta de Lemos Alfocheiro Tinto 2015 75cl"},"content":{"rendered":"<p><img decoding=\"async\" class=\"size-full wp-image-16530 aligncenter\" src=\"http:\/\/garrafeiragrandeescolha.pt\/wp-content\/uploads\/2022\/10\/lemos-logo.png\" alt=\"\" width=\"218\" height=\"39\" srcset=\"https:\/\/garrafeiragrandeescolha.pt\/wp-content\/uploads\/2022\/10\/lemos-logo.png 218w, https:\/\/garrafeiragrandeescolha.pt\/wp-content\/uploads\/2022\/10\/lemos-logo-18x3.png 18w\" sizes=\"(max-width: 218px) 100vw, 218px\" \/><\/p>\n<p>Em homenagem ao D\u00e3o criamos vinhos exclusivos, feitos a partir de castas aut\u00f3ctones da regi\u00e3o.<\/p>\n<p>O sistema agr\u00edcola implementado na Quinta \u00e9 um programa de\u00a0prote\u00e7\u00e3o integrada, o que reduz ao m\u00ednimo as interven\u00e7\u00f5es de produtos fitossanit\u00e1rios, demonstrando um grande respeito pelo ambiente. As vinhas n\u00e3o s\u00e3o irrigadas, colocando desta forma a vinha \u00e0 merc\u00ea do clima, o que sublima o car\u00e1cter anual de cada vinho.<\/p>\n<p>Todos os passos na condu\u00e7\u00e3o da vinha refletem o carinho pelo produto final. As produ\u00e7\u00f5es s\u00e3o limitadas para que cada cepa possa expressar ao m\u00e1ximo as caracter\u00edsticas das uvas que gera, exacerbando as caracter\u00edsticas de cada casta, o que se traduz numa produ\u00e7\u00e3o anual de 100 mil garrafas de vinho de qualidade superior.<\/p>\n<p>A Quinta de Lemos tem sido distinguida desde o seu in\u00edcio, mas foi em 2013 que recebeu um dos pr\u00e9mios mais emblem\u00e1ticos a n\u00edvel mundial: a Gold Medal, Portuguese Red Trophy e D\u00e3o Trophy, para o vinho Dona Georgina 2005 no International Wine Challenge (IWC), um dos concursos de maior prest\u00edgio internacional que decorre anualmente no Reino Unido.<\/p>\n<p>No IWC o pr\u00e9mio especial James Rogers Trophy 2013 que premeia o melhor vinho no primeiro ano de produ\u00e7\u00e3o, e por este motivo, ficou nomeado como um dos cinco melhores vinhos do mundo.<\/p>\n<p>Robert Parker, cr\u00edtico de vinhos com reconhecimento mundial, classificou todas as colheitas de 2011 e 2012 com 90 ou mais pontos.<\/p>","protected":false},"excerpt":{"rendered":"<p>Aroma fino e elegante, a florais de camomila e marga\u00e7a, fruta vermelha fresca. Muito elegante em boca com bom equil\u00edbrio e polido final.<\/p>\n<p>&nbsp;<\/p>","protected":false},"featured_media":20605,"template":"","meta":{"_exactmetrics_skip_tracking":false,"_exactmetrics_sitenote_active":false,"_exactmetrics_sitenote_note":"","_exactmetrics_sitenote_category":0,"_uf_show_specific_survey":0,"_uf_disable_surveys":false,"iawp_total_views":4},"product_brand":[],"product_cat":[187,184,157],"product_tag":[],"class_list":{"0":"post-20604","1":"product","2":"type-product","3":"status-publish","4":"has-post-thumbnail","6":"product_cat-dao-tinto","7":"product_cat-tinto","8":"product_cat-vinhos","10":"first","11":"instock","12":"shipping-taxable","13":"purchasable","14":"product-type-simple"},"_links":{"self":[{"href":"https:\/\/garrafeiragrandeescolha.pt\/fr\/wp-json\/wp\/v2\/product\/20604","targetHints":{"allow":["GET"]}}],"collection":[{"href":"https:\/\/garrafeiragrandeescolha.pt\/fr\/wp-json\/wp\/v2\/product"}],"about":[{"href":"https:\/\/garrafeiragrandeescolha.pt\/fr\/wp-json\/wp\/v2\/types\/product"}],"wp:featuredmedia":[{"embeddable":true,"href":"https:\/\/garrafeiragrandeescolha.pt\/fr\/wp-json\/wp\/v2\/media\/20605"}],"wp:attachment":[{"href":"https:\/\/garrafeiragrandeescolha.pt\/fr\/wp-json\/wp\/v2\/media?parent=20604"}],"wp:term":[{"taxonomy":"product_brand","embeddable":true,"href":"https:\/\/garrafeiragrandeescolha.pt\/fr\/wp-json\/wp\/v2\/product_brand?post=20604"},{"taxonomy":"product_cat","embeddable":true,"href":"https:\/\/garrafeiragrandeescolha.pt\/fr\/wp-json\/wp\/v2\/product_cat?post=20604"},{"taxonomy":"product_tag","embeddable":true,"href":"https:\/\/garrafeiragrandeescolha.pt\/fr\/wp-json\/wp\/v2\/product_tag?post=20604"}],"curies":[{"name":"wp","href":"https:\/\/api.w.org\/{rel}","templated":true}]}}