{"id":20753,"date":"2025-11-22T17:13:25","date_gmt":"2025-11-22T17:13:25","guid":{"rendered":"https:\/\/garrafeiragrandeescolha.pt\/?post_type=product&#038;p=20753"},"modified":"2025-11-22T17:14:49","modified_gmt":"2025-11-22T17:14:49","slug":"folha-do-meio-reserva-tinto-2021-15l","status":"publish","type":"product","link":"https:\/\/garrafeiragrandeescolha.pt\/fr\/produit\/folha-do-meio-reserva-tinto-2021-15l\/","title":{"rendered":"Folha do Meio Reserva Tinto 2021 1,5L"},"content":{"rendered":"<p>A Terrenus Veritae \u00e9 uma empresa constitu\u00edda em 2009, cuja principal actividade desenvolvida at\u00e9 ao presente, se traduz pela produ\u00e7\u00e3o e comercializa\u00e7\u00e3o de vinhos. Tem a sua sede localizada em Alegrete, uma freguesia rural do Concelho de Portalegre \u2013 Alto Alentejo\/Portugal.<br \/>\nEm Setembro de 2008 realizou a primeira colheita de uvas numa vinha situada em Besteiros, freguesia de Alegrete dentro do Parque Natural da Serra de S. Mamde. \u00c9 uma vinha madura e as suas cepas, adultas e em plena produ\u00e7\u00e3o, est\u00e3o plantadas a uma altitude que varia entre os 500m e os 550m em terreno xistoso.<\/p>","protected":false},"excerpt":{"rendered":"<p>De cor vermelha profunda, este vinho \u00e9 intenso e arom\u00e1tico. Com desengace total, macera\u00e7\u00e3o pr\u00e9-fermentativa, fermenta\u00e7\u00e3o com temperatura controlada a 25\u00baC e macera\u00e7\u00e3o prolongada. Este vinho estagiou em barricas de carvalho franc\u00eas e americano durante 12 meses.<\/p>","protected":false},"featured_media":20727,"template":"","meta":{"_exactmetrics_skip_tracking":false,"_exactmetrics_sitenote_active":false,"_exactmetrics_sitenote_note":"","_exactmetrics_sitenote_category":0,"_uf_show_specific_survey":0,"_uf_disable_surveys":false,"iawp_total_views":16},"product_brand":[],"product_cat":[258,216,157,184,207],"product_tag":[],"class_list":{"0":"post-20753","1":"product","2":"type-product","3":"status-publish","4":"has-post-thumbnail","6":"product_cat-conjuntos-de-oferta","7":"product_cat-conjuntos","8":"product_cat-vinhos","9":"product_cat-tinto","10":"product_cat-alentejo","12":"first","13":"instock","14":"shipping-taxable","15":"purchasable","16":"product-type-simple"},"_links":{"self":[{"href":"https:\/\/garrafeiragrandeescolha.pt\/fr\/wp-json\/wp\/v2\/product\/20753","targetHints":{"allow":["GET"]}}],"collection":[{"href":"https:\/\/garrafeiragrandeescolha.pt\/fr\/wp-json\/wp\/v2\/product"}],"about":[{"href":"https:\/\/garrafeiragrandeescolha.pt\/fr\/wp-json\/wp\/v2\/types\/product"}],"wp:featuredmedia":[{"embeddable":true,"href":"https:\/\/garrafeiragrandeescolha.pt\/fr\/wp-json\/wp\/v2\/media\/20727"}],"wp:attachment":[{"href":"https:\/\/garrafeiragrandeescolha.pt\/fr\/wp-json\/wp\/v2\/media?parent=20753"}],"wp:term":[{"taxonomy":"product_brand","embeddable":true,"href":"https:\/\/garrafeiragrandeescolha.pt\/fr\/wp-json\/wp\/v2\/product_brand?post=20753"},{"taxonomy":"product_cat","embeddable":true,"href":"https:\/\/garrafeiragrandeescolha.pt\/fr\/wp-json\/wp\/v2\/product_cat?post=20753"},{"taxonomy":"product_tag","embeddable":true,"href":"https:\/\/garrafeiragrandeescolha.pt\/fr\/wp-json\/wp\/v2\/product_tag?post=20753"}],"curies":[{"name":"wp","href":"https:\/\/api.w.org\/{rel}","templated":true}]}}