{"id":20827,"date":"2025-11-26T14:13:07","date_gmt":"2025-11-26T14:13:07","guid":{"rendered":"https:\/\/garrafeiragrandeescolha.pt\/?post_type=product&#038;p=20827"},"modified":"2025-11-26T14:32:11","modified_gmt":"2025-11-26T14:32:11","slug":"flor-das-tecedeiras-tinto-75cl-pack-2","status":"publish","type":"product","link":"https:\/\/garrafeiragrandeescolha.pt\/fr\/produit\/flor-das-tecedeiras-tinto-75cl-pack-2\/","title":{"rendered":"Flor das Tecedeiras Tinto 75cl Pack 2"},"content":{"rendered":"<p><img fetchpriority=\"high\" decoding=\"async\" class=\"size-medium wp-image-15317 aligncenter\" src=\"http:\/\/garrafeiragrandeescolha.pt\/wp-content\/uploads\/2022\/02\/logo-tecedeiras-300x182.jpg\" alt=\"\" width=\"300\" height=\"182\" srcset=\"https:\/\/garrafeiragrandeescolha.pt\/wp-content\/uploads\/2022\/02\/logo-tecedeiras-300x182.jpg 300w, https:\/\/garrafeiragrandeescolha.pt\/wp-content\/uploads\/2022\/02\/logo-tecedeiras.jpg 317w\" sizes=\"(max-width: 300px) 100vw, 300px\" \/><\/p>\n<p>As Tecedeiras situa-se na zona nobre do Douro vinhateiro, a oito quil\u00f3metros a montante da vila do Pinh\u00e3o. Nesta propriedade com vista privilegiada sobre o rio Douro moram mem\u00f3rias de uma hist\u00f3ria riqu\u00edssima, n\u00e3o s\u00f3 da vinha, mas tamb\u00e9m das freiras tecedeiras de linho, que lhe deram o nome, e do olival.<\/p>\n<p>Percorrendo as Tecedeiras, compreende-se como cresce ali uma simbiose feliz entre os vinhedos antigos e novos, bem como com o olival que vem do tempo em que a filoxera exigiu ao Douro encontrar cultivos alternativos \u00e0 vinha devastada.<\/p>\n<p>\u00c9 desta heran\u00e7a que se valoriza, que nascem vinhos DOC Douro e vinhos do Porto Quinta das Tecedeiras de qualidade reconhecida internacionalmente.<\/p>","protected":false},"excerpt":{"rendered":"<p>Cor rubi viva com boa intensidade. Aroma jovem e intenso a frutos vermelhos frescos. Nariz muito atraente. Em boca, apresenta-se fresco e com taninos polidos, conferindo-lhe eleg\u00e2ncia. Final persistente.<\/p>","protected":false},"featured_media":20828,"template":"","meta":{"_exactmetrics_skip_tracking":false,"_exactmetrics_sitenote_active":false,"_exactmetrics_sitenote_note":"","_exactmetrics_sitenote_category":0,"_uf_show_specific_survey":0,"_uf_disable_surveys":false,"iawp_total_views":52},"product_brand":[],"product_cat":[258,216,157,184,215],"product_tag":[],"class_list":{"0":"post-20827","1":"product","2":"type-product","3":"status-publish","4":"has-post-thumbnail","6":"product_cat-conjuntos-de-oferta","7":"product_cat-conjuntos","8":"product_cat-vinhos","9":"product_cat-tinto","10":"product_cat-douro","12":"first","13":"instock","14":"featured","15":"shipping-taxable","16":"purchasable","17":"product-type-simple"},"_links":{"self":[{"href":"https:\/\/garrafeiragrandeescolha.pt\/fr\/wp-json\/wp\/v2\/product\/20827","targetHints":{"allow":["GET"]}}],"collection":[{"href":"https:\/\/garrafeiragrandeescolha.pt\/fr\/wp-json\/wp\/v2\/product"}],"about":[{"href":"https:\/\/garrafeiragrandeescolha.pt\/fr\/wp-json\/wp\/v2\/types\/product"}],"wp:featuredmedia":[{"embeddable":true,"href":"https:\/\/garrafeiragrandeescolha.pt\/fr\/wp-json\/wp\/v2\/media\/20828"}],"wp:attachment":[{"href":"https:\/\/garrafeiragrandeescolha.pt\/fr\/wp-json\/wp\/v2\/media?parent=20827"}],"wp:term":[{"taxonomy":"product_brand","embeddable":true,"href":"https:\/\/garrafeiragrandeescolha.pt\/fr\/wp-json\/wp\/v2\/product_brand?post=20827"},{"taxonomy":"product_cat","embeddable":true,"href":"https:\/\/garrafeiragrandeescolha.pt\/fr\/wp-json\/wp\/v2\/product_cat?post=20827"},{"taxonomy":"product_tag","embeddable":true,"href":"https:\/\/garrafeiragrandeescolha.pt\/fr\/wp-json\/wp\/v2\/product_tag?post=20827"}],"curies":[{"name":"wp","href":"https:\/\/api.w.org\/{rel}","templated":true}]}}