{"id":20915,"date":"2025-12-13T10:19:34","date_gmt":"2025-12-13T10:19:34","guid":{"rendered":"https:\/\/garrafeiragrandeescolha.pt\/?post_type=product&#038;p=20915"},"modified":"2025-12-20T09:46:09","modified_gmt":"2025-12-20T09:46:09","slug":"porto-maynards-colheita-1962-75cl","status":"publish","type":"product","link":"https:\/\/garrafeiragrandeescolha.pt\/fr\/produit\/porto-maynards-colheita-1962-75cl\/","title":{"rendered":"Porto Maynard&#8217;s Colheita 1962 75cl"},"content":{"rendered":"<p><img decoding=\"async\" class=\"aligncenter\" src=\"https:\/\/maynardsport.com\/Maynard\/img\/logo_black.png\" alt=\"Maynard\u2019s\" \/><\/p>\n<p>De acordo com o &#8220;Livros da Inquisi\u00e7\u00e3o\u201d Walter Maynard foi um dos primeiros comerciantes a enviar Vinho do Porto para Inglaterra, em 1652. Na \u00e9poca, foi nomeado C\u00f4nsul na cidade do Porto pelo seu irm\u00e3o Thomas, que ocupava o cargo de English Council em Lisboa por ordem do rei Charles II. A liga\u00e7\u00e3o familiar com a fam\u00edlia Van Zeller d\u00e1-se atrav\u00e9s da sua bisneta, Dorothea Augusta Kopke.<\/p>\n<p>Ap\u00f3s v\u00e1rios s\u00e9culos, o legado de Maynard permanece vivo. Hoje, a marca Maynard\u2019s apresenta uma ampla gama de Portos de categoria Premium que se destacam, n\u00e3o apenas pela sua qualidade, mas tamb\u00e9m pela variedade do seu portf\u00f3lio. A marca Maynard\u2019s alia o tradicional ao disruptivo, sendo a pioneira no uso de vidro branco nas garrafas &#8211; para mostrar a exuber\u00e2ncia as cores do seu Vinho do Porto -, no desenvolvimento de novos conceitos de embalagem de oferta, e ao possuir a maior cole\u00e7\u00e3o de Portos biol\u00f3gicos. Sempre na vanguarda da inova\u00e7\u00e3o em vinho do Porto, Maynard\u2019s introduz uma abordagem nova e disruptiva neste neg\u00f3cio centen\u00e1rio.<\/p>","protected":false},"excerpt":{"rendered":"<p>Este Porto apresenta aromas muito complexos, com nozes tostadas, ameixa madura, raspas de frutas c\u00edtricas, notas florais suaves, acidez fresca e um toque leve de do\u00e7ura. Na boca, revela-se fresco, leve e elegante, com uma frescura quase c\u00edtrica, leve acidez fresca, do\u00e7ura refinada e um suave toque de secura. Possui um final delicado com notas de caramelo, flores, frutas c\u00edtricas, um toque leve de madeira ex\u00f3tica e uma acidez fresca muito suave. Vinho encantador, express\u00e3o leve e muito jovem, mas complexo.<\/p>","protected":false},"featured_media":20916,"template":"","meta":{"_exactmetrics_skip_tracking":false,"_exactmetrics_sitenote_active":false,"_exactmetrics_sitenote_note":"","_exactmetrics_sitenote_category":0,"_uf_show_specific_survey":0,"_uf_disable_surveys":false,"iawp_total_views":3},"product_brand":[],"product_cat":[162,159,167],"product_tag":[],"class_list":{"0":"post-20915","1":"product","2":"type-product","3":"status-publish","4":"has-post-thumbnail","6":"product_cat-raridades","7":"product_cat-portos","8":"product_cat-colheita","10":"first","11":"instock","12":"shipping-taxable","13":"purchasable","14":"product-type-simple"},"_links":{"self":[{"href":"https:\/\/garrafeiragrandeescolha.pt\/fr\/wp-json\/wp\/v2\/product\/20915","targetHints":{"allow":["GET"]}}],"collection":[{"href":"https:\/\/garrafeiragrandeescolha.pt\/fr\/wp-json\/wp\/v2\/product"}],"about":[{"href":"https:\/\/garrafeiragrandeescolha.pt\/fr\/wp-json\/wp\/v2\/types\/product"}],"wp:featuredmedia":[{"embeddable":true,"href":"https:\/\/garrafeiragrandeescolha.pt\/fr\/wp-json\/wp\/v2\/media\/20916"}],"wp:attachment":[{"href":"https:\/\/garrafeiragrandeescolha.pt\/fr\/wp-json\/wp\/v2\/media?parent=20915"}],"wp:term":[{"taxonomy":"product_brand","embeddable":true,"href":"https:\/\/garrafeiragrandeescolha.pt\/fr\/wp-json\/wp\/v2\/product_brand?post=20915"},{"taxonomy":"product_cat","embeddable":true,"href":"https:\/\/garrafeiragrandeescolha.pt\/fr\/wp-json\/wp\/v2\/product_cat?post=20915"},{"taxonomy":"product_tag","embeddable":true,"href":"https:\/\/garrafeiragrandeescolha.pt\/fr\/wp-json\/wp\/v2\/product_tag?post=20915"}],"curies":[{"name":"wp","href":"https:\/\/api.w.org\/{rel}","templated":true}]}}