{"id":21560,"date":"2026-03-13T14:42:14","date_gmt":"2026-03-13T14:42:14","guid":{"rendered":"https:\/\/garrafeiragrandeescolha.pt\/?post_type=product&#038;p=21560"},"modified":"2026-03-13T14:52:36","modified_gmt":"2026-03-13T14:52:36","slug":"solar-dos-dragos-grande-reserva-tinto-75cl","status":"publish","type":"product","link":"https:\/\/garrafeiragrandeescolha.pt\/fr\/produit\/solar-dos-dragos-grande-reserva-tinto-75cl\/","title":{"rendered":"Solar dos Dragos Reserva Tinto Touriga Nacional 75cl"},"content":{"rendered":"<p><img decoding=\"async\" class=\"aligncenter\" src=\"https:\/\/solardosdragos.com\/cdn\/shop\/files\/solar-dos-dragos-black_120x.svg?v=1701699280\" alt=\"Solar dos Dragos\" \/><\/p>\n<p>Na Solar dos Dragos, a nossa paix\u00e3o reside na cria\u00e7\u00e3o de vinhos excecionais que incorporam o\u00a0<em>terroir<\/em> \u00fanico das nossas vinhas. Localizadas no cora\u00e7\u00e3o de uma paisagem banhada pelo sol, as nossas vinhas beneficiam de condi\u00e7\u00f5es ideais, permitindo-nos produzir vinhos de qualidade e car\u00e1ter incompar\u00e1veis.<\/p>\n<div class=\"media-with-text__text\">\n<div class=\"rich-text-wrapper container\">\n<div class=\"rich-text\">\n<div class=\"rte body-text\">\n<p>Fundada nos princ\u00edpios de dedica\u00e7\u00e3o, inova\u00e7\u00e3o e profundo respeito pela terra, a Solar dos Dragos tornou-se um s\u00edmbolo de excel\u00eancia na produ\u00e7\u00e3o de vinho. A nossa narrativa est\u00e1 entrela\u00e7ada com a rica hist\u00f3ria da regi\u00e3o, onde gera\u00e7\u00f5es de en\u00f3logos aprimoraram as suas habilidades para criar vinhos que resistem \u00e0 prova do tempo.<\/p>\n<\/div>\n<\/div>\n<\/div>\n<\/div>\n<div class=\"media-with-text__media-wrapper border-radius\"><\/div>","protected":false},"excerpt":{"rendered":"<p>De tonalidade vermelha-ruby, 100% Touriga Nacional, estagiou cerca de 9 meses em barricas de carvalho franc\u00eas, oferecendo-nos notas de flores do bosque envolvidas em madeira. Fresco, encorpado e de final persistente.<\/p>","protected":false},"featured_media":21565,"template":"","meta":{"_exactmetrics_skip_tracking":false,"_exactmetrics_sitenote_active":false,"_exactmetrics_sitenote_note":"","_exactmetrics_sitenote_category":0,"_uf_show_specific_survey":0,"_uf_disable_surveys":false,"iawp_total_views":2},"product_brand":[],"product_cat":[157,184,215],"product_tag":[],"class_list":{"0":"post-21560","1":"product","2":"type-product","3":"status-publish","4":"has-post-thumbnail","6":"product_cat-vinhos","7":"product_cat-tinto","8":"product_cat-douro","10":"first","11":"instock","12":"shipping-taxable","13":"purchasable","14":"product-type-simple"},"_links":{"self":[{"href":"https:\/\/garrafeiragrandeescolha.pt\/fr\/wp-json\/wp\/v2\/product\/21560","targetHints":{"allow":["GET"]}}],"collection":[{"href":"https:\/\/garrafeiragrandeescolha.pt\/fr\/wp-json\/wp\/v2\/product"}],"about":[{"href":"https:\/\/garrafeiragrandeescolha.pt\/fr\/wp-json\/wp\/v2\/types\/product"}],"wp:featuredmedia":[{"embeddable":true,"href":"https:\/\/garrafeiragrandeescolha.pt\/fr\/wp-json\/wp\/v2\/media\/21565"}],"wp:attachment":[{"href":"https:\/\/garrafeiragrandeescolha.pt\/fr\/wp-json\/wp\/v2\/media?parent=21560"}],"wp:term":[{"taxonomy":"product_brand","embeddable":true,"href":"https:\/\/garrafeiragrandeescolha.pt\/fr\/wp-json\/wp\/v2\/product_brand?post=21560"},{"taxonomy":"product_cat","embeddable":true,"href":"https:\/\/garrafeiragrandeescolha.pt\/fr\/wp-json\/wp\/v2\/product_cat?post=21560"},{"taxonomy":"product_tag","embeddable":true,"href":"https:\/\/garrafeiragrandeescolha.pt\/fr\/wp-json\/wp\/v2\/product_tag?post=21560"}],"curies":[{"name":"wp","href":"https:\/\/api.w.org\/{rel}","templated":true}]}}