{"id":21633,"date":"2026-04-01T15:40:13","date_gmt":"2026-04-01T15:40:13","guid":{"rendered":"https:\/\/garrafeiragrandeescolha.pt\/?post_type=product&#038;p=21633"},"modified":"2026-04-01T16:15:57","modified_gmt":"2026-04-01T16:15:57","slug":"herdade-do-rocim-amphora-tinto-75cl","status":"publish","type":"product","link":"https:\/\/garrafeiragrandeescolha.pt\/fr\/produit\/herdade-do-rocim-amphora-tinto-75cl\/","title":{"rendered":"Herdade do Rocim Amphora Tinto 2024 75cl"},"content":{"rendered":"<p><img decoding=\"async\" class=\"size-medium wp-image-15321 aligncenter\" src=\"http:\/\/garrafeiragrandeescolha.pt\/wp-content\/uploads\/2022\/02\/logo_herdade-rocim-300x77.png\" alt=\"\" width=\"300\" height=\"77\" srcset=\"https:\/\/garrafeiragrandeescolha.pt\/wp-content\/uploads\/2022\/02\/logo_herdade-rocim-300x77.png 300w, https:\/\/garrafeiragrandeescolha.pt\/wp-content\/uploads\/2022\/02\/logo_herdade-rocim-1024x263.png 1024w, https:\/\/garrafeiragrandeescolha.pt\/wp-content\/uploads\/2022\/02\/logo_herdade-rocim-768x197.png 768w, https:\/\/garrafeiragrandeescolha.pt\/wp-content\/uploads\/2022\/02\/logo_herdade-rocim-1536x394.png 1536w, https:\/\/garrafeiragrandeescolha.pt\/wp-content\/uploads\/2022\/02\/logo_herdade-rocim-600x154.png 600w, https:\/\/garrafeiragrandeescolha.pt\/wp-content\/uploads\/2022\/02\/logo_herdade-rocim.png 1772w\" sizes=\"(max-width: 300px) 100vw, 300px\" \/><\/p>\n<p>Herdade do Rocim est une propri\u00e9t\u00e9 situ\u00e9e entre Vidigueira et Cuba, dans le Baixo Alentejo.<\/p>\n<p>Depuis les op\u00e9rations dans le domaine de la m\u00e9canisation agricole dans les ann\u00e9es 1970, l&#039;investissement dans des secteurs diversifi\u00e9s et compl\u00e9mentaires est une r\u00e9f\u00e9rence dans le parcours de Movicortes. Aux activit\u00e9s d&#039;\u00e9quipement (travaux publics, agriculture et automobile) s&#039;ajoutent ensuite celles des communications sociales, du livre et de la viticulture, avec Rocim.<\/p>\n<p>L&#039;investissement dans le secteur vitivinicole a commenc\u00e9 en 2000 avec Herdade do Rocim. Une propri\u00e9t\u00e9 d&#039;environ 120 hectares, dont 70 de vignes, entre Vidigueira et Cuba, dans le Baixo Alentejo. Une nouvelle aventure et un r\u00eave ont commenc\u00e9.<\/p>\n<p>Les premi\u00e8res ann\u00e9es ont \u00e9t\u00e9 consacr\u00e9es \u00e0 la restructuration et \u00e0 la qualification du domaine, avec la plantation de nouvelles vignes et l&#039;introduction de nouveaux c\u00e9pages, dans un projet m\u00ealant connaissances nouvelles et anciennes, avec raison et \u00e9motion, soutenu par l&#039;amour du p\u00e8re et de la fille.<br \/>\nVint ensuite la construction de la cave \u00e0 vin et la production de vin, avec ses propres marques.<\/p>\n<p>Toujours \u00e0 Cortes (Leiria), ville natale de Jos\u00e9 Ribeiro Vieira, fondateur de l&#039;entreprise, Rocim a commenc\u00e9 \u00e0 planter des vignes en 2003 en vue de r\u00e9cup\u00e9rer l&#039;image de marque de cette paroisse et aussi la tradition familiale dans le secteur vitivinicole, avec le lancement de Vale de Mata.<\/p>\n<p>Aujourd&#039;hui, Rocim est d\u00e9j\u00e0 reconnue pour la qualit\u00e9 de ses vins et de son domaine. Parler de son histoire, c&#039;est parler du r\u00eave et donc c&#039;est aussi parler du pr\u00e9sent et du futur. Parce que le r\u00eave n&#039;a pas de fin.<\/p>\n<p><em>\u00ab Parler de l\u2019avenir n\u2019est pas facile car on ne peut pas le deviner. En tout cas, nous pensons que les fondations et les structures capables de nous encourager \u00e0 continuer ont \u00e9t\u00e9 pos\u00e9es.\u00bb<\/em>\u00a0Jos\u00e9 Ribeiro Vieira.<\/p>","protected":false},"excerpt":{"rendered":"<p>Cor ruby viva e profunda.<\/p>\n<p>Nariz com fruta preta e especiado resultante do est\u00e1gio em barrica.<\/p>\n<p>Taninos firmes e sedosos que lhe permitem uma boa evolu\u00e7\u00e3o em garrafa.<\/p>\n<p>CASTAS: Moreto, Tinta-Grossa, Trincadeira, Aragonez<\/p>","protected":false},"featured_media":21634,"template":"","meta":{"_exactmetrics_skip_tracking":false,"_exactmetrics_sitenote_active":false,"_exactmetrics_sitenote_note":"","_exactmetrics_sitenote_category":0,"_uf_show_specific_survey":0,"_uf_disable_surveys":false,"iawp_total_views":17},"product_brand":[],"product_cat":[207,184,157],"product_tag":[],"class_list":{"0":"post-21633","1":"product","2":"type-product","3":"status-publish","4":"has-post-thumbnail","6":"product_cat-alentejo","7":"product_cat-tinto","8":"product_cat-vinhos","10":"first","11":"instock","12":"shipping-taxable","13":"purchasable","14":"product-type-simple"},"_links":{"self":[{"href":"https:\/\/garrafeiragrandeescolha.pt\/fr\/wp-json\/wp\/v2\/product\/21633","targetHints":{"allow":["GET"]}}],"collection":[{"href":"https:\/\/garrafeiragrandeescolha.pt\/fr\/wp-json\/wp\/v2\/product"}],"about":[{"href":"https:\/\/garrafeiragrandeescolha.pt\/fr\/wp-json\/wp\/v2\/types\/product"}],"wp:featuredmedia":[{"embeddable":true,"href":"https:\/\/garrafeiragrandeescolha.pt\/fr\/wp-json\/wp\/v2\/media\/21634"}],"wp:attachment":[{"href":"https:\/\/garrafeiragrandeescolha.pt\/fr\/wp-json\/wp\/v2\/media?parent=21633"}],"wp:term":[{"taxonomy":"product_brand","embeddable":true,"href":"https:\/\/garrafeiragrandeescolha.pt\/fr\/wp-json\/wp\/v2\/product_brand?post=21633"},{"taxonomy":"product_cat","embeddable":true,"href":"https:\/\/garrafeiragrandeescolha.pt\/fr\/wp-json\/wp\/v2\/product_cat?post=21633"},{"taxonomy":"product_tag","embeddable":true,"href":"https:\/\/garrafeiragrandeescolha.pt\/fr\/wp-json\/wp\/v2\/product_tag?post=21633"}],"curies":[{"name":"wp","href":"https:\/\/api.w.org\/{rel}","templated":true}]}}