{"id":21642,"date":"2026-04-02T16:09:58","date_gmt":"2026-04-02T16:09:58","guid":{"rendered":"https:\/\/garrafeiragrandeescolha.pt\/?post_type=product&#038;p=21642"},"modified":"2026-04-02T18:09:50","modified_gmt":"2026-04-02T18:09:50","slug":"vila-nova-colheita-tardia-50cl","status":"publish","type":"product","link":"https:\/\/garrafeiragrandeescolha.pt\/fr\/produit\/vila-nova-colheita-tardia-50cl\/","title":{"rendered":"Vila Nova Colheita Tardia 50cl"},"content":{"rendered":"<p><img decoding=\"async\" class=\"size-medium wp-image-21647 aligncenter\" src=\"https:\/\/garrafeiragrandeescolha.pt\/wp-content\/uploads\/2026\/04\/stellenbosch-1200x800_a67ae098-98fa-472c-ac20-83f162041ea0-300x150.webp\" alt=\"\" width=\"300\" height=\"150\" srcset=\"https:\/\/garrafeiragrandeescolha.pt\/wp-content\/uploads\/2026\/04\/stellenbosch-1200x800_a67ae098-98fa-472c-ac20-83f162041ea0-300x150.webp 300w, https:\/\/garrafeiragrandeescolha.pt\/wp-content\/uploads\/2026\/04\/stellenbosch-1200x800_a67ae098-98fa-472c-ac20-83f162041ea0-1024x512.webp 1024w, https:\/\/garrafeiragrandeescolha.pt\/wp-content\/uploads\/2026\/04\/stellenbosch-1200x800_a67ae098-98fa-472c-ac20-83f162041ea0-768x384.webp 768w, https:\/\/garrafeiragrandeescolha.pt\/wp-content\/uploads\/2026\/04\/stellenbosch-1200x800_a67ae098-98fa-472c-ac20-83f162041ea0-1536x768.webp 1536w, https:\/\/garrafeiragrandeescolha.pt\/wp-content\/uploads\/2026\/04\/stellenbosch-1200x800_a67ae098-98fa-472c-ac20-83f162041ea0-2048x1024.webp 2048w, https:\/\/garrafeiragrandeescolha.pt\/wp-content\/uploads\/2026\/04\/stellenbosch-1200x800_a67ae098-98fa-472c-ac20-83f162041ea0-18x9.webp 18w, https:\/\/garrafeiragrandeescolha.pt\/wp-content\/uploads\/2026\/04\/stellenbosch-1200x800_a67ae098-98fa-472c-ac20-83f162041ea0-600x300.webp 600w\" sizes=\"(max-width: 300px) 100vw, 300px\" \/><\/p>\n<p>Na fam\u00edlia Lencastre desde o s\u00e9culo XII, a Casa de Vila Nova expandiu-se e cresceu at\u00e9 ao s\u00e9culo XX a partir da sua lend\u00e1ria torre em blocos sucessivamente constru\u00eddos e recuperados. Nas d\u00e9cadas de 1970 e 1980, Lu\u00eds Lencastre iniciou-se como produtor de vinho verde. Em 1986, arranca a reconvers\u00e3o total das vinhas, adquirem-se equipamentos e desenvolvem-se recursos agro-pecu\u00e1rios.<\/p>\n<p>Em 1993, para potenciar a componente vin\u00edcola e alguns neg\u00f3cios imobili\u00e1rios, foi constitu\u00edda a Sociedade Agr\u00edcola da Casa de Vila Nova. Em 2003, s\u00e3o usadas as uvas da Casa de Vila Nova na produ\u00e7\u00e3o e comercializa\u00e7\u00e3o de uma marca de vinho verde, mantendo-se a venda residual de uva a granel. V\u00e1rios vinhos foram lan\u00e7ados e colocados na distribui\u00e7\u00e3o e posteriormente no canal Horeca. A Casa de Vila Nova \u2212 quinta e empresa \u2212 mant\u00e9m-se na fam\u00edlia at\u00e9 hoje, sendo os actuais s\u00f3cios os irm\u00e3os Bernardo, Lu\u00edsa, Sofia e Filipe.<\/p>\n<p>A Casa de Vila Nova fica situada na sub-regi\u00e3o do Sousa, Regi\u00e3o Demarcada dos Vinhos Verdes. Conhecida por regi\u00e3o de Entre-Douro-e-Minho, \u00e9 influenciada pela sua exposi\u00e7\u00e3o aos ventos mar\u00edtimos vindos do Atl\u00e2ntico. Solos, microclima, castas caracter\u00edsticas e uma cultura do vinho \u00fanica, distinguem-na de todas as outras regi\u00f5es do mundo.<\/p>\n<p>A Casa de Vila Nova partilha estas caracter\u00edsticas com a regi\u00e3o demarcada, garantindo uma produ\u00e7\u00e3o de vinho verde de origem e de qualidade. Para isso, conta com a produ\u00e7\u00e3o das suas vinhas e com uvas de outros viticultores da regi\u00e3o, sujeitas a uma criteriosa selec\u00e7\u00e3o e a um elevado controlo de qualidade. Procuramos que os nossos vinhos tenham uma interven\u00e7\u00e3o minimalista na adega, pois acreditamos que os bons vinhos s\u00e3o feitos na vinha onde cuidamos de cada detalhe, colheita ap\u00f3s colheita.<\/p>","protected":false},"excerpt":{"rendered":"<p>Classifica\u00e7\u00e3o:\u00a0Vinho Verde DOC<\/p>\n<p>Castas:\u00a0Alvarinho<\/p>\n<p>\u00c1lcool:\u00a013,5%<\/p>\n<p>Notas de prova:\u00a0\u00c9 um vinho monovarietal da casta Alvarinho que apresenta cor citrina. Exuberante com aromas a compotas e figos maduros. Na boca apresenta-se redondo e cheio com excelente acidez e vivacidade.<\/p>\n<p>Temperatura de servi\u00e7o:\u00a08\u00baC-10\u00baC<\/p>\n<p>Gastronomia:\u00a0Perfeito como aperitivo ou para acompanhar sobremesas diversas.<\/p>","protected":false},"featured_media":21643,"template":"","meta":{"_exactmetrics_skip_tracking":false,"_exactmetrics_sitenote_active":false,"_exactmetrics_sitenote_note":"","_exactmetrics_sitenote_category":0,"_uf_show_specific_survey":0,"_uf_disable_surveys":false,"iawp_total_views":0},"product_brand":[],"product_cat":[185,165,157,206],"product_tag":[],"class_list":{"0":"post-21642","1":"product","2":"type-product","3":"status-publish","4":"has-post-thumbnail","6":"product_cat-branco","7":"product_cat-colheita-tardia","8":"product_cat-vinhos","9":"product_cat-vinhos-verdes","11":"first","12":"instock","13":"shipping-taxable","14":"purchasable","15":"product-type-simple"},"_links":{"self":[{"href":"https:\/\/garrafeiragrandeescolha.pt\/fr\/wp-json\/wp\/v2\/product\/21642","targetHints":{"allow":["GET"]}}],"collection":[{"href":"https:\/\/garrafeiragrandeescolha.pt\/fr\/wp-json\/wp\/v2\/product"}],"about":[{"href":"https:\/\/garrafeiragrandeescolha.pt\/fr\/wp-json\/wp\/v2\/types\/product"}],"wp:featuredmedia":[{"embeddable":true,"href":"https:\/\/garrafeiragrandeescolha.pt\/fr\/wp-json\/wp\/v2\/media\/21643"}],"wp:attachment":[{"href":"https:\/\/garrafeiragrandeescolha.pt\/fr\/wp-json\/wp\/v2\/media?parent=21642"}],"wp:term":[{"taxonomy":"product_brand","embeddable":true,"href":"https:\/\/garrafeiragrandeescolha.pt\/fr\/wp-json\/wp\/v2\/product_brand?post=21642"},{"taxonomy":"product_cat","embeddable":true,"href":"https:\/\/garrafeiragrandeescolha.pt\/fr\/wp-json\/wp\/v2\/product_cat?post=21642"},{"taxonomy":"product_tag","embeddable":true,"href":"https:\/\/garrafeiragrandeescolha.pt\/fr\/wp-json\/wp\/v2\/product_tag?post=21642"}],"curies":[{"name":"wp","href":"https:\/\/api.w.org\/{rel}","templated":true}]}}