{"id":115,"date":"2021-12-19T17:22:28","date_gmt":"2021-12-19T17:22:28","guid":{"rendered":"http:\/\/garrafeiragrandeescolha.pt\/?page_id=115"},"modified":"2022-01-28T11:59:39","modified_gmt":"2022-01-28T11:59:39","slug":"termini-e-condizioni","status":"publish","type":"page","link":"https:\/\/garrafeiragrandeescolha.pt\/it\/termini-e-condizioni\/","title":{"rendered":"Termini e Condizioni"},"content":{"rendered":"<div data-elementor-type=\"wp-page\" data-elementor-id=\"115\" class=\"elementor elementor-115\" data-elementor-post-type=\"page\">\n\t\t\t\t\t\t<section class=\"elementor-section elementor-top-section elementor-element elementor-element-e68ed23 elementor-section-boxed elementor-section-height-default elementor-section-height-default\" data-id=\"e68ed23\" data-element_type=\"section\">\n\t\t\t\t\t\t<div class=\"elementor-container elementor-column-gap-default\">\n\t\t\t\t\t<div class=\"elementor-column elementor-col-100 elementor-top-column elementor-element elementor-element-737926f\" data-id=\"737926f\" data-element_type=\"column\">\n\t\t\t<div class=\"elementor-widget-wrap elementor-element-populated\">\n\t\t\t\t\t\t<div class=\"elementor-element elementor-element-27b1c92 elementor-widget elementor-widget-text-editor\" data-id=\"27b1c92\" data-element_type=\"widget\" data-widget_type=\"text-editor.default\">\n\t\t\t\t<div class=\"elementor-widget-container\">\n\t\t\t\t\t\t\t\t\t<div id=\"primary\" class=\"content-area\"><div id=\"content\" class=\"site-content\"><article class=\"single-content-article single-page-article\"><div class=\"entry\"><div class=\"elementor elementor-2\" data-elementor-type=\"wp-page\" data-elementor-id=\"2\" data-elementor-settings=\"[]\"><div class=\"elementor-inner\"><div class=\"elementor-section-wrap\"><div class=\"elementor-section elementor-top-section elementor-element elementor-element-54646428 elementor-section-boxed elementor-section-height-default elementor-section-height-default\" data-id=\"54646428\" data-element_type=\"section\"><div class=\"elementor-container elementor-column-gap-default\"><div class=\"elementor-row\"><div class=\"elementor-column elementor-col-100 elementor-top-column elementor-element elementor-element-792959e3\" data-id=\"792959e3\" data-element_type=\"column\"><div class=\"elementor-column-wrap elementor-element-populated\"><div class=\"elementor-widget-wrap\"><div class=\"elementor-element elementor-element-63a350a9 elementor-widget elementor-widget-text-editor\" data-id=\"63a350a9\" data-element_type=\"widget\" data-widget_type=\"text-editor.default\"><div class=\"elementor-widget-container\"><div class=\"elementor-text-editor elementor-clearfix\"><p><strong>Termini e Condizioni<\/strong><\/p><p><strong>\u00a0<\/strong><\/p><ol><li><strong>Oggetto e ambito delle Condizioni Generali del Negozio<\/strong><\/li><\/ol><p>1.1 Le presenti Condizioni Generali hanno lo scopo, insieme al modulo d&#039;ordine e agli altri elementi ivi richiamati, di regolare i termini e le condizioni che regoleranno la fornitura del Servizio di Negozio On-line di Fernando Rodrigues Ferreira Unipessoal, Lda, con sede legale in Av . de S\u00e3o Louren\u00e7o 54, Celeir\u00f3s, 4705-442 Braga, con il numero unico di registrazione e identificazione della persona giuridica n\u00ba 509570720, con capitale sociale di 10.000,00 (euro), di seguito denominata Garrafeira Grande Escolha.<\/p><p>1.2 Il servizio consiste nel fornire, attraverso l&#039;indirizzo https:\/\/garrafeiragrandeescolha.pt, l&#039;accesso al Negozio Online che, oltre a fornire informazioni relative ad un insieme di prodotti e\/o servizi, consente all&#039;utente, per via elettronica, di ordinare i prodotti ivi divulgati, secondo i termini e le condizioni qui descritti.<\/p><p>1.3 L&#039;acquisto di qualsiasi prodotto nel Negozio Online Garrafeira Grande Escolha implica l&#039;accettazione delle presenti Condizioni Generali di Vendita Online.<\/p><p>1.4 Tutte le bevande alcoliche disponibili per la vendita nel Negozio Online Garrafeira Grande Escolha possono essere acquistate solo da persone che abbiano l&#039;et\u00e0 legale per farlo, nel loro paese di residenza. Gli elementi e le informazioni trasmessi dall&#039;utente godranno di tutti gli effetti giuridici, riconoscendo all&#039;utente gli acquisti elettronici, e l&#039;utente non potr\u00e0 reclamare la mancanza della firma per il mancato rispetto degli obblighi assunti.<\/p><ol start=\"2\"><li><strong>Informazioni sul prodotto, prezzi e contenuti<\/strong><\/li><\/ol><p>2.1 Garrafeira Grande Escolha si riserva il diritto di modificare, senza preavviso e in qualsiasi momento, le informazioni e l&#039;offerta commerciale presentate riguardanti: prodotti, prezzi, promozioni, condizioni commerciali e servizi.<\/p><p>2.2 Le immagini che illustrano ciascun prodotto presso Garrafeira Grande Escolha possono differire dal prodotto successivamente consegnato, e questi stessi prodotti sono inoltre soggetti a stock out. Se un prodotto non \u00e8 disponibile dopo aver effettuato l&#039;ordine, verrai avvisato tramite e-mail o telefono. In quel momento ti verr\u00e0 presentata la possibilit\u00e0 di annullare l&#039;ordine con relativo rimborso, se hai gi\u00e0 effettuato il relativo pagamento.<\/p><p>2.3 Garrafeira Grande Escolha far\u00e0 tutto il possibile per garantire che le informazioni presentate non contengano errori tipografici, che saranno rapidamente corretti ogni volta che si verificano. Se acquisti un prodotto che presenta caratteristiche differenti da quelle presentate online, hai il diritto di risolvere il contratto d&#039;acquisto secondo le condizioni di legge applicabili (diritto di libera risoluzione).<\/p><p>2.4 Secondo la legislazione portoghese, tutti i prezzi presentati a Garrafeira Grande Escolha includono le rispettive aliquote IVA in vigore, se non diversamente indicato.<\/p><p>2.5 Le promozioni pubblicizzate su Garrafeira Grande Escolha potrebbero non essere applicabili al negozio fisico in Av. de S\u00e3o Louren\u00e7o 54, Celeir\u00f3s a Braga.<\/p><ol start=\"3\"><li><strong>Ordine e pagamento<\/strong><\/li><\/ol><p>3.1 Dopo aver confermato l&#039;ordine a Garrafeira Grande Escolha, verr\u00e0 inviata un&#039;e-mail all&#039;indirizzo di contatto registrato dal cliente al momento della formalizzazione, con tutti i dettagli sulla consegna, fatturazione, informazioni di pagamento, prodotti e valori. Garrafeira Grande Escolha suggerisce a tutti i clienti di confermare i propri dati. Se il cliente non riceve l&#039;e-mail di conferma dell&#039;ordine, \u00e8 invitato a contattare Garrafeira Grande Escolha.<\/p><p>3.2 Se uno qualsiasi dei dettagli inseriti dal cliente nell&#039;ordine non \u00e8 corretto e\/o il cliente desidera modificare qualsiasi informazione, finch\u00e9 l&#039;ordine non \u00e8 stato ancora spedito, il cliente \u00e8 pregato di mettersi in contatto il prima possibile in modo che possa essere apportata internamente la modifica richiesta dal cliente. Le modifiche ai dettagli degli ordini gi\u00e0 spediti dovranno essere analizzate dal team di Garrafeira Grande Escolha affinch\u00e9, insieme al cliente, si possa trovare la soluzione pi\u00f9 adeguata.<\/p><p>3.3 Tutti gli ordini presso Garrafeira Grande Escolha verranno elaborati solo dopo l&#039;effettiva ricezione del pagamento. La sola formalizzazione dell&#039;ordine non costituisce prenotazione dei prodotti.<\/p><p>3.4 Nel caso in cui un ordine non possa essere evaso in tutto o in parte, il cliente sar\u00e0 immediatamente contattato da Garrafeira Grande Escolha per trovare la soluzione pi\u00f9 adeguata.<\/p><p>3.5 Tutti gli ordini effettuati a Garrafeira Grande Escolha hanno un periodo di pagamento massimo di 15 giorni. Trascorso tale periodo l&#039;ordine verr\u00e0 automaticamente annullato.<\/p><p>3.6 Attraverso il Negozio Online Garrafeira Grande Escolha, si accettano pagamenti tramite Multibanco Reference e MBWay (per i clienti con conto bancario in Portogallo), Carta di Credito e Paypal.<\/p><p><img decoding=\"async\" class=\"alignnone wp-image-3185 size-full\" src=\"https:\/\/garrafeiragrandeescolha.pt\/wp-content\/uploads\/2020\/04\/visa.png\" alt=\"\" width=\"200\" height=\"46\" \/><\/p><p>3.7 Gli stati dell&#039;ordine su Garrafeira Grande Escolha comprendono 3 fasi: In sospeso, In elaborazione e Completato.<\/p><p>a) In sospeso \u2013 In attesa che il pagamento entri nel sistema;<br \/>b) In Elaborazione \u2013 Fase in cui il pagamento \u00e8 gi\u00e0 stato ricevuto e l&#039;ordine \u00e8 in fase di lavorazione e confezionamento\/preparazione;<br \/>c) In attesa \u2013 In attesa di ulteriori conferme da parte del cliente per procedere con l&#039;ordine. Fase eccezionale.<br \/>d) Completato \u2013 L&#039;ordine \u00e8 gi\u00e0 stato spedito\/spedito.<\/p><p>3.8 I pagamenti vengono ricevuti in euro, indipendentemente dalla valuta in cui viene effettuata la transazione, i tassi di conversione per i pagamenti effettuati in altre valute saranno a carico del cliente.<\/p><ol start=\"4\"><li><strong>Spese di spedizione<\/strong><\/li><\/ol><p>4.1 Ai prezzi indicati sui prodotti per ciascun ordine, che dipendono dal peso dell&#039;ordine e dalla rispettiva destinazione di consegna, vengono aggiunte le rispettive spese di spedizione. Questo costo di spedizione pu\u00f2 essere simulato all&#039;interno del carrello aggiungendo i prodotti desiderati e compilando tutti i campi richiesti nel simulatore. Anche il totale delle spese di spedizione verr\u00e0 calcolato automaticamente al momento dell&#039;ordine nel Negozio Online. Si prega di notare che i fattori in questo calcolo possono essere variabili e possono subire modifiche senza preavviso.<\/p><ol start=\"5\"><li><strong>Spedizioni e consegne\/ritiro in un negozio fisico Garrafeira Grande Escolha<\/strong><\/li><\/ol><p>5.1 Affinch\u00e9 gli ordini vengano inviati all&#039;indirizzo richiesto, \u00e8 necessario scegliere l&#039;opzione di spedizione: Spedizione Nazionale (nel caso del Portogallo) e Spedizione Internazionale (nel caso di altri paesi al di fuori del Portogallo).<\/p><p>5.2 In generale, dopo la spedizione, un ordine a Garrafeira Grande Escolha impiega del tempo per essere consegnato:<\/p><p>\u2013 72 ore nel Portogallo continentale;<br \/>\u2013 Tra 5 e 9 giorni lavorativi sulle Isole di Madeira e Azzorre;<br \/>\u2013 Circa 4 giorni lavorativi nella Spagna peninsulare;<br \/>\u2013 Circa 6-9 giorni lavorativi nel resto d\u2019Europa;<br \/>\u2013 Circa 7 giorni lavorativi nel resto del mondo.<\/p><p>5.3 Tutti i prodotti inviati da Garrafeira Grande Escolha devono essere controllati al momento della consegna. Se il cliente riscontra che l&#039;ordine \u00e8 danneggiato, dovr\u00e0 restituirlo immediatamente alla societ\u00e0 di trasporti, giustificare debitamente il motivo della restituzione sulla bolla di consegna del corriere e avvisare immediatamente Garrafeira Grande Escolha.<\/p><p>5.4 Se, dopo la consegna, il cliente riscontra che uno qualsiasi degli articoli non \u00e8 conforme, \u00e8 invitato a contattare immediatamente Garrafeira Grande Escolha via e-mail <a href=\"mailto:info@garrafeiragrandeescolha.pt\">info@garrafeiragrandeescolha.pt<\/a> indicando il numero dell&#039;ordine o il numero del documento che accompagnava l&#039;ordine, allegando le immagini dell&#039;imballaggio ricevuto e di tutti gli articoli, in modo che il processo di accertamento dell&#039;accaduto possa essere aperto internamente e in questo modo la situazione possa essere risolta nel pi\u00f9 breve tempo possibile il pi\u00f9 rapidamente possibile.<\/p><p>5.5 Garrafeira Grande Escolha non \u00e8 responsabile per le spedizioni effettuate verso paesi in cui la rispettiva legge non consente l&#039;ingresso di bevande alcoliche. \u00c8 responsabilit\u00e0 dei clienti sequestrare i propri ordini e pagare le spese doganali, se applicabili. In caso di restituzione dei prodotti, Garrafeira Grande Escolha rimborser\u00e0 solo l&#039;importo corrispondente a questi stessi prodotti. In caso di domande, \u00e8 possibile contattare Garrafeira Grande Escolha prima di ordinare.<\/p><p>5.6 Garrafeira Grande Escolha ha contrattato servizi con corrieri specializzati allo scopo di consegne in Portogallo, Europa e nella maggior parte dei paesi del mondo. Viene fatto ogni sforzo per rispettare i termini di spedizione e consegna, tuttavia, \u00e8 opportuno notare che eventuali ritardi nelle consegne possono essere di natura superiore a Garrafeira Grande Escolha e non \u00e8 possibile, in questi casi, garantire termini di consegna esatti.<\/p><p>5.7 La maggior parte delle consegne vengono effettuate in orario d&#039;ufficio nei giorni lavorativi all&#039;indirizzo di spedizione indicato dal cliente al momento dell&#039;invio dell&#039;ordine.<\/p><p>5.8 Se i tentativi di consegna da parte del trasportatore non vanno a buon fine per assenza, viene sempre lasciato un avviso di consegna nella casella di posta del cliente con i dati del trasportatore. A seconda del servizio e del corriere, gli ordini dovranno essere ritirati nel luogo indicato dal corriere nell&#039;avviso di transito, oppure dovranno essere seguite le istruzioni richieste nell&#039;avviso stesso.<\/p><p>5.9 Prima di inviare l&#039;ordine, se il cliente desidera ritirarlo presso il negozio fisico, dovr\u00e0 selezionare l&#039;opzione di spedizione &quot;Ritiro in negozio&quot;: verr\u00e0 automaticamente assunto il negozio in Av. de S\u00e3o Louren\u00e7o 54, Celeir\u00f3s a Braga.<\/p><p>a) Solo la persona il cui nome \u00e8 descritto nel modulo d&#039;ordine sar\u00e0 autorizzata a ritirare l&#039;ordine, a meno che non informi preventivamente Garrafeira Grande Escolha che un&#039;altra persona (identificando il suo nome) ritirer\u00e0 l&#039;ordine.<\/p><ol start=\"6\"><li><strong>Spedizioni e Consegne\/Ritiri<\/strong><\/li><\/ol><p>6.1 Garrafeira Grande Escolha riconosce che tutti i suoi clienti hanno il diritto di recedere dai contratti che firmano con esso, consentendo loro di restituirlo, entro un periodo di 14 giorni a decorrere dal giorno in cui il consumatore acquisisce il possesso fisico del bene, i prodotti acquisita ai sensi del decreto legge n. 143\/2001 e del decreto legge 82\/2008 del 20\/05.<\/p><p>6.2 Per cambi o resi, il cliente \u00e8 invitato a contattare Garrafeira Grande Escolha via e-mail <a href=\"mailto:info@garrafeiragrandeescolha.pt\">info@garrafeiragrandeescolha.pt<\/a> indicando il numero dell&#039;ordine o del documento che lo accompagnava, tenendo conto delle condizioni di seguito descritte nei seguenti argomenti:<\/p><p>a) Per restituire l&#039;ordine, il prodotto deve essere in perfette condizioni e, se del caso, con l&#039;imballaggio originale, gli accessori o le offerte promozionali inclusi e accompagnato da una prova d&#039;acquisto o fattura.<\/p><p>b) Sar\u00e0 consentita la restituzione di prodotti difettosi e spedizioni errate, con Garrafeira Grande Escolha a carico delle spese di spedizione e ritiro qualora il cliente comunichi tale circostanza entro 14 giorni dalla data di ricevimento del prodotto.<\/p><p>c) Una volta ricevuta la merce presso le nostre strutture e dopo averne verificato lo stato, il valore verr\u00e0 restituito secondo il metodo di pagamento effettuato dal cliente, o altra soluzione precedentemente concordata con il cliente.<\/p><p>d) Se il reso non \u00e8 dovuto a un difetto o a una spedizione errata, le rispettive spese di spedizione saranno a carico del cliente.<\/p><p>6.3 Garrafeira Grande Escolha si assume la responsabilit\u00e0 derivante da difetti nell&#039;origine o nella materia prima del prodotto acquistato e se ci\u00f2 sar\u00e0 confermato dal team specializzato di Garrafeira Grande Escolha, il prodotto verr\u00e0 sostituito o restituito senza alcun costo per il cliente.<\/p><p>6.4 Garrafeira Grande Escolha non accetter\u00e0 la restituzione del prodotto dopo che \u00e8 stato utilizzato, o se \u00e8 stato alterato o modificato.<\/p><p>6.5 Garrafeira Grande Escolha non \u00e8 responsabile per carenze derivanti da uso errato, negligenza, cattive condizioni di conservazione o cause di forza maggiore.<\/p><ol start=\"7\"><li><strong>Responsabilit\u00e0<\/strong><\/li><\/ol><p>7.1 Tutti gli acquisti effettuati sul sito Garrafeira Grande Escolha sono soggetti alla legislazione portoghese. Qualsiasi conflitto o divergenza di interpretazione delle Condizioni Generali di Vendita Online sar\u00e0 sottoposto al Tribunale portoghese competente.<\/p><p>7.2 Se il Cliente si trova al di fuori del Portogallo continentale, Garrafeira Grande Escolha informa in anticipo che qualsiasi procedimento legale dovr\u00e0 essere avviato esclusivamente davanti ai tribunali portoghesi.<\/p><ol start=\"8\"><li><strong>Privacy e protezione dei dati personali<\/strong><\/li><\/ol><p>8.1. Garrafeira Grande Escolha garantisce la riservatezza di tutti i dati forniti dagli Utenti.<\/p><p>8.2. I dati personali indicati come obbligatori nel modulo d&#039;ordine sono essenziali per la fornitura del Servizio da parte di Garrafeira Grande Escolha. L&#039;omissione o l&#039;inesattezza dei dati forniti dall&#039;Utente \u00e8 di sua esclusiva e totale responsabilit\u00e0 e pu\u00f2 comportare il rifiuto di Garrafeira Grande Escolha di fornire il Servizio.<\/p><p>8.3. I dati personali dell&#039;Utente saranno trattati e archiviati elettronicamente e sono destinati ad essere utilizzati da Garrafeira Grande Escolha nell&#039;ambito del rapporto contrattuale e\/o commerciale con l&#039;Utente.<\/p><p>8.4. Conformemente alla normativa applicabile, all&#039;Utente \u00e8 garantito, senza ulteriori oneri, il diritto di accesso, rettifica e aggiornamento dei propri dati personali, direttamente o previa richiesta scritta, nonch\u00e9 il diritto di opporsi al loro utilizzo per le finalit\u00e0 di cui all&#039;art. numero precedente e a tal fine \u00e8 necessario contattare il responsabile del trattamento dei dati personali: Garrafeira Grande Escolha.<\/p><p>8.5. Internet \u00e8 una rete aperta, pertanto i dati personali dell&#039;Utente, altre informazioni personali e tutti i contenuti ospitati sul Servizio possono circolare sulla rete senza condizioni di sicurezza, anche correndo il rischio di essere accessibili e utilizzati da terzi non autorizzati, e Garrafeira Grande Escolha non pu\u00f2 essere ritenuta responsabile di tale accesso e\/o utilizzo.<\/p><\/div><\/div><\/div><\/div><\/div><\/div><\/div><\/div><\/div><\/div><\/div><\/div><div class=\"clearfix\">\u00a0<\/div><\/div><\/article><\/div><\/div>\t\t\t\t\t\t\t\t<\/div>\n\t\t\t\t<\/div>\n\t\t\t\t\t<\/div>\n\t\t<\/div>\n\t\t\t\t\t<\/div>\n\t\t<\/section>\n\t\t\t\t<\/div>","protected":false},"excerpt":{"rendered":"<p>Termos e Condi\u00e7\u00f5es \u00a0 \u00c2mbito e Objeto das Condi\u00e7\u00f5es Gerais da Loja 1.1 As presentes Condi\u00e7\u00f5es Gerais destinam-se, com o formul\u00e1rio de encomenda, e os demais elementos referidos nas mesmas, a regular os termos e as condi\u00e7\u00f5es por que se reger\u00e1 a presta\u00e7\u00e3o do Servi\u00e7o Loja Online da Fernando Rodrigues Ferreira Unipessoal, Lda, com sede [&hellip;]<\/p>","protected":false},"author":1,"featured_media":0,"parent":0,"menu_order":0,"comment_status":"closed","ping_status":"closed","template":"","meta":{"_exactmetrics_skip_tracking":false,"_exactmetrics_sitenote_active":false,"_exactmetrics_sitenote_note":"","_exactmetrics_sitenote_category":0,"_uf_show_specific_survey":0,"_uf_disable_surveys":false,"iawp_total_views":139,"footnotes":""},"class_list":["post-115","page","type-page","status-publish","hentry"],"_hostinger_reach_plugin_has_subscription_block":false,"_hostinger_reach_plugin_is_elementor":false,"_links":{"self":[{"href":"https:\/\/garrafeiragrandeescolha.pt\/it\/wp-json\/wp\/v2\/pages\/115","targetHints":{"allow":["GET"]}}],"collection":[{"href":"https:\/\/garrafeiragrandeescolha.pt\/it\/wp-json\/wp\/v2\/pages"}],"about":[{"href":"https:\/\/garrafeiragrandeescolha.pt\/it\/wp-json\/wp\/v2\/types\/page"}],"author":[{"embeddable":true,"href":"https:\/\/garrafeiragrandeescolha.pt\/it\/wp-json\/wp\/v2\/users\/1"}],"replies":[{"embeddable":true,"href":"https:\/\/garrafeiragrandeescolha.pt\/it\/wp-json\/wp\/v2\/comments?post=115"}],"version-history":[{"count":6,"href":"https:\/\/garrafeiragrandeescolha.pt\/it\/wp-json\/wp\/v2\/pages\/115\/revisions"}],"predecessor-version":[{"id":14981,"href":"https:\/\/garrafeiragrandeescolha.pt\/it\/wp-json\/wp\/v2\/pages\/115\/revisions\/14981"}],"wp:attachment":[{"href":"https:\/\/garrafeiragrandeescolha.pt\/it\/wp-json\/wp\/v2\/media?parent=115"}],"curies":[{"name":"wp","href":"https:\/\/api.w.org\/{rel}","templated":true}]}}