{"id":12257,"date":"2020-03-20T19:46:54","date_gmt":"2020-03-20T19:46:54","guid":{"rendered":"http:\/\/garrafeiragrandeescolha.pt\/?post_type=product&#038;p=12257"},"modified":"2025-12-23T12:40:52","modified_gmt":"2025-12-23T12:40:52","slug":"chryseia-tinto-2017","status":"publish","type":"product","link":"https:\/\/garrafeiragrandeescolha.pt\/it\/prodotto\/chryseia-tinto-2017\/","title":{"rendered":"Chryseia Tinto 2017 75cl"},"content":{"rendered":"<p><img fetchpriority=\"high\" decoding=\"async\" class=\"size-full wp-image-15402 aligncenter\" src=\"http:\/\/garrafeiragrandeescolha.pt\/wp-content\/uploads\/2022\/02\/prats-symington_logo.png\" alt=\"\" width=\"256\" height=\"256\" srcset=\"https:\/\/garrafeiragrandeescolha.pt\/wp-content\/uploads\/2022\/02\/prats-symington_logo.png 256w, https:\/\/garrafeiragrandeescolha.pt\/wp-content\/uploads\/2022\/02\/prats-symington_logo-150x150.png 150w, https:\/\/garrafeiragrandeescolha.pt\/wp-content\/uploads\/2022\/02\/prats-symington_logo-100x100.png 100w\" sizes=\"(max-width: 256px) 100vw, 256px\" \/><\/p>\n<p>Patrimonio dell&#039;Umanit\u00e0 e una delle regioni vinicole pi\u00f9 antiche del mondo, la Valle del Douro \u00e8, senza dubbio, uno dei terroir pi\u00f9 sorprendenti nella storia della viticoltura globale.<\/p>\n<p>I grandi vini possono esistere solo se ci sono persone abbastanza fortunate da gustarli. Non c&#039;\u00e8 dubbio che l&#039;aristocrazia inglese abbia giocato un ruolo importante nello sviluppo dei vigneti del vino Porto, come \u00e8 successo a Bordeaux, in particolare con i M\u00e9doc Crus Class\u00e9s.<\/p>\n<p>I vini del Douro, coltivati in un clima inospitale sotto un sole cocente, con la loro bassa acidit\u00e0 e alti livelli di zucchero residuo, sono sempre stati difficili da trasportare. \u00c8 per questo motivo che la regione ha inventato la fortificazione, un processo che prevede l&#039;aggiunta di brandy al vino prima della fine della fermentazione, conferendo al Porto il suo distinto equilibrio alcol-zucchero, combinato con un notevole potenziale di invecchiamento. Inoltre, il processo prevede la rapida ed energica estrazione dei tannini mediante il metodo tradizionale della pigiatura o, in anni pi\u00f9 recenti, mediante l&#039;utilizzo di presse meccaniche.<\/p>\n<p>Mentre si perfezionava l&#039;arte di creare il vino Porto, Bordeaux \u2013 altra regione con un talento nel dissetare gli inglesi \u2013 invent\u00f2 la vinificazione attraverso un processo di macerazione prolungata, che consentiva l&#039;estrazione graduale e delicata dei tannini. Ci\u00f2 ha dato origine all&#039;equilibrio e alla finezza dei grandi M\u00e9doc.<\/p>\n<p>Il tentativo di applicare i metodi di vinificazione bordolesi alle uve tradizionalmente destinate alla produzione del Porto Vintage \u00e8 l&#039;essenza dell&#039;entusiasmante progetto CHRYSEIA.<\/p>\n<p>La famiglia SYMINGTON intendeva unire la loro vasta conoscenza dei diversi terroir e dei vitigni del Douro con l&#039;esperienza di Bruno PRATS nella regione di Bordeaux in modo che insieme potessero produrre vini dalle migliori uve coltivate nei migliori appezzamenti delle migliori fattorie, infatti spirito bordolese.<\/p>\n<p>Andrew James Symington si stabil\u00ec per la prima volta nella citt\u00e0 di Porto nel 1882. Divenne rapidamente uno spedizioniere di vino di Porto e nel 1914 prese il controllo di Warre&#039;s. I discendenti dei suoi tre figli sono oggi proprietari di Warre&#039;s, Dow&#039;s e Graham&#039;s, oltre a numerose propriet\u00e0 dove si trovano alcune delle migliori di Cima Corgo. Le aziende vinicole della famiglia nel Douro superano ora i 900 ettari. Charles Symington \u00e8 responsabile dei vigneti, della vinificazione e della gestione della produzione, mentre Rupert, Paul, John e Dominic viaggiano in giro per il mondo condividendo la magia e i segreti dei loro vini.<\/p>\n<p>Dopo la vendita di\u00a0<em>Castello Cos d&#039;Ouvirnel<\/em>\u00a0che ha gestito per trent&#039;anni, Bruno Prats ha trasferito le sue attivit\u00e0 vitivinicole\u00a0<em>Vi\u00f1a Aquitania<\/em>\u00a0in Cile, dove ha stretto una partnership con Paul Pontallier, Ghislain de Montgolfier e Felipe de Solminihac, e per Anwilka in Sud Africa, in partnership con Lowell Jooste e Hubert de Bouard de Laforest. L&#039;amicizia tra Bruno Prats e la famiglia Symington si \u00e8 sviluppata attraverso la catena vinicola di famiglia Primum Familiae Vini, di cui\u00a0<em>Cos d&#039;Ouvirnel<\/em>\u00a0apparteneva anche.<\/p>\n<p>Nel novembre 1998, la famiglia Symington propose a Bruno Prats di partecipare ad un nuovo progetto per produrre un vino Douro non fortificato di alta qualit\u00e0. Questa proposta ha preso forma nel 1999 con la creazione di PRATS &amp; SYMINGTON Limitada come partnership paritaria tra le due famiglie. La produzione sperimentale di questo primo anno ha permesso di selezionare i lotti migliori e i vitigni pi\u00f9 adatti al progetto. CHRYSEIA 2000 \u00e8 stata la prima annata ad essere prodotta.<\/p>","protected":false},"excerpt":{"rendered":"<p id=\"tw-target-text\" class=\"tw-data-text tw-text-large XcVN5d tw-ta\" dir=\"ltr\" data-placeholder=\"Tradu\u00e7\u00e3o\"><span lang=\"pt\">Chryseia 2017 foi feita com as melhores uvas do Vale do Douro de Prats &amp; Symington vinhas, Quinta de Roriz e Quinta da Perdiz. Tal como acontece com todos os vinhos Chryseia anteriores, Quinta da Vila Velha, propriedade de James e Rupert Symington e que \u00e9 vizinha da Quinta de Roriz, tamb\u00e9m contribuiu para a mistura. 2017 foi o segundo ano mais seco do Douro e sem d\u00favida o mais quente das \u00faltimas quatro d\u00e9cadas. Para o ciclo vegetativo das videiras, entre mar\u00e7o e setembro, o d\u00e9ficit acumulado de chuvas em m\u00e9dia 50%. O inverno seco e ameno foi seguido pelos tr\u00eas meses cruciais da primavera &#8211; mar\u00e7o, Abril e maio &#8211; que foram cumulativamente 2,6 \u00b0 C mais quentes que a m\u00e9dia. A falta de chuva n\u00e3o obstante, as castas regionais responderam com resili\u00eancia caracter\u00edstica, ajustando cedo para as condi\u00e7\u00f5es excepcionalmente secas que prevaleceram desde o in\u00edcio do ano. Sem surpresa, a precocidade do ciclo vegetativo do ano resultou na primeira safra de todos os tempos gravado; colheita a partir do dia 28 de agosto com a Tinta Roriz na Quinta de Roriz e Quinta de Perdiz, e terminou a 18 de Setembro em Roriz e a 20 em Perdiz, com a Touriga Franca e alguma Touriga Nacional. Felizmente, o calor diminuiu um pouco durante Setembro, especialmente as temperaturas noturnas, o que criou uma situa\u00e7\u00e3o ben\u00e9fica refletida na alta qualidade das uvas recebidas na adega. O resultado da vindima superou todas as expectativas. Nota de prova, Bruno Prats (outubro 2019): Cor intensa que reflete grande concentra\u00e7\u00e3o. No nariz o carvalho est\u00e1 perfeitamente integrado e as notas florais da Touriga Nacional Combina bem com as notas mais bals\u00e2micas da Touriga Franca. Um toque de chocolate o final. Na boca a estrutura \u00e9 muito rica e longa. Os taninos s\u00e3o redondos e macios com eleg\u00e2ncia, mineralidade e frescura. O final \u00e9 muito longo e arom\u00e1tico. Um bom vinho potencial de envelhecimento, equilibrando grande concentra\u00e7\u00e3o com eleg\u00e2ncia e finesse. \u00c1lcool VARIEDADES DE UVA: 75% Touriga Nacional | 25% Touriga Franca<\/span><\/p>","protected":false},"featured_media":540,"template":"","meta":{"_exactmetrics_skip_tracking":false,"_exactmetrics_sitenote_active":false,"_exactmetrics_sitenote_note":"","_exactmetrics_sitenote_category":0,"_uf_show_specific_survey":0,"_uf_disable_surveys":false,"iawp_total_views":209},"product_brand":[],"product_cat":[215,201,162,184,157],"product_tag":[],"class_list":{"0":"post-12257","1":"product","2":"type-product","3":"status-publish","4":"has-post-thumbnail","6":"product_cat-douro","7":"product_cat-grandes-vinhos","8":"product_cat-raridades","9":"product_cat-tinto","10":"product_cat-vinhos","12":"first","13":"instock","14":"shipping-taxable","15":"purchasable","16":"product-type-simple"},"_links":{"self":[{"href":"https:\/\/garrafeiragrandeescolha.pt\/it\/wp-json\/wp\/v2\/product\/12257","targetHints":{"allow":["GET"]}}],"collection":[{"href":"https:\/\/garrafeiragrandeescolha.pt\/it\/wp-json\/wp\/v2\/product"}],"about":[{"href":"https:\/\/garrafeiragrandeescolha.pt\/it\/wp-json\/wp\/v2\/types\/product"}],"wp:featuredmedia":[{"embeddable":true,"href":"https:\/\/garrafeiragrandeescolha.pt\/it\/wp-json\/wp\/v2\/media\/540"}],"wp:attachment":[{"href":"https:\/\/garrafeiragrandeescolha.pt\/it\/wp-json\/wp\/v2\/media?parent=12257"}],"wp:term":[{"taxonomy":"product_brand","embeddable":true,"href":"https:\/\/garrafeiragrandeescolha.pt\/it\/wp-json\/wp\/v2\/product_brand?post=12257"},{"taxonomy":"product_cat","embeddable":true,"href":"https:\/\/garrafeiragrandeescolha.pt\/it\/wp-json\/wp\/v2\/product_cat?post=12257"},{"taxonomy":"product_tag","embeddable":true,"href":"https:\/\/garrafeiragrandeescolha.pt\/it\/wp-json\/wp\/v2\/product_tag?post=12257"}],"curies":[{"name":"wp","href":"https:\/\/api.w.org\/{rel}","templated":true}]}}