{"id":12306,"date":"2020-03-21T17:37:51","date_gmt":"2020-03-21T17:37:51","guid":{"rendered":"http:\/\/garrafeiragrandeescolha.pt\/?post_type=product&#038;p=12306"},"modified":"2023-04-26T08:18:52","modified_gmt":"2023-04-26T08:18:52","slug":"espinho-noemi-branco","status":"publish","type":"product","link":"https:\/\/garrafeiragrandeescolha.pt\/it\/prodotto\/espinho-noemi-branco\/","title":{"rendered":"Espinho Reserva Branco 2019 75cl"},"content":{"rendered":"<p><img decoding=\"async\" class=\"size-medium wp-image-17565 aligncenter\" src=\"http:\/\/garrafeiragrandeescolha.pt\/wp-content\/uploads\/2023\/04\/QtaEspinho-Logo-01_700x272-300x136.png\" alt=\"\" width=\"300\" height=\"136\" srcset=\"https:\/\/garrafeiragrandeescolha.pt\/wp-content\/uploads\/2023\/04\/QtaEspinho-Logo-01_700x272-300x136.png 300w, https:\/\/garrafeiragrandeescolha.pt\/wp-content\/uploads\/2023\/04\/QtaEspinho-Logo-01_700x272-18x8.png 18w, https:\/\/garrafeiragrandeescolha.pt\/wp-content\/uploads\/2023\/04\/QtaEspinho-Logo-01_700x272.png 600w\" sizes=\"(max-width: 300px) 100vw, 300px\" \/><\/p>\n<p>Quinta do Espinho occupa 20 ettari alla foce del fiume T\u00e1vora con la riva sinistra del fiume Douro, il centro della coltivazione del vino nella valle del Douro, nella sottoregione di Cima Corgo, dove si trovano alcune delle emblematiche aziende vinicole portuali .<\/p>\n<p>Considerato uno dei pi\u00f9 grandi paesaggi vinicoli del mondo, la regione vinicola dell&#039;Alto Douro \u00e8 stata classificata dall&#039;UNESCO come patrimonio dell&#039;umanit\u00e0 nel 2001.<\/p>\n<p>La sua situazione logistica e strategica \u00e8 eccezionale, in termini di accessibilit\u00e0 e, soprattutto, di enormi potenzialit\u00e0 viticole, paesaggistiche e ambientali nelle produzioni a cui \u00e8 dedicata.<\/p>\n<p>Ai vigneti terrazzati che si estendono dal fiume ad un&#039;altitudine di 195 metri, si trova un terreno ricco di sostanze nutritive, formato da pezzi laminati di scisto che trattengono l&#039;umidit\u00e0 necessaria affinch\u00e9 la vite sopravviva nelle condizioni quasi aride che prevalgono durante la maggior parte del estate.<\/p>\n<p>Nel 1986 inizia il progetto di impianto di nuovi vigneti e di ristrutturazione del vecchio vigneto. Nel 2010 sono stati rinnovati gli impianti della cantina e del magazzino. Nel pieno rispetto delle esigenze imposte dalla posizione della Quinta, nel cuore della regione del Douro, gli edifici dell&#039;inizio del secolo sono stati restaurati. XVIII mantenendo le strutture tradizionali come i mulini in pietra, utilizzati ancora oggi. La ristrutturazione \u00e8 stata eseguita con le pi\u00f9 moderne attrezzature di vinificazione e stoccaggio, al fine di garantire la massima qualit\u00e0 e versatilit\u00e0 nell&#039;impegnativo processo di vinificazione.<\/p>","protected":false},"excerpt":{"rendered":"<p>O Espinho Reserva branco \u00e9 elaborado a partir duma selec\u00e7\u00e3o criteriosa de uvas, onde predominam as castas caracter\u00edsticas do Douro, Viosinho, Rabigato, C\u00f3dega de Larinho e Gouveio.<\/p>\n<p>De cor citrino esverdeado, brilhante.<br \/>\nIntenso no aroma, notas tostadas da madeira nova, c\u00edtrico, toranja.<\/p>\n<p>Boca fresca, concentrada, com mineralidade e final longo.<\/p>\n<p>Este vinho apresenta um estilo gourmet, de grande eleg\u00e2ncia e frescura com uma intensa express\u00e3o arom\u00e1tica.<\/p>","protected":false},"featured_media":17567,"template":"","meta":{"_exactmetrics_skip_tracking":false,"_exactmetrics_sitenote_active":false,"_exactmetrics_sitenote_note":"","_exactmetrics_sitenote_category":0,"_uf_show_specific_survey":0,"_uf_disable_surveys":false,"iawp_total_views":15},"product_brand":[],"product_cat":[185,188,157],"product_tag":[],"class_list":{"0":"post-12306","1":"product","2":"type-product","3":"status-publish","4":"has-post-thumbnail","6":"product_cat-branco","7":"product_cat-douro-branco","8":"product_cat-vinhos","10":"first","11":"instock","12":"shipping-taxable","13":"purchasable","14":"product-type-simple"},"_links":{"self":[{"href":"https:\/\/garrafeiragrandeescolha.pt\/it\/wp-json\/wp\/v2\/product\/12306","targetHints":{"allow":["GET"]}}],"collection":[{"href":"https:\/\/garrafeiragrandeescolha.pt\/it\/wp-json\/wp\/v2\/product"}],"about":[{"href":"https:\/\/garrafeiragrandeescolha.pt\/it\/wp-json\/wp\/v2\/types\/product"}],"wp:featuredmedia":[{"embeddable":true,"href":"https:\/\/garrafeiragrandeescolha.pt\/it\/wp-json\/wp\/v2\/media\/17567"}],"wp:attachment":[{"href":"https:\/\/garrafeiragrandeescolha.pt\/it\/wp-json\/wp\/v2\/media?parent=12306"}],"wp:term":[{"taxonomy":"product_brand","embeddable":true,"href":"https:\/\/garrafeiragrandeescolha.pt\/it\/wp-json\/wp\/v2\/product_brand?post=12306"},{"taxonomy":"product_cat","embeddable":true,"href":"https:\/\/garrafeiragrandeescolha.pt\/it\/wp-json\/wp\/v2\/product_cat?post=12306"},{"taxonomy":"product_tag","embeddable":true,"href":"https:\/\/garrafeiragrandeescolha.pt\/it\/wp-json\/wp\/v2\/product_tag?post=12306"}],"curies":[{"name":"wp","href":"https:\/\/api.w.org\/{rel}","templated":true}]}}