{"id":12370,"date":"2020-03-22T21:57:16","date_gmt":"2020-03-22T21:57:16","guid":{"rendered":"http:\/\/garrafeiragrandeescolha.pt\/?post_type=product&#038;p=12370"},"modified":"2023-10-27T16:23:27","modified_gmt":"2023-10-27T16:23:27","slug":"herdade-do-sobroso-barrique-select-tinto","status":"publish","type":"product","link":"https:\/\/garrafeiragrandeescolha.pt\/it\/prodotto\/herdade-do-sobroso-barrique-select-tinto\/","title":{"rendered":"Herdade do Sobroso Reserva Tinto 2021 75cl"},"content":{"rendered":"<p><img fetchpriority=\"high\" decoding=\"async\" class=\"size-medium wp-image-15461 aligncenter\" src=\"http:\/\/garrafeiragrandeescolha.pt\/wp-content\/uploads\/2022\/02\/sobroso-logo-300x212.jpg\" alt=\"\" width=\"300\" height=\"212\" srcset=\"https:\/\/garrafeiragrandeescolha.pt\/wp-content\/uploads\/2022\/02\/sobroso-logo-300x212.jpg 300w, https:\/\/garrafeiragrandeescolha.pt\/wp-content\/uploads\/2022\/02\/sobroso-logo-1024x724.jpg 1024w, https:\/\/garrafeiragrandeescolha.pt\/wp-content\/uploads\/2022\/02\/sobroso-logo-768x543.jpg 768w, https:\/\/garrafeiragrandeescolha.pt\/wp-content\/uploads\/2022\/02\/sobroso-logo-1536x1086.jpg 1536w, https:\/\/garrafeiragrandeescolha.pt\/wp-content\/uploads\/2022\/02\/sobroso-logo-600x424.jpg 600w, https:\/\/garrafeiragrandeescolha.pt\/wp-content\/uploads\/2022\/02\/sobroso-logo.jpg 1754w\" sizes=\"(max-width: 300px) 100vw, 300px\" \/><\/p>\n<p>Nel 1519, il re Manuele I attribu\u00ec a Vasco da Gama il titolo di conte di Vidigueira. Sar\u00e0 nella quiete di questo bellissimo villaggio dell&#039;Alentejo. tra campi, querce da sughero, ulivi e vigneti che l&#039;uomo che scopr\u00ec la via del mare verso l&#039;India aveva vissuto felicemente con la sua famiglia per alcuni anni.<\/p>\n<p>Herdade do Sobroso si inserisce in questo paesaggio unico, ricco di reminiscenze storiche e patrimoniali, oggi fortemente segnato dalla vicinanza del pi\u00f9 grande lago artificiale d&#039;Europa, la diga di Alqueva<\/p>\n<p>Situato in una regione nota per la sua ricca gastronomia e i dolci conventuali, il ristorante dell&#039;Herdade do Sobroso Country House non lascia il merito nelle mani di altri. Qui il men\u00f9 \u00e8 ricco di prodotti locali e vario. Sar\u00e0 difficile scegliere tra i milleuno piatti che da diversi anni consecutivi vincono premi in prestigiosi concorsi gastronomici.<\/p>","protected":false},"excerpt":{"rendered":"<p>As uvas foram vindimadas \u00e0 m\u00e3o e transportadas at\u00e9 \u00e0 nossa adega, onde se iniciou o processo de transforma\u00e7\u00e3o com vinifica\u00e7\u00e3o em cubas de inox a temperatura controlada e macera\u00e7\u00e3o p\u00f3s fermentativa de 21 dias. Estagiou 12 meses em pipos de 500 litros de carvalho franc\u00eas Allier.<\/p>","protected":false},"featured_media":813,"template":"","meta":{"_exactmetrics_skip_tracking":false,"_exactmetrics_sitenote_active":false,"_exactmetrics_sitenote_note":"","_exactmetrics_sitenote_category":0,"_uf_show_specific_survey":0,"_uf_disable_surveys":false,"iawp_total_views":18},"product_brand":[],"product_cat":[157,184,207],"product_tag":[],"class_list":{"0":"post-12370","1":"product","2":"type-product","3":"status-publish","4":"has-post-thumbnail","6":"product_cat-vinhos","7":"product_cat-tinto","8":"product_cat-alentejo","10":"first","11":"instock","12":"shipping-taxable","13":"purchasable","14":"product-type-simple"},"_links":{"self":[{"href":"https:\/\/garrafeiragrandeescolha.pt\/it\/wp-json\/wp\/v2\/product\/12370","targetHints":{"allow":["GET"]}}],"collection":[{"href":"https:\/\/garrafeiragrandeescolha.pt\/it\/wp-json\/wp\/v2\/product"}],"about":[{"href":"https:\/\/garrafeiragrandeescolha.pt\/it\/wp-json\/wp\/v2\/types\/product"}],"wp:featuredmedia":[{"embeddable":true,"href":"https:\/\/garrafeiragrandeescolha.pt\/it\/wp-json\/wp\/v2\/media\/813"}],"wp:attachment":[{"href":"https:\/\/garrafeiragrandeescolha.pt\/it\/wp-json\/wp\/v2\/media?parent=12370"}],"wp:term":[{"taxonomy":"product_brand","embeddable":true,"href":"https:\/\/garrafeiragrandeescolha.pt\/it\/wp-json\/wp\/v2\/product_brand?post=12370"},{"taxonomy":"product_cat","embeddable":true,"href":"https:\/\/garrafeiragrandeescolha.pt\/it\/wp-json\/wp\/v2\/product_cat?post=12370"},{"taxonomy":"product_tag","embeddable":true,"href":"https:\/\/garrafeiragrandeescolha.pt\/it\/wp-json\/wp\/v2\/product_tag?post=12370"}],"curies":[{"name":"wp","href":"https:\/\/api.w.org\/{rel}","templated":true}]}}