{"id":12378,"date":"2020-03-22T22:31:02","date_gmt":"2020-03-22T22:31:02","guid":{"rendered":"http:\/\/garrafeiragrandeescolha.pt\/?post_type=product&#038;p=12378"},"modified":"2022-01-22T16:23:28","modified_gmt":"2022-01-22T16:23:28","slug":"iter-tinto-2014","status":"publish","type":"product","link":"https:\/\/garrafeiragrandeescolha.pt\/it\/prodotto\/iter-tinto-2014\/","title":{"rendered":"Iter Tinto 75cl"},"content":{"rendered":"<p>Concetto: Duplo PR (o 2PR) \u00e8 una societ\u00e0 di consulenza enologica che sviluppa servizi tecnici principalmente nella regione delimitata del Douro.<br \/>\nUna squadra che si \u00e8 rinnovata negli ultimi 16 anni, accompagnando diversi produttori di Quinta e guidando anche progetti propri. \u00c8 in questo contesto che i vini 2PR e ITER vengono progettati con passione ma senza compromessi.<br \/>\n&quot;Come viticoltori e, soprattutto, appassionati della regione, la nostra missione \u00e8 creare vini che rispettino il carattere dei vigneti e dei vitigni autoctoni del Douro, cercando sempre l&#039;armonia tra complessit\u00e0 ed eleganza&quot;, afferma Ant\u00f3nio Rosas.<br \/>\nA sua volta Filipa Pizarro afferma: \u201cI vini sono il risultato di una propria identit\u00e0, che vogliamo condividere, perch\u00e9 in questo mix di sapori e aromi c&#039;\u00e8 sempre una storia da raccontare, una passione da vivere e un sogno da realizzare! &quot;<\/p>","protected":false},"excerpt":{"rendered":"<p>Vinha \u00fanica com aproximadamente 40 anos de idade. De baixa produ\u00e7\u00e3o, e unicamente com castas aut\u00f3ctones do Douro, com predomin\u00e2ncia em Touriga Nacional (70%) e Touriga Franca (30%). Exposi\u00e7\u00e3o Sul, baixa altitude.<\/p>\n<p>Cor vermelha p\u00farpura intensa. Aromas a fruta vermelha madura aliados a nuances de tosta especiada. Harmonioso e sedutor, apresenta-se vivo com taninos maduros presentes, mas bem polidos. De excelente equil\u00edbrio entre frescura e complexidade, indicia boa capacidade de guarda. Sugest\u00e3o de servi\u00e7o entre 16\u00baC a 18\u00baC.<\/p>","protected":false},"featured_media":829,"template":"","meta":{"_exactmetrics_skip_tracking":false,"_exactmetrics_sitenote_active":false,"_exactmetrics_sitenote_note":"","_exactmetrics_sitenote_category":0,"_uf_show_specific_survey":0,"_uf_disable_surveys":false,"iawp_total_views":98},"product_brand":[],"product_cat":[157,184,215],"product_tag":[],"class_list":{"0":"post-12378","1":"product","2":"type-product","3":"status-publish","4":"has-post-thumbnail","6":"product_cat-vinhos","7":"product_cat-tinto","8":"product_cat-douro","10":"first","11":"instock","12":"shipping-taxable","13":"purchasable","14":"product-type-simple"},"_links":{"self":[{"href":"https:\/\/garrafeiragrandeescolha.pt\/it\/wp-json\/wp\/v2\/product\/12378","targetHints":{"allow":["GET"]}}],"collection":[{"href":"https:\/\/garrafeiragrandeescolha.pt\/it\/wp-json\/wp\/v2\/product"}],"about":[{"href":"https:\/\/garrafeiragrandeescolha.pt\/it\/wp-json\/wp\/v2\/types\/product"}],"wp:featuredmedia":[{"embeddable":true,"href":"https:\/\/garrafeiragrandeescolha.pt\/it\/wp-json\/wp\/v2\/media\/829"}],"wp:attachment":[{"href":"https:\/\/garrafeiragrandeescolha.pt\/it\/wp-json\/wp\/v2\/media?parent=12378"}],"wp:term":[{"taxonomy":"product_brand","embeddable":true,"href":"https:\/\/garrafeiragrandeescolha.pt\/it\/wp-json\/wp\/v2\/product_brand?post=12378"},{"taxonomy":"product_cat","embeddable":true,"href":"https:\/\/garrafeiragrandeescolha.pt\/it\/wp-json\/wp\/v2\/product_cat?post=12378"},{"taxonomy":"product_tag","embeddable":true,"href":"https:\/\/garrafeiragrandeescolha.pt\/it\/wp-json\/wp\/v2\/product_tag?post=12378"}],"curies":[{"name":"wp","href":"https:\/\/api.w.org\/{rel}","templated":true}]}}