{"id":12386,"date":"2020-03-22T23:03:34","date_gmt":"2020-03-22T23:03:34","guid":{"rendered":"http:\/\/garrafeiragrandeescolha.pt\/?post_type=product&#038;p=12386"},"modified":"2024-10-25T18:02:06","modified_gmt":"2024-10-25T18:02:06","slug":"lacrau-tinto","status":"publish","type":"product","link":"https:\/\/garrafeiragrandeescolha.pt\/it\/prodotto\/lacrau-tinto\/","title":{"rendered":"Lacrau Tinto 75cl"},"content":{"rendered":"<p>A Adega Quinta da Fa\u00edsca, situa-se na Regi\u00e3o Demarcada do Douro, na sub-Regi\u00e3o do Cima Corgo, mais precisamente no planalto de Favaios.<\/p>\n<p>A Adega, est\u00e1 inserida na Quinta da Fa\u00edsca, com um total de 17 hectares de vinha, onde predominam as castas brancas \u2013 Moscatel Galego Branco, Gouveio, Viosinho, Verdelho, Rabigato, C\u00f3dega, entre outras, e as tintas \u2013 Touriga Nacional, Touriga Franca, Tinta Amarela, Pinot Noir, etc..<\/p>\n<p>A constru\u00e7\u00e3o da Adega da Quinta da Fa\u00edsca, na freguesia de Favaios, data de 1946. Na adega encontravam-se 3 lagares e 1 lagareta em pedra (no piso superior) assim como uma prensa vertical. No piso inferior repousavam 14 ton\u00e9is em madeira para est\u00e1gio de Vinho do Porto e Moscatel.<br \/>\nCom o objectivo de criar uma adega que permitisse vinificar pequenas parcelas recorrendo a diferentes estilos de vinifica\u00e7\u00e3o, precedeu-se a algumas altera\u00e7\u00f5es. Toda a recep\u00e7\u00e3o de uvas foi deslocada para o exterior da adega, mantendo-se os lagares e a prensa vertical. No piso inferior remodelaram-se 7 ton\u00e9is de diferentes capacidades, instalou-se 1 prensa vertical, 3 cubas de fermenta\u00e7\u00e3o e 6 cubas de armazenamento.<br \/>\nNo espa\u00e7o ocupado pelos restantes velhos ton\u00e9is encontram-se hoje a repousar as barricas de carvalho.<br \/>\nDesde a triagem at\u00e9 \u00e0 prensagem das uvas n\u00e3o se utiliza qualquer bomba. O elemento arquitect\u00f3nico desta adega \u2013 constru\u00e7\u00e3o em dois pisos \u2013, t\u00e3o caracter\u00edsticos das adegas dourienses, permite deslocar o vinho com o uso da gravidade.<\/p>","protected":false},"excerpt":{"rendered":"<p>Perfil: Vinho jovem, com boa intensidade e complexidade arom\u00e1tica. Guloso, medianamente encorpado e com taninos suaves.<br \/>\nGeologia do Solo: Natureza xistosa, estrutura franco-argilosa com boa profundidade.<br \/>\nIdade das Vinhas: Entre 10 a 20 anos.<br \/>\nCastas: Touriga Franca, Tinta Roriz, Tinta Barroca e Touriga Nacional.<br \/>\nVinifica\u00e7\u00e3o: Colheita manual. Escolha manual dos cachos. Desengace seguido de esmagamento. Co-fermenta\u00e7\u00e3o das castas em cuba inox com controlo moderado da temperatura e remontagens manuais.<br \/>\nEst\u00e1gio:\u00a0 Est\u00e1gio sobre as borras finas com battonage em cuba inox at\u00e9 final de Janeiro de 2019.<\/p>\n<p>Cor: Rubi com boa intensidade.<br \/>\nAroma: Jovem, intenso lembrando frutos vermelhos maduros.<br \/>\nPalato: Seco. Acidez equilibrada. Bom aroma de boca. Taninos muito macios que lhe conferem um final sedoso.<\/p>","protected":false},"featured_media":849,"template":"","meta":{"_exactmetrics_skip_tracking":false,"_exactmetrics_sitenote_active":false,"_exactmetrics_sitenote_note":"","_exactmetrics_sitenote_category":0,"_uf_show_specific_survey":0,"_uf_disable_surveys":false,"iawp_total_views":27},"product_brand":[],"product_cat":[215,184,157],"product_tag":[],"class_list":{"0":"post-12386","1":"product","2":"type-product","3":"status-publish","4":"has-post-thumbnail","6":"product_cat-douro","7":"product_cat-tinto","8":"product_cat-vinhos","10":"first","11":"instock","12":"shipping-taxable","13":"purchasable","14":"product-type-simple"},"_links":{"self":[{"href":"https:\/\/garrafeiragrandeescolha.pt\/it\/wp-json\/wp\/v2\/product\/12386","targetHints":{"allow":["GET"]}}],"collection":[{"href":"https:\/\/garrafeiragrandeescolha.pt\/it\/wp-json\/wp\/v2\/product"}],"about":[{"href":"https:\/\/garrafeiragrandeescolha.pt\/it\/wp-json\/wp\/v2\/types\/product"}],"wp:featuredmedia":[{"embeddable":true,"href":"https:\/\/garrafeiragrandeescolha.pt\/it\/wp-json\/wp\/v2\/media\/849"}],"wp:attachment":[{"href":"https:\/\/garrafeiragrandeescolha.pt\/it\/wp-json\/wp\/v2\/media?parent=12386"}],"wp:term":[{"taxonomy":"product_brand","embeddable":true,"href":"https:\/\/garrafeiragrandeescolha.pt\/it\/wp-json\/wp\/v2\/product_brand?post=12386"},{"taxonomy":"product_cat","embeddable":true,"href":"https:\/\/garrafeiragrandeescolha.pt\/it\/wp-json\/wp\/v2\/product_cat?post=12386"},{"taxonomy":"product_tag","embeddable":true,"href":"https:\/\/garrafeiragrandeescolha.pt\/it\/wp-json\/wp\/v2\/product_tag?post=12386"}],"curies":[{"name":"wp","href":"https:\/\/api.w.org\/{rel}","templated":true}]}}