{"id":12433,"date":"2020-03-23T16:31:30","date_gmt":"2020-03-23T16:31:30","guid":{"rendered":"http:\/\/garrafeiragrandeescolha.pt\/?post_type=product&#038;p=12433"},"modified":"2024-04-06T13:33:52","modified_gmt":"2024-04-06T13:33:52","slug":"palha-canas-reserva-tinto","status":"publish","type":"product","link":"https:\/\/garrafeiragrandeescolha.pt\/it\/prodotto\/palha-canas-reserva-tinto\/","title":{"rendered":"Palha Canas Reserva Tinto 2013 75cl"},"content":{"rendered":"<p>Desengace total seguido de esmagamento. Fermenta\u00e7\u00e3o em dep\u00f3sitos de 26.500 litros com sistema de remontagens auto-programadas e sistemas de controlo de temperatura entre os 28.\u00ba C. e os 30.\u00ba C. Macera\u00e7\u00e3o em contacto com manta submersa por 28 dias. Est\u00e1gio de dez meses em barricas de carvalho portugu\u00eas e americano.<\/p>","protected":false},"excerpt":{"rendered":"<p>Capacit\u00e0 75cl<\/p>\n<p>Aromaticamente muito complexo e concentrado, com fortes sensa\u00e7\u00f5es a cerejas, bagas silvestres, ameixas secas e baunilha. Na prova sobressai a fruta madura, chocolate e o est\u00e1gio em madeira. Final de prova guloso, equilibrado e persistente, com taninos suaves.<\/p>","protected":false},"featured_media":956,"template":"","meta":{"_exactmetrics_skip_tracking":false,"_exactmetrics_sitenote_active":false,"_exactmetrics_sitenote_note":"","_exactmetrics_sitenote_category":0,"_uf_show_specific_survey":0,"_uf_disable_surveys":false,"iawp_total_views":7},"product_brand":[],"product_cat":[162,157,184,210],"product_tag":[],"class_list":{"0":"post-12433","1":"product","2":"type-product","3":"status-publish","4":"has-post-thumbnail","6":"product_cat-raridades","7":"product_cat-vinhos","8":"product_cat-tinto","9":"product_cat-lisboa","11":"first","12":"instock","13":"shipping-taxable","14":"purchasable","15":"product-type-simple"},"_links":{"self":[{"href":"https:\/\/garrafeiragrandeescolha.pt\/it\/wp-json\/wp\/v2\/product\/12433","targetHints":{"allow":["GET"]}}],"collection":[{"href":"https:\/\/garrafeiragrandeescolha.pt\/it\/wp-json\/wp\/v2\/product"}],"about":[{"href":"https:\/\/garrafeiragrandeescolha.pt\/it\/wp-json\/wp\/v2\/types\/product"}],"wp:featuredmedia":[{"embeddable":true,"href":"https:\/\/garrafeiragrandeescolha.pt\/it\/wp-json\/wp\/v2\/media\/956"}],"wp:attachment":[{"href":"https:\/\/garrafeiragrandeescolha.pt\/it\/wp-json\/wp\/v2\/media?parent=12433"}],"wp:term":[{"taxonomy":"product_brand","embeddable":true,"href":"https:\/\/garrafeiragrandeescolha.pt\/it\/wp-json\/wp\/v2\/product_brand?post=12433"},{"taxonomy":"product_cat","embeddable":true,"href":"https:\/\/garrafeiragrandeescolha.pt\/it\/wp-json\/wp\/v2\/product_cat?post=12433"},{"taxonomy":"product_tag","embeddable":true,"href":"https:\/\/garrafeiragrandeescolha.pt\/it\/wp-json\/wp\/v2\/product_tag?post=12433"}],"curies":[{"name":"wp","href":"https:\/\/api.w.org\/{rel}","templated":true}]}}