{"id":12511,"date":"2020-03-24T19:01:02","date_gmt":"2020-03-24T19:01:02","guid":{"rendered":"http:\/\/garrafeiragrandeescolha.pt\/?post_type=product&#038;p=12511"},"modified":"2024-01-05T16:05:07","modified_gmt":"2024-01-05T16:05:07","slug":"porto-quinta-do-estanho-vintage-2002","status":"publish","type":"product","link":"https:\/\/garrafeiragrandeescolha.pt\/it\/prodotto\/porto-quinta-do-estanho-vintage-2002\/","title":{"rendered":"Porto Quinta do Estanho Vintage 2002 75cl"},"content":{"rendered":"<p><img fetchpriority=\"high\" decoding=\"async\" class=\"size-full wp-image-15248 aligncenter\" src=\"http:\/\/garrafeiragrandeescolha.pt\/wp-content\/uploads\/2022\/02\/estanho-logo.png\" alt=\"\" width=\"237\" height=\"222\" \/><\/p>\n<p>Dalla prima uva\u2026<\/p>\n<p>Sugli aspri e ripidi pendii del Douro, attraverso la benedizione del sole e l&#039;arte dell&#039;uomo, la vite produce un nettare degno della tavola degli dei.<\/p>\n<p>La fama archeologica del Douro \u00e8 anteriore all&#039;industria del vino. In questa regione, infatti, transitarono persone che scoprirono la ricchezza del sottosuolo. Questi sfruttavano l&#039;oro e lo stagno, che non solo erano abbondanti, ma potevano essere estratti con mezzi rudimentali usati in epoca preistorica.<\/p>\n<p>Dalla latta al vino il passo \u00e8 stato un passo. Ed \u00e8 sulla riva sinistra del fiume Pinh\u00e3o, riconosciuto come ancestrale, che si trova \u201cQuinta do Estanho\u201d, conosciuto con il nome del minerale che vi proliferava. Dopo aver esplorato il sottosuolo, si coltivano i vigneti.<\/p>","protected":false},"excerpt":{"rendered":"<p>Profundo\u00a0 vermelho p\u00farpura. Apresenta, no nariz, um atraente envelhecimento em garrafa. Notas de frutas maduras com especiarias. Boa qualidade arom\u00e1tica. Toque a violetas. Ameixa quente e compota de cereja na boca, sustentado por um bom corpo. Textura suave e acetinada. Um vinho subtil e elegante, a mostrar-se e a evoluir muito bem.<\/p>","protected":false},"featured_media":1152,"template":"","meta":{"_exactmetrics_skip_tracking":false,"_exactmetrics_sitenote_active":false,"_exactmetrics_sitenote_note":"","_exactmetrics_sitenote_category":0,"_uf_show_specific_survey":0,"_uf_disable_surveys":false,"iawp_total_views":37},"product_brand":[],"product_cat":[159,168],"product_tag":[],"class_list":{"0":"post-12511","1":"product","2":"type-product","3":"status-publish","4":"has-post-thumbnail","6":"product_cat-portos","7":"product_cat-vintage","9":"first","10":"instock","11":"shipping-taxable","12":"purchasable","13":"product-type-simple"},"_links":{"self":[{"href":"https:\/\/garrafeiragrandeescolha.pt\/it\/wp-json\/wp\/v2\/product\/12511","targetHints":{"allow":["GET"]}}],"collection":[{"href":"https:\/\/garrafeiragrandeescolha.pt\/it\/wp-json\/wp\/v2\/product"}],"about":[{"href":"https:\/\/garrafeiragrandeescolha.pt\/it\/wp-json\/wp\/v2\/types\/product"}],"wp:featuredmedia":[{"embeddable":true,"href":"https:\/\/garrafeiragrandeescolha.pt\/it\/wp-json\/wp\/v2\/media\/1152"}],"wp:attachment":[{"href":"https:\/\/garrafeiragrandeescolha.pt\/it\/wp-json\/wp\/v2\/media?parent=12511"}],"wp:term":[{"taxonomy":"product_brand","embeddable":true,"href":"https:\/\/garrafeiragrandeescolha.pt\/it\/wp-json\/wp\/v2\/product_brand?post=12511"},{"taxonomy":"product_cat","embeddable":true,"href":"https:\/\/garrafeiragrandeescolha.pt\/it\/wp-json\/wp\/v2\/product_cat?post=12511"},{"taxonomy":"product_tag","embeddable":true,"href":"https:\/\/garrafeiragrandeescolha.pt\/it\/wp-json\/wp\/v2\/product_tag?post=12511"}],"curies":[{"name":"wp","href":"https:\/\/api.w.org\/{rel}","templated":true}]}}