{"id":12519,"date":"2020-03-24T20:44:23","date_gmt":"2020-03-24T20:44:23","guid":{"rendered":"http:\/\/garrafeiragrandeescolha.pt\/?post_type=product&#038;p=12519"},"modified":"2022-12-03T10:56:57","modified_gmt":"2022-12-03T10:56:57","slug":"porto-vista-alegre-vintage-2011","status":"publish","type":"product","link":"https:\/\/garrafeiragrandeescolha.pt\/it\/prodotto\/porto-vista-alegre-vintage-2011\/","title":{"rendered":"Porto Vista Alegre Vintage 2011 75cl"},"content":{"rendered":"<p><img decoding=\"async\" class=\"size-medium wp-image-15060 aligncenter\" src=\"http:\/\/garrafeiragrandeescolha.pt\/wp-content\/uploads\/2022\/02\/vallegre-logo-300x77.png\" alt=\"\" width=\"300\" height=\"77\" srcset=\"https:\/\/garrafeiragrandeescolha.pt\/wp-content\/uploads\/2022\/02\/vallegre-logo-300x77.png 300w, https:\/\/garrafeiragrandeescolha.pt\/wp-content\/uploads\/2022\/02\/vallegre-logo.png 512w\" sizes=\"(max-width: 300px) 100vw, 300px\" \/><\/p>\n<p>VALLEGRE \u2013 Vinhos do Porto, SA, \u00e8 un\u2019azienda portoghese con una tradizione secolare che abbraccia la continuit\u00e0 di un\u2019azienda familiare da cinque generazioni \u2013 azionisti e manager rappresentano la quinta generazione di una famiglia di viticoltori della regione del Douro. Produttore ed esportatore di vini di Porto, DOC Douro e DOC Moscatel do Douro, di alta qualit\u00e0 e prestigio, evidenzia non solo i risultati dell&#039;espansione e della modernizzazione nel corso degli anni, ma anche la conservazione della saggezza ancestrale dalle basi familiari.<\/p>\n<p>La sua sede \u00e8 a Quinta da Vista Alegre, situata nel cuore della pi\u00f9 antica regione vinicola delimitata del mondo \u2013 Regione Demarcata del Douro \u2013 e si trova nella sottoregione di Cima Corgo, a pochi chilometri da Pinh\u00e3o. Spazio bucolico con un paesaggio coinvolgente e superbo data la sua posizione geografica privilegiata che offre ai visitatori una splendida vista sul fiume Douro.<\/p>\n<p><span class=\"texto\">Di enorme bellezza naturale, i suoi angoli sono caratterizzati da punti di interesse, una perfetta armonia con la natura perpetuata nella memoria attraverso l&#039;acuimento dei sensi della vista, piaceri unici del gusto per la ruralit\u00e0, per il paesaggio e per la natura stessa.<\/span><\/p>\n<p>La storia dei vigneti di questa azienda agricola nella produzione del vino \u00e8 certamente lontana, anteriore al 19\u00b0 secolo. Questa \u00e8 la conclusione che si pu\u00f2 dedurre dai libri specializzati sulle tipologie di vite e da alcuni terrazzamenti abbandonati \u2013 i mortorios.<\/p>\n<p>All&#039;inizio degli anni &#039;70 l&#039;azienda si trasform\u00f2 da ditta individuale in societ\u00e0 per azioni, all&#039;epoca denominata Sociedade Agr\u00edcola Barros SA. Nel maggio 1998, la Societ\u00e0 ha cambiato la propria ragione sociale in VALLEGRE - Vinhos do Porto, SA, risultante dalla combinazione dei nomi delle sue due Quinta pi\u00f9 importanti \u2013 Valle Longo e Vista Alegre \u2013 mantenendo, tuttavia, il suo carattere marcatamente familiare e che unisce cinque generazioni.<\/p>\n<p>Il loro obiettivo principale \u00e8 quello di produrre vini a Denominazione di Origine Protetta: DOC Porto, DOC Douro e DOC Moscatel do Douro di altissima qualit\u00e0 e prestigio nazionale e internazionale. Oggi i suoi vini sono venduti e apprezzati in pi\u00f9 di ventisette paesi, e i numerosi premi e riconoscimenti ricevuti in vari Concorsi Internazionali attestano l&#039;eccellenza della nostra qualit\u00e0.<\/p>","protected":false},"excerpt":{"rendered":"<p>Castas: Touriga Nacional, Touriga Franca, Tinta Roriz, Tinta Amarela, Sous\u00e3o, Tinta Barroca, Tinto C\u00e3o<\/p>\n<p>Pode ser consumido desde j\u00e1 caso aprecie a pot\u00eancia da fruta, mas com potencial enorme de envelhecimento em garrafa. Acompanha muito bem queijos fortes, tais como, os nossos Queijos da Serra e Azeit\u00e3o, o Stilton, o Roquefort, o Danish Blue. Tamb\u00e9m, ap\u00f3s a refei\u00e7\u00e3o, com doces e chocolates assim como charutos. Vinho n\u00e3o filtrado. Uma vez aberto, de ser consumido no pr\u00f3prio dia, como qualquer grande vinho de guarda. Ap\u00f3s a decanta\u00e7\u00e3o, o vinho vai abrir e atingir o seu auge para, em seguida, perder gradualmente a frescura alterando significativamente as notas de prova. Deve ser consumido entre 14\u00ba C a 16\u00ba C.<\/p>","protected":false},"featured_media":1176,"template":"","meta":{"_exactmetrics_skip_tracking":false,"_exactmetrics_sitenote_active":false,"_exactmetrics_sitenote_note":"","_exactmetrics_sitenote_category":0,"_uf_show_specific_survey":0,"_uf_disable_surveys":false,"iawp_total_views":12},"product_brand":[],"product_cat":[159,168],"product_tag":[],"class_list":{"0":"post-12519","1":"product","2":"type-product","3":"status-publish","4":"has-post-thumbnail","6":"product_cat-portos","7":"product_cat-vintage","9":"first","10":"instock","11":"shipping-taxable","12":"purchasable","13":"product-type-simple"},"_links":{"self":[{"href":"https:\/\/garrafeiragrandeescolha.pt\/it\/wp-json\/wp\/v2\/product\/12519","targetHints":{"allow":["GET"]}}],"collection":[{"href":"https:\/\/garrafeiragrandeescolha.pt\/it\/wp-json\/wp\/v2\/product"}],"about":[{"href":"https:\/\/garrafeiragrandeescolha.pt\/it\/wp-json\/wp\/v2\/types\/product"}],"wp:featuredmedia":[{"embeddable":true,"href":"https:\/\/garrafeiragrandeescolha.pt\/it\/wp-json\/wp\/v2\/media\/1176"}],"wp:attachment":[{"href":"https:\/\/garrafeiragrandeescolha.pt\/it\/wp-json\/wp\/v2\/media?parent=12519"}],"wp:term":[{"taxonomy":"product_brand","embeddable":true,"href":"https:\/\/garrafeiragrandeescolha.pt\/it\/wp-json\/wp\/v2\/product_brand?post=12519"},{"taxonomy":"product_cat","embeddable":true,"href":"https:\/\/garrafeiragrandeescolha.pt\/it\/wp-json\/wp\/v2\/product_cat?post=12519"},{"taxonomy":"product_tag","embeddable":true,"href":"https:\/\/garrafeiragrandeescolha.pt\/it\/wp-json\/wp\/v2\/product_tag?post=12519"}],"curies":[{"name":"wp","href":"https:\/\/api.w.org\/{rel}","templated":true}]}}