{"id":12564,"date":"2020-03-25T10:49:41","date_gmt":"2020-03-25T10:49:41","guid":{"rendered":"http:\/\/garrafeiragrandeescolha.pt\/?post_type=product&#038;p=12564"},"modified":"2025-10-21T16:41:44","modified_gmt":"2025-10-21T16:41:44","slug":"quinta-dos-avidagos-reserva-tinto","status":"publish","type":"product","link":"https:\/\/garrafeiragrandeescolha.pt\/it\/prodotto\/quinta-dos-avidagos-reserva-tinto\/","title":{"rendered":"Quinta dos Avidagos Reserva Tinto 2017 75cl"},"content":{"rendered":"<p><img decoding=\"async\" class=\"size-full wp-image-18586 aligncenter\" src=\"http:\/\/garrafeiragrandeescolha.pt\/wp-content\/uploads\/2024\/01\/avidagos-logo.jpg\" alt=\"\" width=\"250\" height=\"150\" srcset=\"https:\/\/garrafeiragrandeescolha.pt\/wp-content\/uploads\/2024\/01\/avidagos-logo.jpg 250w, https:\/\/garrafeiragrandeescolha.pt\/wp-content\/uploads\/2024\/01\/avidagos-logo-18x12.jpg 18w\" sizes=\"(max-width: 250px) 100vw, 250px\" \/><\/p>\n<p>A primeira quinta est\u00e1 na fam\u00edlia desde 1670. Hoje j\u00e1 s\u00e3o 4 quintas, com 80 hectares ao todo: Firvida e Al\u00e9m Tanha, Avidagos, Torr\u00e3o e Varanda. A tradi\u00e7\u00e3o sempre foi vender as uvas \u00e0s Casas do Vinho do Porto mas, a partir de 1996 come\u00e7am os primeiros ensaios para produ\u00e7\u00e3o pr\u00f3pria na Quinta dos Avidagos.<\/p>\n<p>As Quintas da Firvida, Torr\u00e3o e Varanda j\u00e1 v\u00eam inclu\u00eddas no mapa do pa\u00eds vinhateiro feito pelo Bar\u00e3o de Forrester no sec XIX. Em 1999, foi constru\u00edda uma adega com os mais recentes avan\u00e7os tecnol\u00f3gicos que permite produzir vinhos de grande qualidade. Ao mesmo tempo, o antigo armaz\u00e9m de Vinhos do Porto foi remodelado para poder servir tamb\u00e9m de local de est\u00e1gio para as barricas.<\/p>\n<p>Neste momento, a Quinta dos Avidagos tem uma gama extensa que vai do Avidagos Branco, Ros\u00e9 e Tinto ao Quinta dos Avidagos Reserva Branco, Ros\u00e9 e Tinto, Quinta do Al\u00e9m Tanha Tinto e Quinta dos Avidagos Grande Reserva Tinto. Atualmente tamb\u00e9m com Vinho do Porto.<\/p>\n<p>As castas aut\u00f3ctones, como a Touriga Nacional, Touriga Franca e Tinta Roriz para os tintos e o Gouveio, Rabigato ou Viosinho para os brancos, permitem-nos obter toda a personalidade e o car\u00e1cter dos &#8220;terroirs&#8221; do Douro.<\/p>\n<p>Juntando enologia de vanguarda com a tradicional pisa a p\u00e9, em lagares de granito, o objetivo \u00e9 produzir vinhos de excelente qualidade, de perfil internacional e com o car\u00e1cter da nossa terra. A excel\u00eancia da cultura vit\u00edcola, o uso de castas tradicionais bem como as condi\u00e7\u00f5es estruturais da regi\u00e3o e humanas do projeto, t\u00eam constitu\u00eddo o segredo do nosso sucesso. O Douro \u00e9 realmente \u00fanico, singular. Os vinhos t\u00eam merecido destaque dos cr\u00edticos no que toca \u00e0 qualidade e as vendas, tanto a n\u00edvel nacional como nos mercados de exporta\u00e7\u00e3o, t\u00eam vindo a aumentar.<\/p>","protected":false},"excerpt":{"rendered":"<p>A primeira quinta est\u00e1 na fam\u00edlia desde 1670. Hoje j\u00e1 s\u00e3o 4 quintas, com 80 hectares ao todo: Firvida e Al\u00e9m Tanha, Avidagos, Torr\u00e3o e Varanda. A tradi\u00e7\u00e3o sempre foi vender as uvas \u00e0s Casas do Vinho do Porto mas, a partir de 1996 come\u00e7am os primeiros ensaios para produ\u00e7\u00e3o pr\u00f3pria na Quinta dos Avidagos. [&hellip;]<\/p>","protected":false},"featured_media":1322,"template":"","meta":{"_exactmetrics_skip_tracking":false,"_exactmetrics_sitenote_active":false,"_exactmetrics_sitenote_note":"","_exactmetrics_sitenote_category":0,"_uf_show_specific_survey":0,"_uf_disable_surveys":false,"iawp_total_views":48},"product_brand":[],"product_cat":[215,184,157],"product_tag":[],"class_list":{"0":"post-12564","1":"product","2":"type-product","3":"status-publish","4":"has-post-thumbnail","6":"product_cat-douro","7":"product_cat-tinto","8":"product_cat-vinhos","10":"first","11":"instock","12":"shipping-taxable","13":"purchasable","14":"product-type-simple"},"_links":{"self":[{"href":"https:\/\/garrafeiragrandeescolha.pt\/it\/wp-json\/wp\/v2\/product\/12564","targetHints":{"allow":["GET"]}}],"collection":[{"href":"https:\/\/garrafeiragrandeescolha.pt\/it\/wp-json\/wp\/v2\/product"}],"about":[{"href":"https:\/\/garrafeiragrandeescolha.pt\/it\/wp-json\/wp\/v2\/types\/product"}],"wp:featuredmedia":[{"embeddable":true,"href":"https:\/\/garrafeiragrandeescolha.pt\/it\/wp-json\/wp\/v2\/media\/1322"}],"wp:attachment":[{"href":"https:\/\/garrafeiragrandeescolha.pt\/it\/wp-json\/wp\/v2\/media?parent=12564"}],"wp:term":[{"taxonomy":"product_brand","embeddable":true,"href":"https:\/\/garrafeiragrandeescolha.pt\/it\/wp-json\/wp\/v2\/product_brand?post=12564"},{"taxonomy":"product_cat","embeddable":true,"href":"https:\/\/garrafeiragrandeescolha.pt\/it\/wp-json\/wp\/v2\/product_cat?post=12564"},{"taxonomy":"product_tag","embeddable":true,"href":"https:\/\/garrafeiragrandeescolha.pt\/it\/wp-json\/wp\/v2\/product_tag?post=12564"}],"curies":[{"name":"wp","href":"https:\/\/api.w.org\/{rel}","templated":true}]}}