{"id":12565,"date":"2020-03-25T10:51:47","date_gmt":"2020-03-25T10:51:47","guid":{"rendered":"http:\/\/garrafeiragrandeescolha.pt\/?post_type=product&#038;p=12565"},"modified":"2025-10-31T15:00:09","modified_gmt":"2025-10-31T15:00:09","slug":"quinta-dos-castelares-grande-reserva-tinto","status":"publish","type":"product","link":"https:\/\/garrafeiragrandeescolha.pt\/it\/prodotto\/quinta-dos-castelares-grande-reserva-tinto\/","title":{"rendered":"Quinta dos Castelares Grande Reserva Tinto 2020 75cl"},"content":{"rendered":"<p><img fetchpriority=\"high\" decoding=\"async\" class=\"size-medium wp-image-15434 aligncenter\" src=\"http:\/\/garrafeiragrandeescolha.pt\/wp-content\/uploads\/2022\/02\/Qta-Castelares-Logo-01-1280x720-1-300x169.png\" alt=\"\" width=\"300\" height=\"169\" srcset=\"https:\/\/garrafeiragrandeescolha.pt\/wp-content\/uploads\/2022\/02\/Qta-Castelares-Logo-01-1280x720-1-300x169.png 300w, https:\/\/garrafeiragrandeescolha.pt\/wp-content\/uploads\/2022\/02\/Qta-Castelares-Logo-01-1280x720-1-1024x576.png 1024w, https:\/\/garrafeiragrandeescolha.pt\/wp-content\/uploads\/2022\/02\/Qta-Castelares-Logo-01-1280x720-1-768x432.png 768w, https:\/\/garrafeiragrandeescolha.pt\/wp-content\/uploads\/2022\/02\/Qta-Castelares-Logo-01-1280x720-1-600x338.png 600w, https:\/\/garrafeiragrandeescolha.pt\/wp-content\/uploads\/2022\/02\/Qta-Castelares-Logo-01-1280x720-1.png 1280w\" sizes=\"(max-width: 300px) 100vw, 300px\" \/><\/p>\n<p>Nel Freixo de Espada \u00e0 Cinta, nel 1953<strong><em>\u00a0<\/em><\/strong>Nasce Manuel Joaquim Caldeira. Figlio di contadini, dedito alla terra e alla coltivazione. Un figlio della terra che ha deciso di non lasciarsi mai alle spalle Freixo de Espada \u00e0 Cinta. Fin da giovanissimo inizia la sua attivit\u00e0 nel settore aziendale, riuscendo cos\u00ec ad acquistare e impiantare il suo primo vigneto a soli 25 anni. Un sogno d&#039;infanzia, che \u00e8 cresciuto fino ad oggi. Attualmente \u00e8 uno dei pi\u00f9 grandi ambasciatori del villaggio pi\u00f9 manuelino del Portogallo e impiega diverse famiglie nelle sue aziende. Con la determinazione e l&#039;umilt\u00e0 di un bambino, Manuel Caldeira, padre di 2 figli, dopo diversi anni legati alla pi\u00f9 grande cooperativa della Regione, ha deciso nel 2015 di costruire la sua prima azienda vinicola. Cos\u00ec \u00e8 nato il progetto Quinta dos Castelares!<\/p>\n<div class=\"wpb_text_column wpb_content_element\">\n<div class=\"wpb_wrapper\">\n<p>&nbsp;<\/p>\n<\/div>\n<\/div>","protected":false},"excerpt":{"rendered":"<div class=\"wpb_text_column wpb_content_element\">\n<div class=\"wpb_wrapper\">\n<p>Vinho Tinto com cara\u0301cter freixenista do Douro Superior. Encorpado, complexo, aroma concentrado e muito elegante.<\/p>\n<\/div>\n<\/div>\n<div class=\"vc_separator wpb_content_element vc_separator_align_center vc_sep_width_50 vc_sep_pos_align_left vc_separator_no_text vc_sep_color_grey\">ESTA\u0301GIO: 18 meses em barricas de carvalho France\u0302s (2\/3) e Americano (1\/3).<\/div>","protected":false},"featured_media":1324,"template":"","meta":{"_exactmetrics_skip_tracking":false,"_exactmetrics_sitenote_active":false,"_exactmetrics_sitenote_note":"","_exactmetrics_sitenote_category":0,"_uf_show_specific_survey":0,"_uf_disable_surveys":false,"iawp_total_views":32},"product_brand":[],"product_cat":[215,184,157],"product_tag":[],"class_list":{"0":"post-12565","1":"product","2":"type-product","3":"status-publish","4":"has-post-thumbnail","6":"product_cat-douro","7":"product_cat-tinto","8":"product_cat-vinhos","10":"first","11":"instock","12":"shipping-taxable","13":"purchasable","14":"product-type-simple"},"_links":{"self":[{"href":"https:\/\/garrafeiragrandeescolha.pt\/it\/wp-json\/wp\/v2\/product\/12565","targetHints":{"allow":["GET"]}}],"collection":[{"href":"https:\/\/garrafeiragrandeescolha.pt\/it\/wp-json\/wp\/v2\/product"}],"about":[{"href":"https:\/\/garrafeiragrandeescolha.pt\/it\/wp-json\/wp\/v2\/types\/product"}],"wp:featuredmedia":[{"embeddable":true,"href":"https:\/\/garrafeiragrandeescolha.pt\/it\/wp-json\/wp\/v2\/media\/1324"}],"wp:attachment":[{"href":"https:\/\/garrafeiragrandeescolha.pt\/it\/wp-json\/wp\/v2\/media?parent=12565"}],"wp:term":[{"taxonomy":"product_brand","embeddable":true,"href":"https:\/\/garrafeiragrandeescolha.pt\/it\/wp-json\/wp\/v2\/product_brand?post=12565"},{"taxonomy":"product_cat","embeddable":true,"href":"https:\/\/garrafeiragrandeescolha.pt\/it\/wp-json\/wp\/v2\/product_cat?post=12565"},{"taxonomy":"product_tag","embeddable":true,"href":"https:\/\/garrafeiragrandeescolha.pt\/it\/wp-json\/wp\/v2\/product_tag?post=12565"}],"curies":[{"name":"wp","href":"https:\/\/api.w.org\/{rel}","templated":true}]}}