{"id":12566,"date":"2020-03-25T10:58:54","date_gmt":"2020-03-25T10:58:54","guid":{"rendered":"http:\/\/garrafeiragrandeescolha.pt\/?post_type=product&#038;p=12566"},"modified":"2026-02-23T15:57:01","modified_gmt":"2026-02-23T15:57:01","slug":"quinta-dos-murcas-reserva-tinto-75cl","status":"publish","type":"product","link":"https:\/\/garrafeiragrandeescolha.pt\/it\/prodotto\/quinta-dos-murcas-reserva-tinto-75cl\/","title":{"rendered":"Quinta dos Mur\u00e7as Reserva Tinto 75cl"},"content":{"rendered":"<p><img fetchpriority=\"high\" decoding=\"async\" class=\"size-medium wp-image-15372 aligncenter\" src=\"http:\/\/garrafeiragrandeescolha.pt\/wp-content\/uploads\/2022\/02\/murcas-logo-300x212.jpg\" alt=\"\" width=\"300\" height=\"212\" srcset=\"https:\/\/garrafeiragrandeescolha.pt\/wp-content\/uploads\/2022\/02\/murcas-logo-300x212.jpg 300w, https:\/\/garrafeiragrandeescolha.pt\/wp-content\/uploads\/2022\/02\/murcas-logo.jpg 600w\" sizes=\"(max-width: 300px) 100vw, 300px\" \/><\/p>\n<p>DIVERSIDADE \u2013 VERTICALIDADE \u2013 ELEG\u00c2NCIA<\/p>\n<p>Situada no centro da DOC Douro, \u00e9 caracterizada pela presen\u00e7a de 8\u00a0<em>terroirs<\/em>\u00a0muito marcados pelas montanhas, pelas diferentes altitudes e exposi\u00e7\u00f5es solares, pelos solos xistosos e pelo clima caracter\u00edstico do vale do rio Douro. Nas vinhas foram plantadas dezenas de castas aut\u00f3ctones, segundo Produ\u00e7\u00e3o Biol\u00f3gica e Produ\u00e7\u00e3o Integrada. As oliveiras, laranjeiras, amendoeiras e mata mediterr\u00e2nica ajudam a manter o equil\u00edbrio do ecossistema.<\/p>","protected":false},"excerpt":{"rendered":"<div class=\"product-Castas\">Castas: Touriga Nacional, Touriga Franca, Sous\u00e3o, Tinta Amarela, Tinta Roriz<\/div>\n<div class=\"product-capacidade\">Capacidade: 750ml<\/div>\n<div class=\"product-notasdeprova\">Notas de Prova: Cor intensa e profunda. Aroma complexo, fresco e elegante, dominado pelos frutos pretos, pelos aromas bals\u00e2micos, como a esteva, e por notas de especiarias provenientes do seu est\u00e1gio em barrica. Firme e concentrado, com uma acidez bem presente e equilibrada, possui taninos maduros e bem envolvidos. Apresenta um final longo e persistente, dominado por notas de fruta, onde se destaca o seu equil\u00edbrio e eleg\u00e2ncia.<\/div>","protected":false},"featured_media":19733,"template":"","meta":{"_exactmetrics_skip_tracking":false,"_exactmetrics_sitenote_active":false,"_exactmetrics_sitenote_note":"","_exactmetrics_sitenote_category":0,"_uf_show_specific_survey":0,"_uf_disable_surveys":false,"iawp_total_views":29},"product_brand":[],"product_cat":[215,184,157],"product_tag":[],"class_list":{"0":"post-12566","1":"product","2":"type-product","3":"status-publish","4":"has-post-thumbnail","6":"product_cat-douro","7":"product_cat-tinto","8":"product_cat-vinhos","10":"first","11":"instock","12":"shipping-taxable","13":"purchasable","14":"product-type-simple"},"_links":{"self":[{"href":"https:\/\/garrafeiragrandeescolha.pt\/it\/wp-json\/wp\/v2\/product\/12566","targetHints":{"allow":["GET"]}}],"collection":[{"href":"https:\/\/garrafeiragrandeescolha.pt\/it\/wp-json\/wp\/v2\/product"}],"about":[{"href":"https:\/\/garrafeiragrandeescolha.pt\/it\/wp-json\/wp\/v2\/types\/product"}],"wp:featuredmedia":[{"embeddable":true,"href":"https:\/\/garrafeiragrandeescolha.pt\/it\/wp-json\/wp\/v2\/media\/19733"}],"wp:attachment":[{"href":"https:\/\/garrafeiragrandeescolha.pt\/it\/wp-json\/wp\/v2\/media?parent=12566"}],"wp:term":[{"taxonomy":"product_brand","embeddable":true,"href":"https:\/\/garrafeiragrandeescolha.pt\/it\/wp-json\/wp\/v2\/product_brand?post=12566"},{"taxonomy":"product_cat","embeddable":true,"href":"https:\/\/garrafeiragrandeescolha.pt\/it\/wp-json\/wp\/v2\/product_cat?post=12566"},{"taxonomy":"product_tag","embeddable":true,"href":"https:\/\/garrafeiragrandeescolha.pt\/it\/wp-json\/wp\/v2\/product_tag?post=12566"}],"curies":[{"name":"wp","href":"https:\/\/api.w.org\/{rel}","templated":true}]}}