{"id":12593,"date":"2020-03-25T18:54:08","date_gmt":"2020-03-25T18:54:08","guid":{"rendered":"http:\/\/garrafeiragrandeescolha.pt\/?post_type=product&#038;p=12593"},"modified":"2025-04-16T09:30:10","modified_gmt":"2025-04-16T09:30:10","slug":"soleggiati-primi-vigneti-alvarinho-bianco-75cl","status":"publish","type":"product","link":"https:\/\/garrafeiragrandeescolha.pt\/it\/prodotto\/soleggiati-primi-vigneti-alvarinho-bianco-75cl\/","title":{"rendered":"Soalheiro Primeiras Vinhas Bianco Alvarinho 2022 75cl"},"content":{"rendered":"<p style=\"text-align: center;\"><img decoding=\"async\" class=\"alignnone size-medium wp-image-19848\" src=\"http:\/\/garrafeiragrandeescolha.pt\/wp-content\/uploads\/2020\/04\/soalheiro-300x101.webp\" alt=\"\" width=\"300\" height=\"101\" srcset=\"https:\/\/garrafeiragrandeescolha.pt\/wp-content\/uploads\/2020\/04\/soalheiro-300x101.webp 300w, https:\/\/garrafeiragrandeescolha.pt\/wp-content\/uploads\/2020\/04\/soalheiro-18x6.webp 18w, https:\/\/garrafeiragrandeescolha.pt\/wp-content\/uploads\/2020\/04\/soalheiro.webp 512w\" sizes=\"(max-width: 300px) 100vw, 300px\" \/><\/p>\n<section class=\"static\">\n<article class=\"hero\">\n<div class=\"article-content\">\n<p>Pioniere nella creazione del vino Alvarinho a Melga\u00e7o e riferimento internazionale per i vini di questa variet\u00e0, Soalheiro \u00e8 perfettamente integrato nel paesaggio tipicamente del Minho che lo circonda. Negli anni settanta (1974) la passione per la viticoltura port\u00f2 Jo\u00e3o Ant\u00f3nio Cerdeira, con il sostegno del padre, Ant\u00f3nio Esteves Ferreira, a piantare il primo vigneto Alvarinho e creare nel 1982 il primo marchio Alvarinho a Melga\u00e7o e uno dei primi marchi di Alvarinho nella sottoregione di Mon\u00e7\u00e3o e Melga\u00e7o.<\/p>\n<\/div>\n<\/article>\n<\/section>\n<section class=\"static\">\n<article>\n<div class=\"article-content\">\n<p>Situato a Melga\u00e7o (il punto pi\u00f9 settentrionale del Portogallo), \u00e8 protetto da un insieme di montagne che creano le condizioni necessarie per la migliore maturazione delle uve Alvarinho. Qui Alvarinho \u00e8 speciale, il terreno \u00e8 protetto da un gruppo di montagne che creano la pioggia, la temperatura e le ore di sole necessarie per la migliore maturazione delle uve. Ci auguriamo che vi piaccia anche la sua espressione vibrante ed elegante, qualcosa di cui siamo appassionati...<\/p>\n<\/div>\n<\/article>\n<\/section>","protected":false},"excerpt":{"rendered":"<p>Colore giallo citrino, profumo elegante e pieno che cresce nel bicchiere diventando sempre pi\u00f9 persistente. Il sapore \u00e8 corposo, fresco e di grande complessit\u00e0 gustativa.<\/p>","protected":false},"featured_media":1403,"template":"","meta":{"_exactmetrics_skip_tracking":false,"_exactmetrics_sitenote_active":false,"_exactmetrics_sitenote_note":"","_exactmetrics_sitenote_category":0,"_uf_show_specific_survey":0,"_uf_disable_surveys":false,"iawp_total_views":1},"product_brand":[],"product_cat":[157,185,206],"product_tag":[],"class_list":{"0":"post-12593","1":"product","2":"type-product","3":"status-publish","4":"has-post-thumbnail","6":"product_cat-vinhos","7":"product_cat-branco","8":"product_cat-vinhos-verdes","10":"first","11":"instock","12":"shipping-taxable","13":"purchasable","14":"product-type-simple"},"_links":{"self":[{"href":"https:\/\/garrafeiragrandeescolha.pt\/it\/wp-json\/wp\/v2\/product\/12593","targetHints":{"allow":["GET"]}}],"collection":[{"href":"https:\/\/garrafeiragrandeescolha.pt\/it\/wp-json\/wp\/v2\/product"}],"about":[{"href":"https:\/\/garrafeiragrandeescolha.pt\/it\/wp-json\/wp\/v2\/types\/product"}],"wp:featuredmedia":[{"embeddable":true,"href":"https:\/\/garrafeiragrandeescolha.pt\/it\/wp-json\/wp\/v2\/media\/1403"}],"wp:attachment":[{"href":"https:\/\/garrafeiragrandeescolha.pt\/it\/wp-json\/wp\/v2\/media?parent=12593"}],"wp:term":[{"taxonomy":"product_brand","embeddable":true,"href":"https:\/\/garrafeiragrandeescolha.pt\/it\/wp-json\/wp\/v2\/product_brand?post=12593"},{"taxonomy":"product_cat","embeddable":true,"href":"https:\/\/garrafeiragrandeescolha.pt\/it\/wp-json\/wp\/v2\/product_cat?post=12593"},{"taxonomy":"product_tag","embeddable":true,"href":"https:\/\/garrafeiragrandeescolha.pt\/it\/wp-json\/wp\/v2\/product_tag?post=12593"}],"curies":[{"name":"wp","href":"https:\/\/api.w.org\/{rel}","templated":true}]}}