{"id":12618,"date":"2020-03-25T22:00:32","date_gmt":"2020-03-25T22:00:32","guid":{"rendered":"http:\/\/garrafeiragrandeescolha.pt\/?post_type=product&#038;p=12618"},"modified":"2023-11-12T19:55:13","modified_gmt":"2023-11-12T19:55:13","slug":"vinha-paz-reserva-tinto-75cl","status":"publish","type":"product","link":"https:\/\/garrafeiragrandeescolha.pt\/it\/prodotto\/vinha-paz-reserva-tinto-75cl\/","title":{"rendered":"Vinha Paz Reserva Tinto 2018 75cl"},"content":{"rendered":"","protected":false},"excerpt":{"rendered":"<p>A express\u00e3o da personalidade dos vinho do D\u00e3o est\u00e1 bem evidente nesse vinho Reserva 2015. Elaborado com a melhor sele\u00e7\u00e3o das castas da Quinta da Vinha Paz, este vinho apresenta cor rubi profunda com nuances de cor p\u00farpura. O aroma revela notas de fruta madura com presen\u00e7a de ameixa preta, amora e suaves nuances de mirtilo casadas com notas bals\u00e2micas, laranja cristalizada e especiarias finas com retoque de frutos secos.<br \/>\nNa boca apresenta-se com eleg\u00e2ncia, delicada suavidade, volume equilibrado, onde se express\u00e3o notas minerais frescas e taninos aveludados. Boa express\u00e3o de harmonia com evidente final de boca longo de elevado requinte.<br \/>\nDeve ser servido \u00e0 temperatura de 18 \u00ba C a acompanhar pratos estruturados e queijos.<\/p>","protected":false},"featured_media":1462,"template":"","meta":{"_exactmetrics_skip_tracking":false,"_exactmetrics_sitenote_active":false,"_exactmetrics_sitenote_note":"","_exactmetrics_sitenote_category":0,"_uf_show_specific_survey":0,"_uf_disable_surveys":false,"iawp_total_views":2},"product_brand":[],"product_cat":[157,184,187],"product_tag":[],"class_list":{"0":"post-12618","1":"product","2":"type-product","3":"status-publish","4":"has-post-thumbnail","6":"product_cat-vinhos","7":"product_cat-tinto","8":"product_cat-dao-tinto","10":"first","11":"instock","12":"shipping-taxable","13":"purchasable","14":"product-type-simple"},"_links":{"self":[{"href":"https:\/\/garrafeiragrandeescolha.pt\/it\/wp-json\/wp\/v2\/product\/12618","targetHints":{"allow":["GET"]}}],"collection":[{"href":"https:\/\/garrafeiragrandeescolha.pt\/it\/wp-json\/wp\/v2\/product"}],"about":[{"href":"https:\/\/garrafeiragrandeescolha.pt\/it\/wp-json\/wp\/v2\/types\/product"}],"wp:featuredmedia":[{"embeddable":true,"href":"https:\/\/garrafeiragrandeescolha.pt\/it\/wp-json\/wp\/v2\/media\/1462"}],"wp:attachment":[{"href":"https:\/\/garrafeiragrandeescolha.pt\/it\/wp-json\/wp\/v2\/media?parent=12618"}],"wp:term":[{"taxonomy":"product_brand","embeddable":true,"href":"https:\/\/garrafeiragrandeescolha.pt\/it\/wp-json\/wp\/v2\/product_brand?post=12618"},{"taxonomy":"product_cat","embeddable":true,"href":"https:\/\/garrafeiragrandeescolha.pt\/it\/wp-json\/wp\/v2\/product_cat?post=12618"},{"taxonomy":"product_tag","embeddable":true,"href":"https:\/\/garrafeiragrandeescolha.pt\/it\/wp-json\/wp\/v2\/product_tag?post=12618"}],"curies":[{"name":"wp","href":"https:\/\/api.w.org\/{rel}","templated":true}]}}