{"id":12621,"date":"2020-03-25T22:07:52","date_gmt":"2020-03-25T22:07:52","guid":{"rendered":"http:\/\/garrafeiragrandeescolha.pt\/?post_type=product&#038;p=12621"},"modified":"2025-10-15T16:07:35","modified_gmt":"2025-10-15T16:07:35","slug":"whisky-bushmills-malte-16-anos-70cl","status":"publish","type":"product","link":"https:\/\/garrafeiragrandeescolha.pt\/it\/prodotto\/whisky-bushmills-malte-16-anos-70cl\/","title":{"rendered":"Whisky Bushmills Malte 16 anos 70cl"},"content":{"rendered":"<p><img fetchpriority=\"high\" decoding=\"async\" class=\"size-full wp-image-15179 aligncenter\" src=\"http:\/\/garrafeiragrandeescolha.pt\/wp-content\/uploads\/2022\/02\/bushmills-logo.png\" alt=\"\" width=\"300\" height=\"246\" \/><\/p>\n<p class=\"about__subtitle--desktop\">BUSHMILLS \u00c9 A DESTILARIA DE WHISKY LICENCIADA MAIS ANTIGA DO MUNDO.<\/p>\n<p class=\"about__desc--desktop\">Bushmills \u00e9 o lar da mais antiga destilaria de u\u00edsque licenciada do mundo.\u00a0Os registos oficiais remontam a 1608, quando a \u00e1rea recebeu sua licen\u00e7a para destilar. Mais de 400 anos depois, o u\u00edsque ainda est\u00e1 sendo produzido em Bushmills, gra\u00e7as \u00e0 experi\u00eancia e ao artesanato transmitidos de gera\u00e7\u00e3o em gera\u00e7\u00e3o.<\/p>\n<p>N\u00e3o pod\u00edamos fazer nosso u\u00edsque em nenhum lugar, exceto aqui.\u00a0Nossa \u00e1gua, extra\u00edda do rio Bush, flui sobre leitos de rochas de basalto.<\/p>\n<p>Bushmills \u00e9 mais do que apenas um u\u00edsque.\u00a0\u00c9 uma vila, onde fam\u00edlia, amigos e vizinhos trabalham lado a lado na destilaria.\u00a0Como costumamos dizer, &#8220;sem a vila n\u00e3o haveria u\u00edsque, e sem o u\u00edsque n\u00e3o haveria vila&#8221;.<\/p>\n<p>Bushmills \u00e9 nomeado para os moinhos que pontilhavam a cidade ao longo do rio Bush.<\/p>\n<p>Na d\u00e9cada de 1850, a Coroa imp\u00f4s um imposto \u00e0queles que destilaram na Irlanda atrav\u00e9s de um imposto sobre a cevada.\u00a0Mesmo assim, a cevada maltada era conhecida em todo o mundo por produzir o melhor u\u00edsque, conhecido como u\u00edsque &#8220;puro malte&#8221;.\u00a0Quando apenas a cevada maltada \u00e9 usada na destila\u00e7\u00e3o e feita em uma \u00fanica destilaria, voc\u00ea tem a pr\u00f3pria defini\u00e7\u00e3o de u\u00edsque de \u201cmalte \u00fanico\u201d.\u00a0Esse imposto, no entanto, mudou para sempre o u\u00edsque irland\u00eas, pois quase todas as destilarias de u\u00edsque irland\u00eas come\u00e7aram a substituir cevada por milho ou outros gr\u00e3os inferiores.<\/p>\n<p>N\u00e3o Bushmills.<\/p>\n<p>At\u00e9 hoje, Bushmills continua a destilar whisky de malte na destilaria de whisky mais antiga do mundo.<\/p>","protected":false},"excerpt":{"rendered":"<p>O whisky de malte Bushmills, com 16 anos de idade, envelhece h\u00e1 16 anos em uma combina\u00e7\u00e3o de xerez Oloroso e barris temperados com bourbon, depois amadureceu por cerca de 1 ano em barris de vinho do porto. Esse processo \u00fanico de matura\u00e7\u00e3o confere a este malte suas notas distintas de frutas suculentas, nozes e especiarias, al\u00e9m de uma pitada de rubi. Melhor apreciado puro, ou com gelo.<\/p>","protected":false},"featured_media":20259,"template":"","meta":{"_exactmetrics_skip_tracking":false,"_exactmetrics_sitenote_active":false,"_exactmetrics_sitenote_note":"","_exactmetrics_sitenote_category":0,"_uf_show_specific_survey":0,"_uf_disable_surveys":false,"iawp_total_views":25},"product_brand":[],"product_cat":[158,179],"product_tag":[],"class_list":{"0":"post-12621","1":"product","2":"type-product","3":"status-publish","4":"has-post-thumbnail","6":"product_cat-espirituosos","7":"product_cat-whisky","9":"first","10":"instock","11":"shipping-taxable","12":"purchasable","13":"product-type-simple"},"_links":{"self":[{"href":"https:\/\/garrafeiragrandeescolha.pt\/it\/wp-json\/wp\/v2\/product\/12621","targetHints":{"allow":["GET"]}}],"collection":[{"href":"https:\/\/garrafeiragrandeescolha.pt\/it\/wp-json\/wp\/v2\/product"}],"about":[{"href":"https:\/\/garrafeiragrandeescolha.pt\/it\/wp-json\/wp\/v2\/types\/product"}],"wp:featuredmedia":[{"embeddable":true,"href":"https:\/\/garrafeiragrandeescolha.pt\/it\/wp-json\/wp\/v2\/media\/20259"}],"wp:attachment":[{"href":"https:\/\/garrafeiragrandeescolha.pt\/it\/wp-json\/wp\/v2\/media?parent=12621"}],"wp:term":[{"taxonomy":"product_brand","embeddable":true,"href":"https:\/\/garrafeiragrandeescolha.pt\/it\/wp-json\/wp\/v2\/product_brand?post=12621"},{"taxonomy":"product_cat","embeddable":true,"href":"https:\/\/garrafeiragrandeescolha.pt\/it\/wp-json\/wp\/v2\/product_cat?post=12621"},{"taxonomy":"product_tag","embeddable":true,"href":"https:\/\/garrafeiragrandeescolha.pt\/it\/wp-json\/wp\/v2\/product_tag?post=12621"}],"curies":[{"name":"wp","href":"https:\/\/api.w.org\/{rel}","templated":true}]}}