{"id":12683,"date":"2020-03-28T10:15:03","date_gmt":"2020-03-28T10:15:03","guid":{"rendered":"http:\/\/garrafeiragrandeescolha.pt\/?post_type=product&#038;p=12683"},"modified":"2024-10-29T17:34:56","modified_gmt":"2024-10-29T17:34:56","slug":"alves-de-sousa-vintage-2011-75cl","status":"publish","type":"product","link":"https:\/\/garrafeiragrandeescolha.pt\/it\/prodotto\/alves-de-sousa-vintage-2011-75cl\/","title":{"rendered":"Porto Alves de Sousa Vintage 2011 75cl"},"content":{"rendered":"<p><img fetchpriority=\"high\" decoding=\"async\" class=\"size-medium wp-image-15071 aligncenter\" src=\"http:\/\/garrafeiragrandeescolha.pt\/wp-content\/uploads\/2022\/02\/alves-de-sousa-logo-300x189.jpg\" alt=\"\" width=\"300\" height=\"189\" srcset=\"https:\/\/garrafeiragrandeescolha.pt\/wp-content\/uploads\/2022\/02\/alves-de-sousa-logo-300x189.jpg 300w, https:\/\/garrafeiragrandeescolha.pt\/wp-content\/uploads\/2022\/02\/alves-de-sousa-logo-1024x645.jpg 1024w, https:\/\/garrafeiragrandeescolha.pt\/wp-content\/uploads\/2022\/02\/alves-de-sousa-logo-768x483.jpg 768w, https:\/\/garrafeiragrandeescolha.pt\/wp-content\/uploads\/2022\/02\/alves-de-sousa-logo-1536x967.jpg 1536w, https:\/\/garrafeiragrandeescolha.pt\/wp-content\/uploads\/2022\/02\/alves-de-sousa-logo-2048x1289.jpg 2048w, https:\/\/garrafeiragrandeescolha.pt\/wp-content\/uploads\/2022\/02\/alves-de-sousa-logo-600x378.jpg 600w\" sizes=\"(max-width: 300px) 100vw, 300px\" \/><\/p>\n<p id=\"text1\" class=\"margin_botton_20\">La produzione di vino \u00e8 una tradizione di famiglia per Domingos Alves de Sousa: suo padre (Edmundo Alves de Sousa) e suo nonno (Domingos Alves de Sousa) erano gi\u00e0 stati viticoltori del Douro. Ma Domingos Alves de Sousa inizialmente ha abbracciato un&#039;altra carriera. Laureato in Ingegneria Civile, non ha saputo resistere al doppio richiamo (della terra e del sangue), e ha abbandonato l&#039;attivit\u00e0 nel 1987 per dedicarsi esclusivamente all&#039;esplorazione dei poderi ereditati e di altri successivamente acquisiti, nei quali ha ha effettuato lavori modello di consolidamento e ristrutturazione dei vigneti. L&#039;evoluzione della sua attivit\u00e0 vitivinicola presenta aspetti interessanti, quasi paradigmatici, e merita un po&#039; di storia.<\/p>\n<p id=\"text2\" class=\"margin_botton_20\">Per lungo tempo \u00e8 stato fornitore delle note e prestigiose aziende Casa Ferreirinha e Sociedade dos Vinhos Borges. Ma i problemi che colpirono il settore alla fine degli anni &#039;80, che provocarono un aumento esagerato dei costi di produzione, e in particolare il catastrofico raccolto del 1988, lo portarono a mettere in dubbio la redditivit\u00e0 delle sue aziende agricole. E quell\u2019interrogatorio \u00e8 stato il punto di svolta. Come molti altri viticoltori del Douro, colpiti dalla recessione in cui stava lottando la Regione delimitata, si dedic\u00f2 alla valorizzazione degli \u201cavanzi\u201d del vino di Porto, cio\u00e8 il vino dei pascoli del Douro, fino ad allora tradizionalmente subordinato rispetto al vino generoso.<\/p>\n<p id=\"text3\" class=\"margin_botton_20\">Come molti altri viticoltori del Douro, colpiti dalla recessione in cui stava lottando la Regione delimitata, si dedic\u00f2 alla valorizzazione degli \u201cavanzi\u201d del vino di Porto, cio\u00e8 il vino dei pascoli del Douro, fino ad allora tradizionalmente subordinato rispetto al vino generoso. Naturalmente, questo cambiamento radicale di atteggiamento richiedeva qualcosa di pi\u00f9 della semplice buona volont\u00e0 e della voglia di vincere: richiedeva una formazione tecnica e professionale. Frequent\u00f2 quindi corsi di viticoltura ed enologia e, forte di questo sostegno, si mise all&#039;opera di ristrutturazione dei suoi vigneti e, deciso a seguire la propria strada di produttore-imbottigliatore, costru\u00ec la cantina nella sua Quinta da Gaivosa dove da allora vinificherebbe il vino prodotto dalle restanti aziende agricole.<\/p>\n<p id=\"text4\" class=\"margin_botton_20\">Dopo aver effettuato alcuni esperimenti con diversi vitigni, selezion\u00f2 quelli che si rivelarono pi\u00f9 capaci di produrre i migliori vini a Denominazione di Origine Douro, e con essi produsse e lanci\u00f2 sul mercato, a met\u00e0 del 1992, quello che sarebbe stato il suo primo vino: Quinta do Vale da Raposa bianco 1991, che ha subito affascinato gli intenditori e meritato le migliori referenze. \u00c8 stato l\u2019inizio di un percorso ricco di successi che continua ancora oggi e di cui sicuramente sentiremo parlare ancora domani.<\/p>","protected":false},"excerpt":{"rendered":"<p>A produ\u00e7\u00e3o de vinhos \u00e9 uma tradi\u00e7\u00e3o familiar para Domingos Alves de Sousa: o seu pai (Edmundo Alves de Sousa) e av\u00f4 (Domingos Alves de Sousa) tinham j\u00e1 sido vitivinicultores do Douro. Mas Domingos Alves de Sousa abra\u00e7ou a princ\u00edpio um outra carreira. Tendo-se licenciado em Engenharia Civil, n\u00e3o resitiu por\u00e9m ao duplo apelo (da [&hellip;]<\/p>","protected":false},"featured_media":1635,"template":"","meta":{"_exactmetrics_skip_tracking":false,"_exactmetrics_sitenote_active":false,"_exactmetrics_sitenote_note":"","_exactmetrics_sitenote_category":0,"_uf_show_specific_survey":0,"_uf_disable_surveys":false,"iawp_total_views":33},"product_brand":[],"product_cat":[159,168],"product_tag":[],"class_list":{"0":"post-12683","1":"product","2":"type-product","3":"status-publish","4":"has-post-thumbnail","6":"product_cat-portos","7":"product_cat-vintage","9":"first","10":"instock","11":"shipping-taxable","12":"purchasable","13":"product-type-simple"},"_links":{"self":[{"href":"https:\/\/garrafeiragrandeescolha.pt\/it\/wp-json\/wp\/v2\/product\/12683","targetHints":{"allow":["GET"]}}],"collection":[{"href":"https:\/\/garrafeiragrandeescolha.pt\/it\/wp-json\/wp\/v2\/product"}],"about":[{"href":"https:\/\/garrafeiragrandeescolha.pt\/it\/wp-json\/wp\/v2\/types\/product"}],"wp:featuredmedia":[{"embeddable":true,"href":"https:\/\/garrafeiragrandeescolha.pt\/it\/wp-json\/wp\/v2\/media\/1635"}],"wp:attachment":[{"href":"https:\/\/garrafeiragrandeescolha.pt\/it\/wp-json\/wp\/v2\/media?parent=12683"}],"wp:term":[{"taxonomy":"product_brand","embeddable":true,"href":"https:\/\/garrafeiragrandeescolha.pt\/it\/wp-json\/wp\/v2\/product_brand?post=12683"},{"taxonomy":"product_cat","embeddable":true,"href":"https:\/\/garrafeiragrandeescolha.pt\/it\/wp-json\/wp\/v2\/product_cat?post=12683"},{"taxonomy":"product_tag","embeddable":true,"href":"https:\/\/garrafeiragrandeescolha.pt\/it\/wp-json\/wp\/v2\/product_tag?post=12683"}],"curies":[{"name":"wp","href":"https:\/\/api.w.org\/{rel}","templated":true}]}}