{"id":12705,"date":"2020-03-28T11:07:43","date_gmt":"2020-03-28T11:07:43","guid":{"rendered":"http:\/\/garrafeiragrandeescolha.pt\/?post_type=product&#038;p=12705"},"modified":"2022-09-20T18:22:49","modified_gmt":"2022-09-20T18:22:49","slug":"porto-conceito-vintage-2016-75cl","status":"publish","type":"product","link":"https:\/\/garrafeiragrandeescolha.pt\/it\/prodotto\/porto-conceito-vintage-2016-75cl\/","title":{"rendered":"Porto Conceito Vintage 2016 75cl"},"content":{"rendered":"<p>A forma como concebemos o vinho, o entendimento que temos da nossa regi\u00e3o, \u00e9 o ponto de partida do projecto e inspira\u00e7\u00e3o da nossa hist\u00f3ria. Da\u00ed a marca. Desde o s\u00e9culo XVIII que o vinho do Porto monopoliza a cultura vin\u00edcola, produzindo uma paisagem de extraordin\u00e1ria beleza. Mas s\u00f3 recentemente se percebeu o tremendo potencial da zona leste do Douro. Primeiro, com a abertura de melhores vias de comunica\u00e7\u00e3o; depois, com a revolu\u00e7\u00e3o dos vinhos de mesa. \u00c9, sobretudo, este \u00faltimo factor que abre a janela para um universo de especificidades ao longo do rio, um imenso vale que n\u00e3o pode mais ser visto, e cultivado, como um todo uniforme e indistinto. O vinho acabar\u00e1, inevitavelmente, por expor os seus diversos terroirs. Conhec\u00ea-los, trabalhar correctamente altitudes, solos e microclimas t\u00e3o distintos, \u00e9 uma viagem sem regresso. Na qual embarcamos de alma e cora\u00e7\u00e3o. Em busca da particular frescura e equil\u00edbrio da nossa terra. \u00c9 nisso que acreditamos. \u00c9 esse o nosso Conceito!<\/p>","protected":false},"excerpt":{"rendered":"<p>Castas: Touriga Nacional, Touriga Franca, Tinta Roriz, Tinto C\u00e3o, Tinta Barroca<\/p>\n<p>Cor rubi escura. Aromas de frutas escuras, picantes, florais (violetas) e escuros. Fresco e um pouco apimentado. Na boca \u00e9 doce e fresco, com frutas vibrantes e alguns taninos picantes.<\/p>\n<p>Desfrute sozinho ou com frutas secas variadas. Este vinho tamb\u00e9m \u00e9 uma excelente combina\u00e7\u00e3o para sobremesas doces.<\/p>","protected":false},"featured_media":1681,"template":"","meta":{"_exactmetrics_skip_tracking":false,"_exactmetrics_sitenote_active":false,"_exactmetrics_sitenote_note":"","_exactmetrics_sitenote_category":0,"_uf_show_specific_survey":0,"_uf_disable_surveys":false,"iawp_total_views":18},"product_brand":[],"product_cat":[159,168],"product_tag":[],"class_list":{"0":"post-12705","1":"product","2":"type-product","3":"status-publish","4":"has-post-thumbnail","6":"product_cat-portos","7":"product_cat-vintage","9":"first","10":"instock","11":"shipping-taxable","12":"purchasable","13":"product-type-simple"},"_links":{"self":[{"href":"https:\/\/garrafeiragrandeescolha.pt\/it\/wp-json\/wp\/v2\/product\/12705","targetHints":{"allow":["GET"]}}],"collection":[{"href":"https:\/\/garrafeiragrandeescolha.pt\/it\/wp-json\/wp\/v2\/product"}],"about":[{"href":"https:\/\/garrafeiragrandeescolha.pt\/it\/wp-json\/wp\/v2\/types\/product"}],"wp:featuredmedia":[{"embeddable":true,"href":"https:\/\/garrafeiragrandeescolha.pt\/it\/wp-json\/wp\/v2\/media\/1681"}],"wp:attachment":[{"href":"https:\/\/garrafeiragrandeescolha.pt\/it\/wp-json\/wp\/v2\/media?parent=12705"}],"wp:term":[{"taxonomy":"product_brand","embeddable":true,"href":"https:\/\/garrafeiragrandeescolha.pt\/it\/wp-json\/wp\/v2\/product_brand?post=12705"},{"taxonomy":"product_cat","embeddable":true,"href":"https:\/\/garrafeiragrandeescolha.pt\/it\/wp-json\/wp\/v2\/product_cat?post=12705"},{"taxonomy":"product_tag","embeddable":true,"href":"https:\/\/garrafeiragrandeescolha.pt\/it\/wp-json\/wp\/v2\/product_tag?post=12705"}],"curies":[{"name":"wp","href":"https:\/\/api.w.org\/{rel}","templated":true}]}}