{"id":12722,"date":"2020-03-28T11:47:28","date_gmt":"2020-03-28T11:47:28","guid":{"rendered":"http:\/\/garrafeiragrandeescolha.pt\/?post_type=product&#038;p=12722"},"modified":"2022-09-30T14:56:49","modified_gmt":"2022-09-30T14:56:49","slug":"porto-fonseca-vintage-2016-75cl","status":"publish","type":"product","link":"https:\/\/garrafeiragrandeescolha.pt\/it\/prodotto\/porto-fonseca-vintage-2016-75cl\/","title":{"rendered":"Porto Fonseca Vintage 2016 75cl"},"content":{"rendered":"<p><img decoding=\"async\" class=\"size-medium wp-image-16440 aligncenter\" src=\"http:\/\/garrafeiragrandeescolha.pt\/wp-content\/uploads\/2022\/09\/fonseca-logo-300x107.jpg\" alt=\"\" width=\"300\" height=\"107\" srcset=\"https:\/\/garrafeiragrandeescolha.pt\/wp-content\/uploads\/2022\/09\/fonseca-logo-300x107.jpg 300w, https:\/\/garrafeiragrandeescolha.pt\/wp-content\/uploads\/2022\/09\/fonseca-logo-1024x364.jpg 1024w, https:\/\/garrafeiragrandeescolha.pt\/wp-content\/uploads\/2022\/09\/fonseca-logo-768x273.jpg 768w, https:\/\/garrafeiragrandeescolha.pt\/wp-content\/uploads\/2022\/09\/fonseca-logo-1536x545.jpg 1536w, https:\/\/garrafeiragrandeescolha.pt\/wp-content\/uploads\/2022\/09\/fonseca-logo-18x6.jpg 18w, https:\/\/garrafeiragrandeescolha.pt\/wp-content\/uploads\/2022\/09\/fonseca-logo-600x213.jpg 600w, https:\/\/garrafeiragrandeescolha.pt\/wp-content\/uploads\/2022\/09\/fonseca-logo.jpg 1600w\" sizes=\"(max-width: 300px) 100vw, 300px\" \/><\/p>\n<p>Dal leggendario 1840, il primo vino Porto Vintage ad essere lanciato sul mercato, alle fantastiche annate dichiarate nell&#039;ultimo decennio, l&#039;azienda ha prodotto una serie di vini acclamati, anche nei momenti pi\u00f9 avversi della storia.<\/p>\n<p>James Suckling, nel suo libro di consultazione sui vini Vintage Port, descrive quanto segue: \u201cI Fonseca Vintage Ports sono costantemente forse i migliori di tutti. Non solo hanno una notevole corpulenza e una potente ricchezza quando sono giovani, ma mantengono anche quella giovinezza per decenni.<\/p>\n<p>Questa coerenza \u00e8 il risultato non solo della continuit\u00e0 del coinvolgimento familiare e di tutte le conoscenze e competenze tramandate di generazione in generazione, ma anche di un legame molto stretto con la vigna. Le tre propriet\u00e0 dell&#039;azienda \u2013 Cruzeiro, Panascal e Santo Ant\u00f3nio \u2013 sono il cuore del carattere che contraddistingue i suoi vini Vintage Port.<\/p>\n<p>Il rispetto di Fonseca per il vigneto e il suo ambiente unico nella regione del Douro si esprime nella leadership dell&#039;azienda nel settore della viticoltura sostenibile e biologica. Questa \u00e8 stata la prima casa di produzione a produrre vino Porto interamente ottenuto da uve prodotte biologicamente.<\/p>\n<p>Tuttavia, per gli appassionati di vino di tutto il mondo, Fonseca \u00e8 meglio conosciuta come il produttore del Bin No.27. Questo vino Porto Riserva, lanciato quattro decenni fa, \u00e8 uno dei lotti di vino Porto pi\u00f9 popolari e di successo. Condividendo l&#039;eredit\u00e0 dei grandi vini Fonseca Vintage Port, il contenitore n. 27 mostra l&#039;opulento carattere fruttato che definisce lo stile della casa Fonseca.<\/p>\n<p>Forse pi\u00f9 di ogni altra casa produttrice di vino di Porto, Fonseca ha costruito una comunit\u00e0 fedele di appassionati di Porto che apprezzano la sua individualit\u00e0 e il carattere inimitabile dei suoi vini. Questa comunit\u00e0 comprende intenditori, collezionisti, sommelier e imprenditori di servizi di ristorazione, cos\u00ec come coloro che semplicemente amano bere i loro vini di Porto meravigliosamente ricchi e complessi.<\/p>","protected":false},"excerpt":{"rendered":"<p>Spedizione gratuita in Portogallo<\/p>","protected":false},"featured_media":10185,"template":"","meta":{"_exactmetrics_skip_tracking":false,"_exactmetrics_sitenote_active":false,"_exactmetrics_sitenote_note":"","_exactmetrics_sitenote_category":0,"_uf_show_specific_survey":0,"_uf_disable_surveys":false,"iawp_total_views":3},"product_brand":[],"product_cat":[159,168],"product_tag":[],"class_list":{"0":"post-12722","1":"product","2":"type-product","3":"status-publish","4":"has-post-thumbnail","6":"product_cat-portos","7":"product_cat-vintage","9":"first","10":"instock","11":"shipping-taxable","12":"purchasable","13":"product-type-simple"},"_links":{"self":[{"href":"https:\/\/garrafeiragrandeescolha.pt\/it\/wp-json\/wp\/v2\/product\/12722","targetHints":{"allow":["GET"]}}],"collection":[{"href":"https:\/\/garrafeiragrandeescolha.pt\/it\/wp-json\/wp\/v2\/product"}],"about":[{"href":"https:\/\/garrafeiragrandeescolha.pt\/it\/wp-json\/wp\/v2\/types\/product"}],"wp:featuredmedia":[{"embeddable":true,"href":"https:\/\/garrafeiragrandeescolha.pt\/it\/wp-json\/wp\/v2\/media\/10185"}],"wp:attachment":[{"href":"https:\/\/garrafeiragrandeescolha.pt\/it\/wp-json\/wp\/v2\/media?parent=12722"}],"wp:term":[{"taxonomy":"product_brand","embeddable":true,"href":"https:\/\/garrafeiragrandeescolha.pt\/it\/wp-json\/wp\/v2\/product_brand?post=12722"},{"taxonomy":"product_cat","embeddable":true,"href":"https:\/\/garrafeiragrandeescolha.pt\/it\/wp-json\/wp\/v2\/product_cat?post=12722"},{"taxonomy":"product_tag","embeddable":true,"href":"https:\/\/garrafeiragrandeescolha.pt\/it\/wp-json\/wp\/v2\/product_tag?post=12722"}],"curies":[{"name":"wp","href":"https:\/\/api.w.org\/{rel}","templated":true}]}}