{"id":12748,"date":"2020-03-28T12:59:11","date_gmt":"2020-03-28T12:59:11","guid":{"rendered":"http:\/\/garrafeiragrandeescolha.pt\/?post_type=product&#038;p=12748"},"modified":"2024-11-02T12:40:49","modified_gmt":"2024-11-02T12:40:49","slug":"porto-kopke-colheita-2003-75cl","status":"publish","type":"product","link":"https:\/\/garrafeiragrandeescolha.pt\/it\/prodotto\/porto-kopke-colheita-2003-75cl\/","title":{"rendered":"Porto Kopke Colheita 2003 75cl"},"content":{"rendered":"<p><img decoding=\"async\" class=\"size-medium wp-image-15298 aligncenter\" src=\"http:\/\/garrafeiragrandeescolha.pt\/wp-content\/uploads\/2022\/02\/kopke_logo-300x113.jpg\" alt=\"\" width=\"300\" height=\"113\" srcset=\"https:\/\/garrafeiragrandeescolha.pt\/wp-content\/uploads\/2022\/02\/kopke_logo-300x113.jpg 300w, https:\/\/garrafeiragrandeescolha.pt\/wp-content\/uploads\/2022\/02\/kopke_logo-768x289.jpg 768w, https:\/\/garrafeiragrandeescolha.pt\/wp-content\/uploads\/2022\/02\/kopke_logo-600x226.jpg 600w, https:\/\/garrafeiragrandeescolha.pt\/wp-content\/uploads\/2022\/02\/kopke_logo.jpg 780w\" sizes=\"(max-width: 300px) 100vw, 300px\" \/><\/p>\n<div>Il viaggio di Kopke \u00e8 intrecciato con la storia del suo luogo. Il Douro era destinato ad essere l&#039;anfiteatro prescelto per questa unione tra la volont\u00e0 dell&#039;uomo e la natura.<\/div>\n<div>Nel 1636 ebbe luogo un viaggio tra Amburgo e il Portogallo che sarebbe stato l&#039;origine di una lunga storia: Nicolau K\u00f6pke arriv\u00f2 nel suo nuovo paese come console generale delle citt\u00e0 anseatiche.<br \/>\nDue anni dopo, nel 1638, firm\u00f2 le prime bottiglie di vino spedite nel Nord Europa.<\/div>\n<div>L&#039;acquisto di una fattoria nel Douro, nel 1781, segna il passaggio da societ\u00e0 di acquisto a grande produttore di vino.<br \/>\nI vini di Porto stanno acquisendo importanza nell&#039;azienda, diventando rapidamente l&#039;attivit\u00e0 principale. Nicolau Kopke &amp; Co. diventa un esempio di innovazione, integrando produzione e commercio di vino nella stessa azienda.<\/div>\n<div>Nel 1828, Cristiano Nicolau Kopk\u00eb, pronipote del fondatore dell&#039;azienda, Nicolau Kopk\u00eb, e nipote di Cristiano Kopke, si schier\u00f2 con il Partito Liberale durante la guerra civile, collegando cos\u00ec l&#039;azienda e la famiglia alla causa.<br \/>\nQuesta dedizione al concetto di progresso sociale sar\u00e0 condivisa da tutte le generazioni successive della famiglia.<br \/>\nNel 1836, Cristiano Nicolau Kopke venne insignito del titolo di Barone de Vilar. 10 anni dopo, suo nipote Joaquim Augusto Kopke riceve il titolo di Barone di Massarelos.<br \/>\nDue secoli dopo l&#039;arrivo della famiglia in Portogallo, il loro impegno per lo sviluppo del paese fu premiato.<\/div>\n<div>L&#039;azienda prende il nome CN Kopke.<br \/>\nIl Kopke del 1841 rimane tale oggi.<\/div>\n<div>L&#039;acquisto di Quinta de S. Luiz nel 1922, quasi tre secoli dopo la sua creazione, \u00e8 come il ritorno a casa di Kopke.<br \/>\nQuesta propriet\u00e0, da sempre scelta dai grandi intenditori del Douro e del Porto, \u00e8 desiderata da molto tempo. Diventa il fulcro, il modello e il gioiello di tutta la produzione vinicola Kopke.<\/div>\n<div>Nel 1940 fu firmato il certificato dell&#039;Associazione Commerciale e Industriale del Portogallo, che riconosceva l&#039;antichit\u00e0 di CN Kopke fino al 1638.<\/div>","protected":false},"excerpt":{"rendered":"<p>Intensa cor vermelha com aur\u00e9ola tawny. Apresenta um complexo bouquet de frutos secos, onde se destacam as notas de especiarias. Sofisticado e delicado no paladar. Boa estrutura, acidez bem balan\u00e7ada e agrad\u00e1vel untuosidade.<\/p>","protected":false},"featured_media":1777,"template":"","meta":{"_exactmetrics_skip_tracking":false,"_exactmetrics_sitenote_active":false,"_exactmetrics_sitenote_note":"","_exactmetrics_sitenote_category":0,"_uf_show_specific_survey":0,"_uf_disable_surveys":false,"iawp_total_views":4},"product_brand":[],"product_cat":[159,167],"product_tag":[],"class_list":{"0":"post-12748","1":"product","2":"type-product","3":"status-publish","4":"has-post-thumbnail","6":"product_cat-portos","7":"product_cat-colheita","9":"first","10":"instock","11":"shipping-taxable","12":"purchasable","13":"product-type-simple"},"_links":{"self":[{"href":"https:\/\/garrafeiragrandeescolha.pt\/it\/wp-json\/wp\/v2\/product\/12748","targetHints":{"allow":["GET"]}}],"collection":[{"href":"https:\/\/garrafeiragrandeescolha.pt\/it\/wp-json\/wp\/v2\/product"}],"about":[{"href":"https:\/\/garrafeiragrandeescolha.pt\/it\/wp-json\/wp\/v2\/types\/product"}],"wp:featuredmedia":[{"embeddable":true,"href":"https:\/\/garrafeiragrandeescolha.pt\/it\/wp-json\/wp\/v2\/media\/1777"}],"wp:attachment":[{"href":"https:\/\/garrafeiragrandeescolha.pt\/it\/wp-json\/wp\/v2\/media?parent=12748"}],"wp:term":[{"taxonomy":"product_brand","embeddable":true,"href":"https:\/\/garrafeiragrandeescolha.pt\/it\/wp-json\/wp\/v2\/product_brand?post=12748"},{"taxonomy":"product_cat","embeddable":true,"href":"https:\/\/garrafeiragrandeescolha.pt\/it\/wp-json\/wp\/v2\/product_cat?post=12748"},{"taxonomy":"product_tag","embeddable":true,"href":"https:\/\/garrafeiragrandeescolha.pt\/it\/wp-json\/wp\/v2\/product_tag?post=12748"}],"curies":[{"name":"wp","href":"https:\/\/api.w.org\/{rel}","templated":true}]}}