{"id":12825,"date":"2020-03-28T21:40:59","date_gmt":"2020-03-28T21:40:59","guid":{"rendered":"http:\/\/garrafeiragrandeescolha.pt\/?post_type=product&#038;p=12825"},"modified":"2026-03-25T21:21:58","modified_gmt":"2026-03-25T21:21:58","slug":"porto-noval-vintage-nacional-2001-75cl","status":"publish","type":"product","link":"https:\/\/garrafeiragrandeescolha.pt\/it\/prodotto\/porto-noval-vintage-nacional-2001-75cl\/","title":{"rendered":"Porto Noval Vintage Nacional 2001 75cl"},"content":{"rendered":"<p><img decoding=\"async\" class=\"size-medium wp-image-15374 aligncenter\" src=\"http:\/\/garrafeiragrandeescolha.pt\/wp-content\/uploads\/2022\/02\/noval-logo-300x105.jpg\" alt=\"\" width=\"300\" height=\"105\" srcset=\"https:\/\/garrafeiragrandeescolha.pt\/wp-content\/uploads\/2022\/02\/noval-logo-300x105.jpg 300w, https:\/\/garrafeiragrandeescolha.pt\/wp-content\/uploads\/2022\/02\/noval-logo-768x268.jpg 768w, https:\/\/garrafeiragrandeescolha.pt\/wp-content\/uploads\/2022\/02\/noval-logo-600x209.jpg 600w, https:\/\/garrafeiragrandeescolha.pt\/wp-content\/uploads\/2022\/02\/noval-logo.jpg 800w\" sizes=\"(max-width: 300px) 100vw, 300px\" \/><\/p>\n<p class=\"wysiwyg-text-align-justify\">Quinta do Noval beneficia di una posizione privilegiata, nel cuore del Douro.<br \/>\nIl vigneto di 145 ettari, interamente classificato come lettera A, \u00e8 coltivato con i vitigni pi\u00f9 nobili del Douro: Touriga Nacional, Touriga Franca, Tinta Roriz, Tinto C\u00e3o e Sous\u00e3o.<br \/>\nGli appezzamenti di vigneto presentano una ricca diversit\u00e0 geografica.<br \/>\n. altitudine: da 100m a 500m<br \/>\n. Esposizione: a tutti i punti cardinali<br \/>\n. terreno: scistoso con frammenti argillosi, impasto variabile<br \/>\nQueste caratteristiche conferiscono ai vini sfumature diverse a seconda del loro appezzamento di origine. Dalla fusione di queste sfumature nasce la magia dei vini Quinta do Noval.<\/p>\n<p class=\"wysiwyg-text-align-justify\">Attualmente i vigneti vengono reimpiantati con un&#039;unica variet\u00e0 adattata ad ogni singolo appezzamento secondo tre fattori principali: altitudine, esposizione e tipologia di impianto del vigneto.<br \/>\nLe magnifiche antiche terrazze in pietra scistosa continuano ad essere l&#039;immagine di Quinta do Noval.<br \/>\nQuinta do Noval \u00e8 l&#039;unico esportatore storico di vino di Porto che prende il nome dalla sua Quinta, e che produce Porto Vintage da un unico appezzamento, quando dichiarato.<\/p>","protected":false},"excerpt":{"rendered":"<p>Castas: V\u00e1rias castas entram na constitui\u00e7\u00e3o do Vintage Nacional e n\u00e3o apenas a Touriga Nacional, como o nome sugere. Essas castas incluem algumas das mais nobres do Vale do Douro: Touriga Nacional, Touriga Franca, Tinta Roriz, Tinto C\u00e3o e Sous\u00e3o.<\/p>\n<p>O Vintage Nacional envelhece cerca de 18 meses num tonel de madeira velha de 2.500 litros de capacidade.<\/p>\n<div>\n<p>Todas as uvas prov\u00eam da parcela Nacional na vinha da Quinta do Noval.<\/p>\n<\/div>\n<div>\n<p>Uma pequena parcela de videiras de p\u00e9 franco, no cora\u00e7\u00e3o da vinha da Quinta do Noval, intocadas pela filoxera. A palavra &#8220;Nacional&#8221; refere o facto de estas videiras Portuguesas crescerem exclusivamente no Douro em solo Portugu\u00eas, sem porta-enxerto Americano, e por isso diretamente &#8220;enraizadas no solo da Na\u00e7\u00e3o&#8221;. Este grande vinho \u00e9 uma fonte de orgulho para o povo Portugu\u00eas e quando no seu melhor \u00e9 a mais alta express\u00e3o do extraordin\u00e1rio terroir da Quinta do Noval.<\/p>\n<\/div>\n<div>\n<p>O Quinta do Noval Vintage Nacional \u00e9 um vinho absolutamente perfeito para ser bebido por si s\u00f3, numa ocasi\u00e3o especial.<\/p>\n<\/div>\n<div>\n<p>\u00c9 recomendado decantar.<\/p>\n<\/div>\n<div>\n<p>ANTES DE ABRIR<br \/>\nEste vinho de garrafeira ir\u00e1 envelhecer ao longo dos anos desenvolvendo uma complexa variedade de aromas. Pode tamb\u00e9m ser bebido jovem para se saborear a intensidade da fruta. Deve ser consumido entre 5 e 50 anos depois de engarrafado.<br \/>\nDEPOIS DE ABRIR<br \/>\nBeber nas 48 horas seguintes.<\/p>\n<\/div>","protected":false},"featured_media":1952,"template":"","meta":{"_exactmetrics_skip_tracking":false,"_exactmetrics_sitenote_active":false,"_exactmetrics_sitenote_note":"","_exactmetrics_sitenote_category":0,"_uf_show_specific_survey":0,"_uf_disable_surveys":false,"iawp_total_views":26},"product_brand":[],"product_cat":[162,159,168],"product_tag":[],"class_list":{"0":"post-12825","1":"product","2":"type-product","3":"status-publish","4":"has-post-thumbnail","6":"product_cat-raridades","7":"product_cat-portos","8":"product_cat-vintage","10":"first","11":"instock","12":"sold-individually","13":"shipping-taxable","14":"purchasable","15":"product-type-simple"},"_links":{"self":[{"href":"https:\/\/garrafeiragrandeescolha.pt\/it\/wp-json\/wp\/v2\/product\/12825","targetHints":{"allow":["GET"]}}],"collection":[{"href":"https:\/\/garrafeiragrandeescolha.pt\/it\/wp-json\/wp\/v2\/product"}],"about":[{"href":"https:\/\/garrafeiragrandeescolha.pt\/it\/wp-json\/wp\/v2\/types\/product"}],"wp:featuredmedia":[{"embeddable":true,"href":"https:\/\/garrafeiragrandeescolha.pt\/it\/wp-json\/wp\/v2\/media\/1952"}],"wp:attachment":[{"href":"https:\/\/garrafeiragrandeescolha.pt\/it\/wp-json\/wp\/v2\/media?parent=12825"}],"wp:term":[{"taxonomy":"product_brand","embeddable":true,"href":"https:\/\/garrafeiragrandeescolha.pt\/it\/wp-json\/wp\/v2\/product_brand?post=12825"},{"taxonomy":"product_cat","embeddable":true,"href":"https:\/\/garrafeiragrandeescolha.pt\/it\/wp-json\/wp\/v2\/product_cat?post=12825"},{"taxonomy":"product_tag","embeddable":true,"href":"https:\/\/garrafeiragrandeescolha.pt\/it\/wp-json\/wp\/v2\/product_tag?post=12825"}],"curies":[{"name":"wp","href":"https:\/\/api.w.org\/{rel}","templated":true}]}}