{"id":12856,"date":"2020-03-28T22:49:43","date_gmt":"2020-03-28T22:49:43","guid":{"rendered":"http:\/\/garrafeiragrandeescolha.pt\/?post_type=product&#038;p=12856"},"modified":"2022-02-05T12:35:51","modified_gmt":"2022-02-05T12:35:51","slug":"porto-taylors-bruno-40-anni-75cl","status":"publish","type":"product","link":"https:\/\/garrafeiragrandeescolha.pt\/it\/prodotto\/porto-taylors-bruno-40-anni-75cl\/","title":{"rendered":"Taylor&#039;s Porto Tawny 40 anni 75cl"},"content":{"rendered":"<p><img fetchpriority=\"high\" decoding=\"async\" class=\"size-medium wp-image-15467 aligncenter\" src=\"http:\/\/garrafeiragrandeescolha.pt\/wp-content\/uploads\/2022\/02\/Taylors-Colour-Logo-300x251.jpg\" alt=\"\" width=\"300\" height=\"251\" srcset=\"https:\/\/garrafeiragrandeescolha.pt\/wp-content\/uploads\/2022\/02\/Taylors-Colour-Logo-300x251.jpg 300w, https:\/\/garrafeiragrandeescolha.pt\/wp-content\/uploads\/2022\/02\/Taylors-Colour-Logo-1024x856.jpg 1024w, https:\/\/garrafeiragrandeescolha.pt\/wp-content\/uploads\/2022\/02\/Taylors-Colour-Logo-768x642.jpg 768w, https:\/\/garrafeiragrandeescolha.pt\/wp-content\/uploads\/2022\/02\/Taylors-Colour-Logo-600x501.jpg 600w, https:\/\/garrafeiragrandeescolha.pt\/wp-content\/uploads\/2022\/02\/Taylors-Colour-Logo.jpg 1156w\" sizes=\"(max-width: 300px) 100vw, 300px\" \/><\/p>\n<p>Per molti, Taylor&#039;s \u00e8 la casa vinicola pi\u00f9 illustre di Port e bere i suoi vini costituisce l&#039;esperienza pi\u00f9 sublime.<\/p>\n<p>&nbsp;<\/p>\n<div id=\"collapseText\" class=\"rest-text\">\n<p>Creata pi\u00f9 di tre secoli fa, nel 1692, Taylor&#039;s \u00e8 una delle pi\u00f9 antiche case commerciali di vino di Porto, dedicata esclusivamente alla produzione di vino di Porto e, soprattutto, ai suoi migliori stili.<\/p>\n<p>Taylor&#039;s \u00e8 soprattutto un&#039;azienda indipendente nella quale alcuni membri della famiglia ricoprono ruoli di leadership in tutti i settori di attivit\u00e0. La lunga e ininterrotta tradizione familiare dell&#039;azienda le ha permesso di fornire continuit\u00e0 e chiarezza di missione, entrambi attributi essenziali di ogni grande casa vinicola di Porto. Ci ha permesso inoltre di migliorare le competenze e le conoscenze necessarie per produrre i migliori Porto, che vengono costantemente affinate alla luce dell&#039;esperienza che si tramanda di generazione in generazione.<\/p>\n<p>Taylor&#039;s \u00e8 anche rispettato come produttore di vini di Porto invecchiati in legno e detiene una delle pi\u00f9 grandi riserve di rari vini invecchiati in botte, tra cui spiccano i caratteristici vini di Porto Tawny invecchiati. La casa \u00e8 anche conosciuta come la creatrice del LBV (Late Bottled Vintage), uno stile di cui l&#039;azienda \u00e8 stata pioniera e di cui continua ad essere il principale produttore.<\/p>\n<p>Le generazioni successive, con la loro esperienza, hanno cercato di migliorare le proprie conoscenze e capacit\u00e0 per produrre vini di Porto sempre migliori.<\/p>\n<p>Con sede a Porto e nella regione del Douro, l&#039;azienda \u00e8 coinvolta in tutte le fasi della produzione dei suoi vini di Porto, dall&#039;impianto del vigneto e dalla coltivazione dell&#039;uva all&#039;elaborazione, all&#039;invecchiamento e all&#039;imbottigliamento dei lotti di vino. L&#039;impegno della famiglia per il futuro del vino di Porto \u00e8 dimostrato nella sua dedizione al raggiungimento degli standard pi\u00f9 elevati nella produzione di vino di Porto, nei suoi investimenti sostenuti in tutte le aree di attivit\u00e0 dell&#039;azienda e, in definitiva, nella sua determinazione a preservare l&#039;ambiente unico della regione del Douro attraverso la promozione di una viticoltura sostenibile e responsabile.<\/p>\n<\/div>","protected":false},"excerpt":{"rendered":"<p>Un sublime vino di Porto di grande et\u00e0, che presenta sfumature di colore dorato e verde oliva, prodotto dei molti anni trascorsi in botti. Decenni di evaporazione hanno concentrato questo straordinario vino, conferendogli una densit\u00e0 eccezionale e un naso potente di frutta disidratata, miele e un tocco di spezie. Convergono, sia al naso che al palato, sentori di noce moscata, caff\u00e8 tostato e un&#039;intensa sensazione di frutta secca. La trama ricca, intensa, voluttuosa e quasi viscosa del vino culmina in un finale di incredibile persistenza.<\/p>","protected":false},"featured_media":2014,"template":"","meta":{"_exactmetrics_skip_tracking":false,"_exactmetrics_sitenote_active":false,"_exactmetrics_sitenote_note":"","_exactmetrics_sitenote_category":0,"_uf_show_specific_survey":0,"_uf_disable_surveys":false,"iawp_total_views":24},"product_brand":[],"product_cat":[159,175],"product_tag":[],"class_list":{"0":"post-12856","1":"product","2":"type-product","3":"status-publish","4":"has-post-thumbnail","6":"product_cat-portos","7":"product_cat-porto-10-20-30-40-50-80","9":"first","10":"instock","11":"shipping-taxable","12":"purchasable","13":"product-type-simple"},"_links":{"self":[{"href":"https:\/\/garrafeiragrandeescolha.pt\/it\/wp-json\/wp\/v2\/product\/12856","targetHints":{"allow":["GET"]}}],"collection":[{"href":"https:\/\/garrafeiragrandeescolha.pt\/it\/wp-json\/wp\/v2\/product"}],"about":[{"href":"https:\/\/garrafeiragrandeescolha.pt\/it\/wp-json\/wp\/v2\/types\/product"}],"wp:featuredmedia":[{"embeddable":true,"href":"https:\/\/garrafeiragrandeescolha.pt\/it\/wp-json\/wp\/v2\/media\/2014"}],"wp:attachment":[{"href":"https:\/\/garrafeiragrandeescolha.pt\/it\/wp-json\/wp\/v2\/media?parent=12856"}],"wp:term":[{"taxonomy":"product_brand","embeddable":true,"href":"https:\/\/garrafeiragrandeescolha.pt\/it\/wp-json\/wp\/v2\/product_brand?post=12856"},{"taxonomy":"product_cat","embeddable":true,"href":"https:\/\/garrafeiragrandeescolha.pt\/it\/wp-json\/wp\/v2\/product_cat?post=12856"},{"taxonomy":"product_tag","embeddable":true,"href":"https:\/\/garrafeiragrandeescolha.pt\/it\/wp-json\/wp\/v2\/product_tag?post=12856"}],"curies":[{"name":"wp","href":"https:\/\/api.w.org\/{rel}","templated":true}]}}