{"id":13160,"date":"2020-04-06T11:26:13","date_gmt":"2020-04-06T11:26:13","guid":{"rendered":"http:\/\/garrafeiragrandeescolha.pt\/?post_type=product&#038;p=13160"},"modified":"2025-09-24T10:04:00","modified_gmt":"2025-09-24T10:04:00","slug":"solar-de-serrade-alvarinho-reserva-75cl","status":"publish","type":"product","link":"https:\/\/garrafeiragrandeescolha.pt\/it\/prodotto\/solar-de-serrade-alvarinho-reserva-75cl\/","title":{"rendered":"Solar de Serrade Alvarinho Riserva 75cl"},"content":{"rendered":"<p><img decoding=\"async\" class=\"size-full wp-image-16316 aligncenter\" src=\"http:\/\/garrafeiragrandeescolha.pt\/wp-content\/uploads\/2020\/04\/solar-serrade-logo.png\" alt=\"\" width=\"267\" height=\"60\" srcset=\"https:\/\/garrafeiragrandeescolha.pt\/wp-content\/uploads\/2020\/04\/solar-serrade-logo.png 267w, https:\/\/garrafeiragrandeescolha.pt\/wp-content\/uploads\/2020\/04\/solar-serrade-logo-18x4.png 18w\" sizes=\"(max-width: 267px) 100vw, 267px\" \/><\/p>\n<p>Casa armoriada dos meados do s\u00e9culo XVII, dentro da arquitectura t\u00edpica solarenga altominhota, em que duas torres flanqueiam o corpo central mais baixo e mais longo. Tem capela e jardim rom\u00e2ntico. O morgado de Serrade foi instituido pelo Padre Dr. Belchior\u00a0\u00a0\u00a0\u00a0 Barbosa. Os seus sucessores e descendentes foram governadores e capit\u00e3es \u2013 mor de Mon\u00e7\u00e3o e andaram por Mo\u00e7ambique e pelas \u00cdndias. Esteve instalado em Serrade(1801), sob o comando do Marqu\u00eas de la Rosi\u00e8re, o Quartel General das for\u00e7as de vigil\u00e2ncia de fronteira.<\/p>\n<p>O Solar de Serrade, inaugurado pelo Senhor Secret\u00e1rio do Com\u00e9rcio e Turismo, Dr. Jaime Andrez, em 8\/8\/1997, tem vindo, desde ent\u00e3o, a receber a visita das maiores e mais diversas personalidades.<\/p>\n<p><strong>TURISMO<\/strong><\/p>\n<p>No Solar de Serrade encontra-se um importante esp\u00f3lio de mobili\u00e1rio, tape\u00e7arias e lou\u00e7as, assim como uma invulgar cole\u00e7\u00e3o de azulejaria.<br \/>\nTectos tradicionais em masseira, sal\u00f5es com lareira, s\u00e3o um convite \u00e0 tranquilidade e ao lazer.<br \/>\nO Solar de Serrade \u00e9 um bom exemplo da recupera\u00e7\u00e3o do patrim\u00f3nio arquitect\u00f3nico da regi\u00e3o Altominhota.<\/p>\n<p>O cuidado investido num alto grau de conforto, inclui, entre outras infra-estruturas, seis quartos duplos e duas suites. Quando nos movimentamos pelo interior do Solar de Serrade, deparamo-nos, surpreendentemente, com recantos repletos de tranquilidade e bom gosto.<\/p>\n<p>Medalha de Bronze: Concurso Nacional de Vinhos 2013. Alvarinho \u201cSolar de Serrade Colheita Selecionada 2012\u201d<br \/>\nMen\u00e7\u00e3o Honrosa: Concurso dos Vinhos Verdes 2013. Alvarinho \u201cSolar de Serrade Colheita Selecionada 2012\u201d<br \/>\nCommended: Concurso Internacional de Alvarinhos e Albari\u00f1os 2013. Alvarinho \u201cSolar de Serrade Colheita Selecionada 2012\u201d<br \/>\nMedalha de Prata: IWC de London 2104. Alvarinho \u201cSolar de Serrade Colheita Selecionada 2012\u201d<\/p>","protected":false},"excerpt":{"rendered":"<p>Cor: Amarelo palha com tons dourados<br \/>\nAroma: Pronunciado e equilibrado com notas minerais<br \/>\nPaladar: Requintado e fresco com acidez equilibrada.<br \/>\nFinal frutado e complexo<\/p>","protected":false},"featured_media":9697,"template":"","meta":{"_exactmetrics_skip_tracking":false,"_exactmetrics_sitenote_active":false,"_exactmetrics_sitenote_note":"","_exactmetrics_sitenote_category":0,"_uf_show_specific_survey":0,"_uf_disable_surveys":false,"iawp_total_views":23},"product_brand":[],"product_cat":[157,185,206],"product_tag":[],"class_list":{"0":"post-13160","1":"product","2":"type-product","3":"status-publish","4":"has-post-thumbnail","6":"product_cat-vinhos","7":"product_cat-branco","8":"product_cat-vinhos-verdes","10":"first","11":"outofstock","12":"shipping-taxable","13":"purchasable","14":"product-type-simple"},"_links":{"self":[{"href":"https:\/\/garrafeiragrandeescolha.pt\/it\/wp-json\/wp\/v2\/product\/13160","targetHints":{"allow":["GET"]}}],"collection":[{"href":"https:\/\/garrafeiragrandeescolha.pt\/it\/wp-json\/wp\/v2\/product"}],"about":[{"href":"https:\/\/garrafeiragrandeescolha.pt\/it\/wp-json\/wp\/v2\/types\/product"}],"wp:featuredmedia":[{"embeddable":true,"href":"https:\/\/garrafeiragrandeescolha.pt\/it\/wp-json\/wp\/v2\/media\/9697"}],"wp:attachment":[{"href":"https:\/\/garrafeiragrandeescolha.pt\/it\/wp-json\/wp\/v2\/media?parent=13160"}],"wp:term":[{"taxonomy":"product_brand","embeddable":true,"href":"https:\/\/garrafeiragrandeescolha.pt\/it\/wp-json\/wp\/v2\/product_brand?post=13160"},{"taxonomy":"product_cat","embeddable":true,"href":"https:\/\/garrafeiragrandeescolha.pt\/it\/wp-json\/wp\/v2\/product_cat?post=13160"},{"taxonomy":"product_tag","embeddable":true,"href":"https:\/\/garrafeiragrandeescolha.pt\/it\/wp-json\/wp\/v2\/product_tag?post=13160"}],"curies":[{"name":"wp","href":"https:\/\/api.w.org\/{rel}","templated":true}]}}