{"id":13296,"date":"2020-04-11T18:11:42","date_gmt":"2020-04-11T18:11:42","guid":{"rendered":"http:\/\/garrafeiragrandeescolha.pt\/?post_type=product&#038;p=13296"},"modified":"2026-03-21T11:27:48","modified_gmt":"2026-03-21T11:27:48","slug":"porto-portal-vintage-2000-15l","status":"publish","type":"product","link":"https:\/\/garrafeiragrandeescolha.pt\/it\/prodotto\/porto-portal-vintage-2000-15l\/","title":{"rendered":"Porto Portal Vintage 2000 Magnum 1,5L"},"content":{"rendered":"<p><img decoding=\"async\" class=\"size-full wp-image-15400 aligncenter\" src=\"http:\/\/garrafeiragrandeescolha.pt\/wp-content\/uploads\/2022\/02\/portal-logo.png\" alt=\"\" width=\"188\" height=\"186\" srcset=\"https:\/\/garrafeiragrandeescolha.pt\/wp-content\/uploads\/2022\/02\/portal-logo.png 188w, https:\/\/garrafeiragrandeescolha.pt\/wp-content\/uploads\/2022\/02\/portal-logo-100x100.png 100w\" sizes=\"(max-width: 188px) 100vw, 188px\" \/><\/p>\n<p>UN\u00a0<strong>Quinta do Portal<\/strong> \u00e8 una casa portoghese, familiare e indipendente che ha abbracciato con passione il concetto di \u201cBoutique Winery\u201d. \u00c8 dedicato alla produzione di vini del Douro, vini di Porto di categorie speciali, ma anche moscati e olio d&#039;oliva.<\/p>\n<p>Questo progetto si concretizz\u00f2 all&#039;inizio degli anni &#039;90 del secolo. XX, era basato su Quinta dos Muros, una propriet\u00e0 secolare della famiglia Mansilha, e sul vino di Porto che vi veniva prodotto da 4 generazioni. Con una visione del futuro, ha immediatamente investito nella creazione di vini Douro di livello mondiale, facendo parte del primo gruppo della nuova generazione di produttori di Douro che, a tempo debito, hanno creduto nel potenziale dei vini fermi del Douro.<\/p>\n<p>Al timone dell&#039;enologia e della produzione c&#039;\u00e8 Paulo Coutinho, che \u00e8 con noi dal 1994. Con il supporto tecnico di Pascal Chatonnet sui vini del Douro dal 1992, e ha avuto anche il privilegio di lavorare con Jeremy Bull sui vini di Porto a cavallo del secolo .<\/p>\n<p>La qualit\u00e0 \u00e8 sempre stata il motto, come dimostrano i numerosi riconoscimenti nazionali e internazionali assegnati sia ai vini e agli oli d&#039;oliva che ai vari servizi di Quinta do Portal.<\/p>\n<p>I vigneti di Quinta do Portal sono sottoposti al processo di Produzione Integrata, che richiede il rispetto di determinati standard per garantire la tutela dell&#039;ambiente.<br \/>\nMembri del Protocollo di Porto, un movimento i cui valori sono SOSTENIBILIT\u00c0, OTTIMISMO e CONDIVISIONE attraverso Responsabilit\u00e0, Collaborazione e Impegno. La Mission \u00e8 promuovere un\u2019azione collaborativa riunendo una rete di \u201coperatori\u201d del cambiamento e soluzioni fattibili in termini di clima per il mondo del vino, e la Vision \u00e8 quella di avere un mondo in cui le aziende uniscono le forze e agiscono insieme per ritardare e cambiare i cambiamenti climatici.<\/p>\n<p>Nei vigneti alcune delle pratiche utilizzate includono:<br \/>\n&gt; non mobilizzazione del terreno tra i filari;<br \/>\n&gt; interramento nel terreno di legna da ardere di potatura;<br \/>\n&gt; nessun utilizzo di erbicidi residui;<br \/>\n&gt; basse portate volumetriche nell&#039;applicazione di fitofarmaci;<br \/>\n&gt; crescente utilizzo di correttivi organici;<br \/>\n&gt; strategia di applicare prodotti fitosanitari solo quando viene raggiunto il livello economico di attacco;<br \/>\n&gt; impianto di vigneti in sistema \u201cVinha ao Alto\u201d fino a 40% di pendenza del terreno, e da 40 a 60% impianto su terrazze con filare di vite. Ci\u00f2 evita l&#039;uso di erbicidi sui pendii e anche la loro altezza \u00e8 inferiore.<\/p>\n<p>Con le pratiche descritte \u00e8 possibile proteggere gli organismi ausiliari, in particolare quelli della famiglia dei coccinellidi.<br \/>\nDa segnalare anche la ricomparsa degli stormi di pernici nei vigneti.<\/p>","protected":false},"excerpt":{"rendered":"<div class=\"col-md-6\">\n<div class=\"cbp-l-project-container\">\n<div class=\"col-md-12\">\n<div class=\"cbp-l-project-desc-text\">\n<p>O\u00a0Vintage 2000 foi o nosso primeiro Porto a ser premiado com uma Medalha de Ouro no prestigiado concurso &#8220;International Wine Challenge&#8221; e abriu caminho para a fant\u00e1stica dupla declara\u00e7\u00e3o dos 2003.<br \/>\nEste \u00e9 um vinho para nos acompanhar durante d\u00e9cadas. Com uma aur\u00e9ola p\u00farpura opaca, no nariz sobressaem ameixa e frutos pretos. Encorpado, mas suave e elegante, com um cassis delicioso e perfil marcado por amoras.<\/p>\n<\/div>\n<\/div>\n<\/div>\n<\/div>","protected":false},"featured_media":10324,"template":"","meta":{"_exactmetrics_skip_tracking":false,"_exactmetrics_sitenote_active":false,"_exactmetrics_sitenote_note":"","_exactmetrics_sitenote_category":0,"_uf_show_specific_survey":0,"_uf_disable_surveys":false,"iawp_total_views":11},"product_brand":[],"product_cat":[201,159,168],"product_tag":[],"class_list":{"0":"post-13296","1":"product","2":"type-product","3":"status-publish","4":"has-post-thumbnail","6":"product_cat-grandes-vinhos","7":"product_cat-portos","8":"product_cat-vintage","10":"first","11":"instock","12":"shipping-taxable","13":"purchasable","14":"product-type-simple"},"_links":{"self":[{"href":"https:\/\/garrafeiragrandeescolha.pt\/it\/wp-json\/wp\/v2\/product\/13296","targetHints":{"allow":["GET"]}}],"collection":[{"href":"https:\/\/garrafeiragrandeescolha.pt\/it\/wp-json\/wp\/v2\/product"}],"about":[{"href":"https:\/\/garrafeiragrandeescolha.pt\/it\/wp-json\/wp\/v2\/types\/product"}],"wp:featuredmedia":[{"embeddable":true,"href":"https:\/\/garrafeiragrandeescolha.pt\/it\/wp-json\/wp\/v2\/media\/10324"}],"wp:attachment":[{"href":"https:\/\/garrafeiragrandeescolha.pt\/it\/wp-json\/wp\/v2\/media?parent=13296"}],"wp:term":[{"taxonomy":"product_brand","embeddable":true,"href":"https:\/\/garrafeiragrandeescolha.pt\/it\/wp-json\/wp\/v2\/product_brand?post=13296"},{"taxonomy":"product_cat","embeddable":true,"href":"https:\/\/garrafeiragrandeescolha.pt\/it\/wp-json\/wp\/v2\/product_cat?post=13296"},{"taxonomy":"product_tag","embeddable":true,"href":"https:\/\/garrafeiragrandeescolha.pt\/it\/wp-json\/wp\/v2\/product_tag?post=13296"}],"curies":[{"name":"wp","href":"https:\/\/api.w.org\/{rel}","templated":true}]}}