{"id":13486,"date":"2020-04-17T11:41:18","date_gmt":"2020-04-17T11:41:18","guid":{"rendered":"http:\/\/garrafeiragrandeescolha.pt\/?post_type=product&#038;p=13486"},"modified":"2024-10-22T11:22:54","modified_gmt":"2024-10-22T11:22:54","slug":"taittinger-brut-reserve-75cl","status":"publish","type":"product","link":"https:\/\/garrafeiragrandeescolha.pt\/it\/prodotto\/taittinger-brut-reserve-75cl\/","title":{"rendered":"Taittinger Brut Reserve 75cl"},"content":{"rendered":"<p><span>A fam\u00edlia Taittinger administra a Champagne House h\u00e1 quase um s\u00e9culo.\u00a0<\/span><span>Seu objetivo sempre foi a busca pela excel\u00eancia.\u00a0<\/span><span>\u201cTer o sobrenome em uma garrafa exige exig\u00eancias e responsabilidades a cada minuto.\u00a0<\/span><span>O nome na garrafa transmite tanto as habilidades quanto os conhecimentos do passado e um compromisso com o futuro \u201d.\u00a0<\/span><span>Pierre Emmanuel Taittinger personifica esse compromisso h\u00e1 40 anos, e hoje ele o compartilha com seu filho Clovis e sua filha Vitalie, que trabalham ao lado dele no dia-a-dia da Casa de Champanhe.\u00a0<\/span><span>Juntos, eles criam um trio familiar muito unido e complementar.<\/span><\/p>","protected":false},"excerpt":{"rendered":"<p><span>A alta propor\u00e7\u00e3o de Chardonnay (40%) permite que o Brut R\u00e9serve alcance todo o seu potencial arom\u00e1tico depois de amadurecer por 3 a 4 anos nas adegas.\u00a0<\/span><span>\u00c9 incomum uma mistura n\u00e3o-vintage ter uma quantidade t\u00e3o alta de Chardonnay, e \u00e9 isso que torna essa mistura n\u00e3o-vintage t\u00e3o equilibrada, consistente e de renome mundial.\u00a0<\/span><span>\u00c9 um excelente champanhe, adequado para qualquer ocasi\u00e3o.<\/span><\/p>","protected":false},"featured_media":3736,"template":"","meta":{"_exactmetrics_skip_tracking":false,"_exactmetrics_sitenote_active":false,"_exactmetrics_sitenote_note":"","_exactmetrics_sitenote_category":0,"_uf_show_specific_survey":0,"_uf_disable_surveys":false,"iawp_total_views":9},"product_brand":[],"product_cat":[160,178],"product_tag":[],"class_list":{"0":"post-13486","1":"product","2":"type-product","3":"status-publish","4":"has-post-thumbnail","6":"product_cat-espumantes","7":"product_cat-champagne","9":"first","10":"instock","11":"shipping-taxable","12":"purchasable","13":"product-type-simple"},"_links":{"self":[{"href":"https:\/\/garrafeiragrandeescolha.pt\/it\/wp-json\/wp\/v2\/product\/13486","targetHints":{"allow":["GET"]}}],"collection":[{"href":"https:\/\/garrafeiragrandeescolha.pt\/it\/wp-json\/wp\/v2\/product"}],"about":[{"href":"https:\/\/garrafeiragrandeescolha.pt\/it\/wp-json\/wp\/v2\/types\/product"}],"wp:featuredmedia":[{"embeddable":true,"href":"https:\/\/garrafeiragrandeescolha.pt\/it\/wp-json\/wp\/v2\/media\/3736"}],"wp:attachment":[{"href":"https:\/\/garrafeiragrandeescolha.pt\/it\/wp-json\/wp\/v2\/media?parent=13486"}],"wp:term":[{"taxonomy":"product_brand","embeddable":true,"href":"https:\/\/garrafeiragrandeescolha.pt\/it\/wp-json\/wp\/v2\/product_brand?post=13486"},{"taxonomy":"product_cat","embeddable":true,"href":"https:\/\/garrafeiragrandeescolha.pt\/it\/wp-json\/wp\/v2\/product_cat?post=13486"},{"taxonomy":"product_tag","embeddable":true,"href":"https:\/\/garrafeiragrandeescolha.pt\/it\/wp-json\/wp\/v2\/product_tag?post=13486"}],"curies":[{"name":"wp","href":"https:\/\/api.w.org\/{rel}","templated":true}]}}