{"id":13497,"date":"2020-04-17T13:24:17","date_gmt":"2020-04-17T13:24:17","guid":{"rendered":"http:\/\/garrafeiragrandeescolha.pt\/?post_type=product&#038;p=13497"},"modified":"2024-04-03T08:51:17","modified_gmt":"2024-04-03T08:51:17","slug":"monte-das-servas-escolha-tinto-75cl","status":"publish","type":"product","link":"https:\/\/garrafeiragrandeescolha.pt\/it\/prodotto\/monte-das-servas-escolha-tinto-75cl\/","title":{"rendered":"Monte das Servas Escolha Rossa 75cl"},"content":{"rendered":"","protected":false},"excerpt":{"rendered":"<p>O Monte das Servas Escolha Tinto \u00e9 um dos dois \u00fanicos vinhos tintos da gama Herdade das Servas que estagia apenas em dep\u00f3sitos de inox.<\/p>\n<p>Apo\u0301s recec\u0327a\u0303o por casta, as uvas sa\u0303o desengac\u0327adas e esmagadas, seguindo-se macerac\u0327a\u0303o pre\u0301-fermentativa. A fermentac\u0327a\u0303o ocorre em cubas de inox com controlo de temperatura.<\/p>\n<p>Vinho li\u0301mpido, vermelho granada, aroma de frutos vermelhos, floral e leves notas vegetais. Elegante, equilibrado, complexo e de final persistente.<\/p>\n<p>Carnes vermelhas, cac\u0327a, queijos e enchidos.<\/p>\n<p>Aragonez (40%) Alicante Bouschet (25%) Trincadeira (25%) Syrah (10%)<\/p>","protected":false},"featured_media":3767,"template":"","meta":{"_exactmetrics_skip_tracking":false,"_exactmetrics_sitenote_active":false,"_exactmetrics_sitenote_note":"","_exactmetrics_sitenote_category":0,"_uf_show_specific_survey":0,"_uf_disable_surveys":false,"iawp_total_views":63},"product_brand":[],"product_cat":[157,184,207],"product_tag":[],"class_list":{"0":"post-13497","1":"product","2":"type-product","3":"status-publish","4":"has-post-thumbnail","6":"product_cat-vinhos","7":"product_cat-tinto","8":"product_cat-alentejo","10":"first","11":"instock","12":"shipping-taxable","13":"purchasable","14":"product-type-simple"},"_links":{"self":[{"href":"https:\/\/garrafeiragrandeescolha.pt\/it\/wp-json\/wp\/v2\/product\/13497","targetHints":{"allow":["GET"]}}],"collection":[{"href":"https:\/\/garrafeiragrandeescolha.pt\/it\/wp-json\/wp\/v2\/product"}],"about":[{"href":"https:\/\/garrafeiragrandeescolha.pt\/it\/wp-json\/wp\/v2\/types\/product"}],"wp:featuredmedia":[{"embeddable":true,"href":"https:\/\/garrafeiragrandeescolha.pt\/it\/wp-json\/wp\/v2\/media\/3767"}],"wp:attachment":[{"href":"https:\/\/garrafeiragrandeescolha.pt\/it\/wp-json\/wp\/v2\/media?parent=13497"}],"wp:term":[{"taxonomy":"product_brand","embeddable":true,"href":"https:\/\/garrafeiragrandeescolha.pt\/it\/wp-json\/wp\/v2\/product_brand?post=13497"},{"taxonomy":"product_cat","embeddable":true,"href":"https:\/\/garrafeiragrandeescolha.pt\/it\/wp-json\/wp\/v2\/product_cat?post=13497"},{"taxonomy":"product_tag","embeddable":true,"href":"https:\/\/garrafeiragrandeescolha.pt\/it\/wp-json\/wp\/v2\/product_tag?post=13497"}],"curies":[{"name":"wp","href":"https:\/\/api.w.org\/{rel}","templated":true}]}}