{"id":13502,"date":"2020-04-18T16:47:58","date_gmt":"2020-04-18T16:47:58","guid":{"rendered":"http:\/\/garrafeiragrandeescolha.pt\/?post_type=product&#038;p=13502"},"modified":"2024-11-27T12:14:19","modified_gmt":"2024-11-27T12:14:19","slug":"she-poeira-tinto-2016-75cl","status":"publish","type":"product","link":"https:\/\/garrafeiragrandeescolha.pt\/it\/prodotto\/she-poeira-tinto-2016-75cl\/","title":{"rendered":"She Poeira Tinto 2019 75cl"},"content":{"rendered":"<p style=\"text-align: center\"><img fetchpriority=\"high\" decoding=\"async\" class=\"alignnone size-medium wp-image-15070\" src=\"http:\/\/garrafeiragrandeescolha.pt\/wp-content\/uploads\/2022\/02\/poeira-logo-300x300.jpg\" alt=\"\" width=\"300\" height=\"300\" srcset=\"https:\/\/garrafeiragrandeescolha.pt\/wp-content\/uploads\/2022\/02\/poeira-logo-300x300.jpg 300w, https:\/\/garrafeiragrandeescolha.pt\/wp-content\/uploads\/2022\/02\/poeira-logo-150x150.jpg 150w, https:\/\/garrafeiragrandeescolha.pt\/wp-content\/uploads\/2022\/02\/poeira-logo-768x768.jpg 768w, https:\/\/garrafeiragrandeescolha.pt\/wp-content\/uploads\/2022\/02\/poeira-logo-600x600.jpg 600w, https:\/\/garrafeiragrandeescolha.pt\/wp-content\/uploads\/2022\/02\/poeira-logo-100x100.jpg 100w, https:\/\/garrafeiragrandeescolha.pt\/wp-content\/uploads\/2022\/02\/poeira-logo.jpg 900w\" sizes=\"(max-width: 300px) 100vw, 300px\" \/><\/p>\n<p>L&#039;azienda agricola si trova a Provesende, estendendosi lungo un pendio della Valle Pinh\u00e3o, sulla riva destra del fiume omonimo. Si compone di nove ettari di vigneto, due ettari di uliveto e tre ettari di bosco. Il vigneto ha un&#039;esposizione a nord, fattore fondamentale nel determinare lo stile del vino da tavola dell&#039;azienda. Le temperature nella regione sono sempre estremamente elevate in estate e, sul versante settentrionale, le uve possono maturare pi\u00f9 gradualmente, preservando meglio aromi, sapori e acidit\u00e0. L&#039;edificio in rovina accanto al vecchio arancio \u00e8 stato restaurato e ora funge da abitazione e azienda vinicola, in un paesaggio mozzafiato e intenso tra i vigneti. La cantina \u00e8 minimalista, con quattro tradizionali torchi in pietra (a temperatura controllata) e un vecchio torchio verticale. Dispone inoltre di una cantina per l&#039;invecchiamento in botti climatizzata con spesse pareti in ardesia. \u00c8 una cantina progettata per sviluppare i vini molto lentamente e con grande cura, dotata di tutto il necessario per raggiungere la piena espressione del suo terroir.<\/p>","protected":false},"excerpt":{"rendered":"<p>Tudo muito afinado e elegante, 100% touriga franca e um grau alco\u00f3lico moderado, estamos perante um vinho de perfil feminino, apesar de viril e estruturado. Grande estreia de Olga Martins na assinatura de um vinho, criando expectativa em rela\u00e7\u00e3o a t\u00edtulos futuros.<\/p>","protected":false},"featured_media":3792,"template":"","meta":{"_exactmetrics_skip_tracking":false,"_exactmetrics_sitenote_active":false,"_exactmetrics_sitenote_note":"","_exactmetrics_sitenote_category":0,"_uf_show_specific_survey":0,"_uf_disable_surveys":false,"iawp_total_views":10},"product_brand":[],"product_cat":[157,184,215],"product_tag":[],"class_list":{"0":"post-13502","1":"product","2":"type-product","3":"status-publish","4":"has-post-thumbnail","6":"product_cat-vinhos","7":"product_cat-tinto","8":"product_cat-douro","10":"first","11":"instock","12":"shipping-taxable","13":"purchasable","14":"product-type-simple"},"_links":{"self":[{"href":"https:\/\/garrafeiragrandeescolha.pt\/it\/wp-json\/wp\/v2\/product\/13502","targetHints":{"allow":["GET"]}}],"collection":[{"href":"https:\/\/garrafeiragrandeescolha.pt\/it\/wp-json\/wp\/v2\/product"}],"about":[{"href":"https:\/\/garrafeiragrandeescolha.pt\/it\/wp-json\/wp\/v2\/types\/product"}],"wp:featuredmedia":[{"embeddable":true,"href":"https:\/\/garrafeiragrandeescolha.pt\/it\/wp-json\/wp\/v2\/media\/3792"}],"wp:attachment":[{"href":"https:\/\/garrafeiragrandeescolha.pt\/it\/wp-json\/wp\/v2\/media?parent=13502"}],"wp:term":[{"taxonomy":"product_brand","embeddable":true,"href":"https:\/\/garrafeiragrandeescolha.pt\/it\/wp-json\/wp\/v2\/product_brand?post=13502"},{"taxonomy":"product_cat","embeddable":true,"href":"https:\/\/garrafeiragrandeescolha.pt\/it\/wp-json\/wp\/v2\/product_cat?post=13502"},{"taxonomy":"product_tag","embeddable":true,"href":"https:\/\/garrafeiragrandeescolha.pt\/it\/wp-json\/wp\/v2\/product_tag?post=13502"}],"curies":[{"name":"wp","href":"https:\/\/api.w.org\/{rel}","templated":true}]}}