{"id":13531,"date":"2020-04-21T11:48:09","date_gmt":"2020-04-21T11:48:09","guid":{"rendered":"http:\/\/garrafeiragrandeescolha.pt\/?post_type=product&#038;p=13531"},"modified":"2024-11-16T17:24:19","modified_gmt":"2024-11-16T17:24:19","slug":"champagne-moet-chandon-ice-imperial-75cl","status":"publish","type":"product","link":"https:\/\/garrafeiragrandeescolha.pt\/it\/prodotto\/champagne-moet-chandon-ice-imperial-75cl\/","title":{"rendered":"Champagne Mo\u00ebt &amp; Chandon Ice Imperial 75cl"},"content":{"rendered":"<p><img decoding=\"async\" class=\"size-medium wp-image-15341 aligncenter\" src=\"http:\/\/garrafeiragrandeescolha.pt\/wp-content\/uploads\/2022\/02\/Moet-Chandon-logo-300x150.jpg\" alt=\"\" width=\"300\" height=\"150\" srcset=\"https:\/\/garrafeiragrandeescolha.pt\/wp-content\/uploads\/2022\/02\/Moet-Chandon-logo-300x150.jpg 300w, https:\/\/garrafeiragrandeescolha.pt\/wp-content\/uploads\/2022\/02\/Moet-Chandon-logo-1024x512.jpg 1024w, https:\/\/garrafeiragrandeescolha.pt\/wp-content\/uploads\/2022\/02\/Moet-Chandon-logo-768x384.jpg 768w, https:\/\/garrafeiragrandeescolha.pt\/wp-content\/uploads\/2022\/02\/Moet-Chandon-logo-1536x768.jpg 1536w, https:\/\/garrafeiragrandeescolha.pt\/wp-content\/uploads\/2022\/02\/Moet-Chandon-logo-600x300.jpg 600w, https:\/\/garrafeiragrandeescolha.pt\/wp-content\/uploads\/2022\/02\/Moet-Chandon-logo.jpg 2048w\" sizes=\"(max-width: 300px) 100vw, 300px\" \/><\/p>\n<p>Il leggendario Mo\u00ebt &amp; Chandon festeggia 270 anni come lo champagne pi\u00f9 amato al mondo. Per pi\u00f9 di un quarto di millennio, il rinomato produttore di vino francese ha condiviso la magia dello Champagne in tutto il mondo. Ogni tazza trabocca dei valori che definiscono la storia: generosit\u00e0, generosit\u00e0, saggezza, successo, audacia ed eleganza - valori ancora al centro del suo fascino globale. Alla fine del XVIII secolo, Jean-Remy Mo\u00ebt, nipote del fondatore Claude Mo\u00ebt, divenne famoso come l&#039;uomo che introdusse lo champagne nel mondo. I personaggi pi\u00f9 importanti dell&#039;epoca, dalla marchesa di Pompadour a Talleyrand e Napoleone, si innamorarono presto del vino effervescente della Casa. Mo\u00ebt &amp; Chandon divenne presto l&#039;icona del successo e dell&#039;eleganza che rimane ancora oggi.<\/p>","protected":false},"excerpt":{"rendered":"<p>Ice Imp\u00e9rial, o primeiro e \u00fanico champanhe especialmente criado para ser degustado com gelo.\u00a0Uma nova experi\u00eancia de champanhe que combina sensa\u00e7\u00f5es divertidas, frescas e livres, mantendo-se fiel ao estilo Mo\u00ebt &amp; Chandon, um estilo que se distingue por seu frutado brilhante, seu paladar sedutor e sua maturidade elegante.<\/p>\n<p>O poderoso aroma de frutas tropicais (manga, goiaba)<\/p>\n<p>A suntuosidade das frutas-pedra (nectarina)<\/p>\n<p>Uma nota original de framboesa<\/p>","protected":false},"featured_media":3888,"template":"","meta":{"_exactmetrics_skip_tracking":false,"_exactmetrics_sitenote_active":false,"_exactmetrics_sitenote_note":"","_exactmetrics_sitenote_category":0,"_uf_show_specific_survey":0,"_uf_disable_surveys":false,"iawp_total_views":24},"product_brand":[],"product_cat":[160,178],"product_tag":[],"class_list":{"0":"post-13531","1":"product","2":"type-product","3":"status-publish","4":"has-post-thumbnail","6":"product_cat-espumantes","7":"product_cat-champagne","9":"first","10":"instock","11":"shipping-taxable","12":"purchasable","13":"product-type-simple"},"_links":{"self":[{"href":"https:\/\/garrafeiragrandeescolha.pt\/it\/wp-json\/wp\/v2\/product\/13531","targetHints":{"allow":["GET"]}}],"collection":[{"href":"https:\/\/garrafeiragrandeescolha.pt\/it\/wp-json\/wp\/v2\/product"}],"about":[{"href":"https:\/\/garrafeiragrandeescolha.pt\/it\/wp-json\/wp\/v2\/types\/product"}],"wp:featuredmedia":[{"embeddable":true,"href":"https:\/\/garrafeiragrandeescolha.pt\/it\/wp-json\/wp\/v2\/media\/3888"}],"wp:attachment":[{"href":"https:\/\/garrafeiragrandeescolha.pt\/it\/wp-json\/wp\/v2\/media?parent=13531"}],"wp:term":[{"taxonomy":"product_brand","embeddable":true,"href":"https:\/\/garrafeiragrandeescolha.pt\/it\/wp-json\/wp\/v2\/product_brand?post=13531"},{"taxonomy":"product_cat","embeddable":true,"href":"https:\/\/garrafeiragrandeescolha.pt\/it\/wp-json\/wp\/v2\/product_cat?post=13531"},{"taxonomy":"product_tag","embeddable":true,"href":"https:\/\/garrafeiragrandeescolha.pt\/it\/wp-json\/wp\/v2\/product_tag?post=13531"}],"curies":[{"name":"wp","href":"https:\/\/api.w.org\/{rel}","templated":true}]}}