{"id":13594,"date":"2020-04-22T19:44:33","date_gmt":"2020-04-22T19:44:33","guid":{"rendered":"http:\/\/garrafeiragrandeescolha.pt\/?post_type=product&#038;p=13594"},"modified":"2022-01-25T17:37:05","modified_gmt":"2022-01-25T17:37:05","slug":"gin-originall-epic-70cl","status":"publish","type":"product","link":"https:\/\/garrafeiragrandeescolha.pt\/it\/prodotto\/gin-originall-epic-70cl\/","title":{"rendered":"Gin Originall Epic 70cl"},"content":{"rendered":"","protected":false},"excerpt":{"rendered":"<p><img decoding=\"async\" class=\"alignnone size-full wp-image-3689\" src=\"https:\/\/garrafeiragrandeescolha.pt\/wp-content\/uploads\/2020\/04\/portugal.png\" alt=\"\" width=\"70\" height=\"40\" \/> Origine Portogallo<\/p>\n<p><strong>Aroma:<\/strong>\u00a0Zimbrado, aromatizado com 7 bot\u00e2nicos com predomin\u00e2ncia nos citrinos.<\/p>\n<p><strong>Gusto:<\/strong>\u00a0Suave e Harmonioso.<\/p>\n<p><strong>Composi\u00e7\u00e3o:<\/strong>\u00a0\u00c1lcool Agr\u00edcola e Bot\u00e2nicos.<\/p>\n<p><strong>Aspecto:<\/strong>\u00a0Cristalino e Incolor<\/p>\n<p>Processo de destila\u00e7\u00e3o em alambiques tradicionais;<\/p>\n<p>Os destilados dos bot\u00e2nicos Naturais criteriosamente seleccionados de forma a conferir caracter\u00edsticas naturais.<\/p>\n<p><span class=\"s1\">A \u00e1gua utilizada no processo t\u00eam um grau de pureza elevado com origem na regi\u00e3o.<\/span><\/p>","protected":false},"featured_media":4097,"template":"","meta":{"_exactmetrics_skip_tracking":false,"_exactmetrics_sitenote_active":false,"_exactmetrics_sitenote_note":"","_exactmetrics_sitenote_category":0,"_uf_show_specific_survey":0,"_uf_disable_surveys":false,"iawp_total_views":2},"product_brand":[],"product_cat":[158,183],"product_tag":[],"class_list":{"0":"post-13594","1":"product","2":"type-product","3":"status-publish","4":"has-post-thumbnail","6":"product_cat-espirituosos","7":"product_cat-gin","9":"first","10":"instock","11":"shipping-taxable","12":"purchasable","13":"product-type-simple"},"_links":{"self":[{"href":"https:\/\/garrafeiragrandeescolha.pt\/it\/wp-json\/wp\/v2\/product\/13594","targetHints":{"allow":["GET"]}}],"collection":[{"href":"https:\/\/garrafeiragrandeescolha.pt\/it\/wp-json\/wp\/v2\/product"}],"about":[{"href":"https:\/\/garrafeiragrandeescolha.pt\/it\/wp-json\/wp\/v2\/types\/product"}],"wp:featuredmedia":[{"embeddable":true,"href":"https:\/\/garrafeiragrandeescolha.pt\/it\/wp-json\/wp\/v2\/media\/4097"}],"wp:attachment":[{"href":"https:\/\/garrafeiragrandeescolha.pt\/it\/wp-json\/wp\/v2\/media?parent=13594"}],"wp:term":[{"taxonomy":"product_brand","embeddable":true,"href":"https:\/\/garrafeiragrandeescolha.pt\/it\/wp-json\/wp\/v2\/product_brand?post=13594"},{"taxonomy":"product_cat","embeddable":true,"href":"https:\/\/garrafeiragrandeescolha.pt\/it\/wp-json\/wp\/v2\/product_cat?post=13594"},{"taxonomy":"product_tag","embeddable":true,"href":"https:\/\/garrafeiragrandeescolha.pt\/it\/wp-json\/wp\/v2\/product_tag?post=13594"}],"curies":[{"name":"wp","href":"https:\/\/api.w.org\/{rel}","templated":true}]}}