{"id":13619,"date":"2020-04-23T16:03:08","date_gmt":"2020-04-23T16:03:08","guid":{"rendered":"http:\/\/garrafeiragrandeescolha.pt\/?post_type=product&#038;p=13619"},"modified":"2024-11-09T12:22:28","modified_gmt":"2024-11-09T12:22:28","slug":"casa-de-mouraz-branco-bio","status":"publish","type":"product","link":"https:\/\/garrafeiragrandeescolha.pt\/it\/prodotto\/casa-de-mouraz-branco-bio\/","title":{"rendered":"Casa de Mouraz Encruzado Branco Bio  2022 75cl"},"content":{"rendered":"<p><img decoding=\"async\" class=\"size-medium wp-image-15065 aligncenter\" src=\"http:\/\/garrafeiragrandeescolha.pt\/wp-content\/uploads\/2022\/02\/casa-de-mouraz-logo-300x160.png\" alt=\"\" width=\"300\" height=\"160\" srcset=\"https:\/\/garrafeiragrandeescolha.pt\/wp-content\/uploads\/2022\/02\/casa-de-mouraz-logo-300x160.png 300w, https:\/\/garrafeiragrandeescolha.pt\/wp-content\/uploads\/2022\/02\/casa-de-mouraz-logo.png 307w\" sizes=\"(max-width: 300px) 100vw, 300px\" \/><\/p>\n<p class=\"p1\">CASA de MOURAZ \u00e8 nata nel 2000. Quell&#039;anno abbiamo scambiato Lisbona per Mouraz, nel cuore di D\u00e3o, immergendoci in quella che \u00e8 diventata la nostra avventura di famiglia, il nostro progetto di viticoltura sostenibile e produzione di vini autentici e naturali, che rispettano ed esprimono tutta la ricchezza del suo terroir d&#039;origine.<\/p>\n<p>Mouraz \u00e8 il luogo di nascita di Ant\u00f3nio, un villaggio dove la sua famiglia coltiva vigneti in modo olistico ed ecologico da diverse generazioni.<br \/>\nL&#039;azienda agricola si sviluppa su diversi appezzamenti di vigneto con terreni, altitudini e dintorni diversi, per un totale di 25 ettari di terreno. Vecchie vigne di circa 50 anni e vigneti di recente impianto convivono con il bosco di pini, querce, castagni e sughere, in un paesaggio segnato da dolci colline solcate da piccoli ruscelli. Nel suolo predomina il granito e le altitudini variano tra i 200 ei 400 metri. I vitigni sono esclusivamente portoghesi, con una predominanza di variet\u00e0 tipiche D\u00e3o come Touriga-Nacional, Tinta-Roriz, Alfrocheiro, Jaen, \u00c1gua-Santa o Baga (nei rossi), Encruzado, Malvasia-Fina, Bical e Cerceal (nei bianchi ).<\/p>","protected":false},"excerpt":{"rendered":"<p><img decoding=\"async\" class=\"alignnone size-full wp-image-15124\" src=\"http:\/\/garrafeiragrandeescolha.pt\/wp-content\/uploads\/2020\/04\/bio.jpg\" alt=\"\" width=\"80\" height=\"53\" \/>Castas Encruzado<\/p>\n<p class=\"p1\"><span class=\"s1\">A excel\u00eancia da casta Encruzado, a casta branca mais nobre do D\u00e3o. Floral e mineral, fresco e estruturado, o equil\u00edbrio sob a forma de vinho.\u00a0<\/span><\/p>\n<p class=\"p1\"><span class=\"s1\">Vinha: V\u00e1rias parcelas de vinha com solo gran\u00edtico e idade m\u00e9dia entre os 30 anos.<\/span><\/p>\n<p>Delicioso com queijo, massas e alguns pratos italianos, assim como peixes gordos (bacalhau, salm\u00e3o, atum). Tamb\u00e9m acompanha bem pratos de carnes brancas.<\/p>","protected":false},"featured_media":4165,"template":"","meta":{"_exactmetrics_skip_tracking":false,"_exactmetrics_sitenote_active":false,"_exactmetrics_sitenote_note":"","_exactmetrics_sitenote_category":0,"_uf_show_specific_survey":0,"_uf_disable_surveys":false,"iawp_total_views":4},"product_brand":[],"product_cat":[185,209,157],"product_tag":[],"class_list":{"0":"post-13619","1":"product","2":"type-product","3":"status-publish","4":"has-post-thumbnail","6":"product_cat-branco","7":"product_cat-dao","8":"product_cat-vinhos","10":"first","11":"instock","12":"shipping-taxable","13":"purchasable","14":"product-type-simple"},"_links":{"self":[{"href":"https:\/\/garrafeiragrandeescolha.pt\/it\/wp-json\/wp\/v2\/product\/13619","targetHints":{"allow":["GET"]}}],"collection":[{"href":"https:\/\/garrafeiragrandeescolha.pt\/it\/wp-json\/wp\/v2\/product"}],"about":[{"href":"https:\/\/garrafeiragrandeescolha.pt\/it\/wp-json\/wp\/v2\/types\/product"}],"wp:featuredmedia":[{"embeddable":true,"href":"https:\/\/garrafeiragrandeescolha.pt\/it\/wp-json\/wp\/v2\/media\/4165"}],"wp:attachment":[{"href":"https:\/\/garrafeiragrandeescolha.pt\/it\/wp-json\/wp\/v2\/media?parent=13619"}],"wp:term":[{"taxonomy":"product_brand","embeddable":true,"href":"https:\/\/garrafeiragrandeescolha.pt\/it\/wp-json\/wp\/v2\/product_brand?post=13619"},{"taxonomy":"product_cat","embeddable":true,"href":"https:\/\/garrafeiragrandeescolha.pt\/it\/wp-json\/wp\/v2\/product_cat?post=13619"},{"taxonomy":"product_tag","embeddable":true,"href":"https:\/\/garrafeiragrandeescolha.pt\/it\/wp-json\/wp\/v2\/product_tag?post=13619"}],"curies":[{"name":"wp","href":"https:\/\/api.w.org\/{rel}","templated":true}]}}