{"id":13635,"date":"2020-04-24T17:50:50","date_gmt":"2020-04-24T17:50:50","guid":{"rendered":"http:\/\/garrafeiragrandeescolha.pt\/?post_type=product&#038;p=13635"},"modified":"2023-10-25T15:43:31","modified_gmt":"2023-10-25T15:43:31","slug":"ramilo-touriga-nacional-rosso-75cl","status":"publish","type":"product","link":"https:\/\/garrafeiragrandeescolha.pt\/it\/prodotto\/ramilo-touriga-nacional-rosso-75cl\/","title":{"rendered":"Ramilo Vinhas Velhas Rosso 2017 75cl"},"content":{"rendered":"<p><img fetchpriority=\"high\" decoding=\"async\" class=\"size-full wp-image-15064 aligncenter\" src=\"http:\/\/garrafeiragrandeescolha.pt\/wp-content\/uploads\/2022\/02\/ramilo-logo.png\" alt=\"\" width=\"225\" height=\"225\" srcset=\"https:\/\/garrafeiragrandeescolha.pt\/wp-content\/uploads\/2022\/02\/ramilo-logo.png 225w, https:\/\/garrafeiragrandeescolha.pt\/wp-content\/uploads\/2022\/02\/ramilo-logo-150x150.png 150w, https:\/\/garrafeiragrandeescolha.pt\/wp-content\/uploads\/2022\/02\/ramilo-logo-100x100.png 100w\" sizes=\"(max-width: 225px) 100vw, 225px\" \/><\/p>\n<p>2013. Questo \u00e8 stato l&#039;anno in cui i fratelli Pedro e Nuno Ramilo, sfidati dal padre, hanno deciso di abbracciare una tradizione familiare che dura da 4 generazioni. Lo hanno fatto, ma a una condizione: che fosse a modo loro. Da quel momento in poi non sarebbero pi\u00f9 stati solo un altro produttore, con vini buoni uguali agli altri.<\/p>\n<p>Meglio conosciuta per i suoi palazzi e la natura verdeggiante, la regione un tempo era una localit\u00e0 di villeggiatura estiva per re e ricchi reali europei. \u00c8 conosciuta ancora oggi per le sue spiagge dal clima incontaminato e dalla natura selvaggia, nonch\u00e9 per i famosi vini di Ramisco e Malvasia de Colares, nati sul versante nord della Serra de Sintra.<br \/>\n\u00c8 in questo scenario che crescono le nostre uve, diffuse dalla tipica regione di Colares fino alle pendici della valle del fiume Lizandro, vicino a Mafra, sempre con l&#039;Atlantico in vista e la Serra de Sintra come sfondo.<\/p>","protected":false},"excerpt":{"rendered":"<p>Uve: vigneti Castel\u00e3o di oltre 40 anni<\/p>\n<p>\u201cColore medio, molto elegante e profumo di frutta fresca. In bocca sorprendono l\u2019eleganza, la freschezza e la salinit\u00e0.\u201d<br \/>\nAbbinamenti: Piatti intensi di carne e pesce al forno.<\/p>","protected":false},"featured_media":4219,"template":"","meta":{"_exactmetrics_skip_tracking":false,"_exactmetrics_sitenote_active":false,"_exactmetrics_sitenote_note":"","_exactmetrics_sitenote_category":0,"_uf_show_specific_survey":0,"_uf_disable_surveys":false,"iawp_total_views":20},"product_brand":[],"product_cat":[157,184,210],"product_tag":[],"class_list":{"0":"post-13635","1":"product","2":"type-product","3":"status-publish","4":"has-post-thumbnail","6":"product_cat-vinhos","7":"product_cat-tinto","8":"product_cat-lisboa","10":"first","11":"instock","12":"shipping-taxable","13":"purchasable","14":"product-type-simple"},"_links":{"self":[{"href":"https:\/\/garrafeiragrandeescolha.pt\/it\/wp-json\/wp\/v2\/product\/13635","targetHints":{"allow":["GET"]}}],"collection":[{"href":"https:\/\/garrafeiragrandeescolha.pt\/it\/wp-json\/wp\/v2\/product"}],"about":[{"href":"https:\/\/garrafeiragrandeescolha.pt\/it\/wp-json\/wp\/v2\/types\/product"}],"wp:featuredmedia":[{"embeddable":true,"href":"https:\/\/garrafeiragrandeescolha.pt\/it\/wp-json\/wp\/v2\/media\/4219"}],"wp:attachment":[{"href":"https:\/\/garrafeiragrandeescolha.pt\/it\/wp-json\/wp\/v2\/media?parent=13635"}],"wp:term":[{"taxonomy":"product_brand","embeddable":true,"href":"https:\/\/garrafeiragrandeescolha.pt\/it\/wp-json\/wp\/v2\/product_brand?post=13635"},{"taxonomy":"product_cat","embeddable":true,"href":"https:\/\/garrafeiragrandeescolha.pt\/it\/wp-json\/wp\/v2\/product_cat?post=13635"},{"taxonomy":"product_tag","embeddable":true,"href":"https:\/\/garrafeiragrandeescolha.pt\/it\/wp-json\/wp\/v2\/product_tag?post=13635"}],"curies":[{"name":"wp","href":"https:\/\/api.w.org\/{rel}","templated":true}]}}