{"id":13677,"date":"2020-04-26T09:57:32","date_gmt":"2020-04-26T09:57:32","guid":{"rendered":"http:\/\/garrafeiragrandeescolha.pt\/?post_type=product&#038;p=13677"},"modified":"2026-04-04T09:20:42","modified_gmt":"2026-04-04T09:20:42","slug":"quinta-da-caldeirinha-bio-tinto-2015-75cl","status":"publish","type":"product","link":"https:\/\/garrafeiragrandeescolha.pt\/it\/prodotto\/quinta-da-caldeirinha-bio-tinto-2015-75cl\/","title":{"rendered":"Quinta da Caldeirinha Bio Tinto 75cl"},"content":{"rendered":"<p><img decoding=\"async\" class=\"size-full wp-image-21658 aligncenter\" src=\"https:\/\/garrafeiragrandeescolha.pt\/wp-content\/uploads\/2020\/04\/transferir.jpg\" alt=\"\" width=\"198\" height=\"185\" srcset=\"https:\/\/garrafeiragrandeescolha.pt\/wp-content\/uploads\/2020\/04\/transferir.jpg 198w, https:\/\/garrafeiragrandeescolha.pt\/wp-content\/uploads\/2020\/04\/transferir-13x12.jpg 13w\" sizes=\"(max-width: 198px) 100vw, 198px\" \/><\/p>\n<p>A\u00a0Quinta da Caldeirinha, situada em Almofala (Figueira de Castelo Rodrigo) no Parque Natural do Douro Internacional, \u00e9 um produtor de refer\u00eancia na Beira Interior, focado em vinhos e azeites biol\u00f3gicos de altitude. Combinando tradi\u00e7\u00e3o familiar e agricultura sustent\u00e1vel (certificada pela SATIVA), a quinta produz vinhos frescos, elegantes e com grande potencial de envelhecimento, utilizando castas aut\u00f3ctones e internacionais<\/p>","protected":false},"excerpt":{"rendered":"<p><img decoding=\"async\" class=\"alignnone  wp-image-21660\" src=\"https:\/\/garrafeiragrandeescolha.pt\/wp-content\/uploads\/2020\/04\/transferir-300x169.webp\" alt=\"\" width=\"151\" height=\"85\" srcset=\"https:\/\/garrafeiragrandeescolha.pt\/wp-content\/uploads\/2020\/04\/transferir-300x169.webp 300w, https:\/\/garrafeiragrandeescolha.pt\/wp-content\/uploads\/2020\/04\/transferir-1024x576.webp 1024w, https:\/\/garrafeiragrandeescolha.pt\/wp-content\/uploads\/2020\/04\/transferir-768x432.webp 768w, https:\/\/garrafeiragrandeescolha.pt\/wp-content\/uploads\/2020\/04\/transferir-1536x864.webp 1536w, https:\/\/garrafeiragrandeescolha.pt\/wp-content\/uploads\/2020\/04\/transferir-18x10.webp 18w, https:\/\/garrafeiragrandeescolha.pt\/wp-content\/uploads\/2020\/04\/transferir-600x337.webp 600w\" sizes=\"(max-width: 151px) 100vw, 151px\" \/><\/p>\n<p>Castas: Rufete, Marufo, Alicante Bouschet, Syrah, Tinta Roriz, Cabernet Sauvignon, Touriga Nacional<\/p>\n<p>Vinificado com uvas provenientes de agricultura biol\u00f3gica e macera\u00e7\u00e3o pelicular prolongada que lhe confere estrutura e longevidade. Estagiou em madeira de carvalho franc\u00eas. Vinho estabilizado naturalmente, o que pode criar dep\u00f3sito com o tempo.<\/p>\n<p>Vinho com cor granada e aroma a frutos vermelhos. Fresco, jovem, equil\u00edbrio de castas, conferindo boa capacidade gastron\u00f3mica.<\/p>","protected":false},"featured_media":4335,"template":"","meta":{"_exactmetrics_skip_tracking":false,"_exactmetrics_sitenote_active":false,"_exactmetrics_sitenote_note":"","_exactmetrics_sitenote_category":0,"_uf_show_specific_survey":0,"_uf_disable_surveys":false,"iawp_total_views":19},"product_brand":[],"product_cat":[157,184,211],"product_tag":[],"class_list":{"0":"post-13677","1":"product","2":"type-product","3":"status-publish","4":"has-post-thumbnail","6":"product_cat-vinhos","7":"product_cat-tinto","8":"product_cat-beiras","10":"first","11":"instock","12":"shipping-taxable","13":"purchasable","14":"product-type-simple"},"_links":{"self":[{"href":"https:\/\/garrafeiragrandeescolha.pt\/it\/wp-json\/wp\/v2\/product\/13677","targetHints":{"allow":["GET"]}}],"collection":[{"href":"https:\/\/garrafeiragrandeescolha.pt\/it\/wp-json\/wp\/v2\/product"}],"about":[{"href":"https:\/\/garrafeiragrandeescolha.pt\/it\/wp-json\/wp\/v2\/types\/product"}],"wp:featuredmedia":[{"embeddable":true,"href":"https:\/\/garrafeiragrandeescolha.pt\/it\/wp-json\/wp\/v2\/media\/4335"}],"wp:attachment":[{"href":"https:\/\/garrafeiragrandeescolha.pt\/it\/wp-json\/wp\/v2\/media?parent=13677"}],"wp:term":[{"taxonomy":"product_brand","embeddable":true,"href":"https:\/\/garrafeiragrandeescolha.pt\/it\/wp-json\/wp\/v2\/product_brand?post=13677"},{"taxonomy":"product_cat","embeddable":true,"href":"https:\/\/garrafeiragrandeescolha.pt\/it\/wp-json\/wp\/v2\/product_cat?post=13677"},{"taxonomy":"product_tag","embeddable":true,"href":"https:\/\/garrafeiragrandeescolha.pt\/it\/wp-json\/wp\/v2\/product_tag?post=13677"}],"curies":[{"name":"wp","href":"https:\/\/api.w.org\/{rel}","templated":true}]}}